{"id":7019,"date":"2025-07-10T16:11:42","date_gmt":"2025-07-10T22:11:42","guid":{"rendered":"https:\/\/libreriahistoriasdebolsillo.com\/?post_type=product&#038;p=7019"},"modified":"2026-03-27T17:27:48","modified_gmt":"2026-03-27T23:27:48","slug":"munich","status":"publish","type":"product","link":"https:\/\/libreriahistoriasdebolsillo.com\/index.php\/producto\/munich\/","title":{"rendered":"Munich"},"content":{"rendered":"<p><b>Septiembre de 1938. Adolf Hitler est\u00e1 decidido a invadir Checoslovaquia para devolver a Alemania un territorio que considera suyo.<\/b><\/p>\n<p>La guerra parece inevitable; en los parques de Londres se cavan\u00a0<b>trincheras<\/b>\u00a0mientras en las casas los ni\u00f1os aprenden a ponerse las m\u00e1scaras antig\u00e1s. Sin embargo, el primer ministro ingl\u00e9s,\u00a0<b>Neville Chamberlain<\/b>, est\u00e1 dispuesto a lo que sea para evitar la cat\u00e1strofe y viaja a M\u00fanich para negociar desesperadamente un acuerdo que garantice la paz. Europa entera contiene el aliento.<\/p>\n<p>Otros dos hombres llegan a la ciudad b\u00e1vara con intenciones secretas.\u00a0<b>Hugh<\/b>\u00a0<b>Legat<\/b>\u00a0es uno de los secretarios privados de\u00a0<b>Chamberlain<\/b>\u00a0y\u00a0<b>Paul Hartmann<\/b>, un diplom\u00e1tico alem\u00e1n, miembro de la resistencia opositora a Hitler. Grandes amigos en Oxford antes de que el nazismo llegara al poder, no se han visto desde hace seis a\u00f1os. Ahora, cuando el futuro de Europa pende de un hilo, sus caminos est\u00e1n destinados a cruzarse de nuevo.<\/p>\n<p>Cuando hay tanto en juego, \u00bfa qui\u00e9n estar\u00edas dispuesto a traicionar? \u00bfA tus amigos, a tu familia, a tu pa\u00eds o a tu conciencia?<\/p>\n","protected":false},"excerpt":{"rendered":"<p>Robert Harris<\/p>\n<p>392 p\u00e1ginas<\/p>\n","protected":false},"featured_media":7020,"template":"","meta":{"_joinchat":[]},"product_brand":[],"product_cat":[37,51],"product_tag":[34],"class_list":{"0":"post-7019","1":"product","2":"type-product","3":"status-publish","4":"has-post-thumbnail","6":"product_cat-misterio-y-thriller","7":"product_cat-oferta","8":"product_tag-penguin-random-house","10":"first","11":"outofstock","12":"shipping-taxable","13":"purchasable","14":"product-type-simple"},"_links":{"self":[{"href":"https:\/\/libreriahistoriasdebolsillo.com\/index.php\/wp-json\/wp\/v2\/product\/7019","targetHints":{"allow":["GET"]}}],"collection":[{"href":"https:\/\/libreriahistoriasdebolsillo.com\/index.php\/wp-json\/wp\/v2\/product"}],"about":[{"href":"https:\/\/libreriahistoriasdebolsillo.com\/index.php\/wp-json\/wp\/v2\/types\/product"}],"wp:featuredmedia":[{"embeddable":true,"href":"https:\/\/libreriahistoriasdebolsillo.com\/index.php\/wp-json\/wp\/v2\/media\/7020"}],"wp:attachment":[{"href":"https:\/\/libreriahistoriasdebolsillo.com\/index.php\/wp-json\/wp\/v2\/media?parent=7019"}],"wp:term":[{"taxonomy":"product_brand","embeddable":true,"href":"https:\/\/libreriahistoriasdebolsillo.com\/index.php\/wp-json\/wp\/v2\/product_brand?post=7019"},{"taxonomy":"product_cat","embeddable":true,"href":"https:\/\/libreriahistoriasdebolsillo.com\/index.php\/wp-json\/wp\/v2\/product_cat?post=7019"},{"taxonomy":"product_tag","embeddable":true,"href":"https:\/\/libreriahistoriasdebolsillo.com\/index.php\/wp-json\/wp\/v2\/product_tag?post=7019"}],"curies":[{"name":"wp","href":"https:\/\/api.w.org\/{rel}","templated":true}]}}