{"id":7027,"date":"2025-07-10T16:19:46","date_gmt":"2025-07-10T22:19:46","guid":{"rendered":"https:\/\/libreriahistoriasdebolsillo.com\/?post_type=product&#038;p=7027"},"modified":"2026-01-23T13:34:55","modified_gmt":"2026-01-23T19:34:55","slug":"biblioteca-paulo-coelho-el-peregrino","status":"publish","type":"product","link":"https:\/\/libreriahistoriasdebolsillo.com\/index.php\/producto\/biblioteca-paulo-coelho-el-peregrino\/","title":{"rendered":"Biblioteca Paulo Coelho. El peregrino"},"content":{"rendered":"<p><b>Escrita en 1987,\u00a0<i>El peregrino (Diario de un mago)<\/i>\u00a0ocupa un lugar primordial en la obra de Paulo Coelho, no s\u00f3lo como su primera novela, sino como la obra que revela la humanidad de su mensaje y la profundidad de su b\u00fasqueda interior.<\/b><\/p>\n<p>Un libro sobre la\u00a0<b>determinaci\u00f3n<\/b>. Una novela de\u00a0<b>aventuras<\/b>\u00a0que es, al mismo tiempo, una fascinante\u00a0<b>par\u00e1bola\u00a0<\/b>sobre la necesidad de encontrar nuestro\u00a0<b>camino<\/b>\u00a0en la vida.<\/p>\n<p>Descubre en Paulo Coelho a un novelista irreverente y actual, cuya lectura siempre mueve a la acci\u00f3n.<\/p>\n<p>Ad\u00e9ntrate en la obra de un autor provocador y valiente, que rompe con los esquemas preconcebidos de nuestra sociedad. Un\u00a0<b>fen\u00f3meno literario<\/b>\u00a0con millones de seguidores en las redes sociales.<\/p>\n<p>En este apasionante relato\u00a0<b>Paulo Coelho<\/b>\u00a0narra las peripecias de su peregrinaje por el Camino de Santiago. En compa\u00f1\u00eda de su gu\u00eda espiritual, el misterioso y enigm\u00e1tico Petrus, Paulo se enfrenta a una serie de pruebas y ejercicios, conoce a figuras que ponen en apuros su determinaci\u00f3n y su fe, sortea peligros insidiosos y tentaciones amenazadoras, para encontrar la espada que le permitir\u00e1 convertirse en un Maestro RAM.<\/p>\n<p><i>El peregrino\u00a0<\/i>es una cr\u00f3nica de la batalla que todos debemos librar contra nuestra soberbia para llegar a ser los due\u00f1os de nuestros pasos y nuestro camino, los arquitectos de nuestros sue\u00f1os.<\/p>\n","protected":false},"excerpt":{"rendered":"<p>Paulo Coelho<\/p>\n<p>200 p\u00e1ginas<\/p>\n","protected":false},"featured_media":7028,"template":"","meta":{"_joinchat":[]},"product_brand":[],"product_cat":[33],"product_tag":[34],"class_list":{"0":"post-7027","1":"product","2":"type-product","3":"status-publish","4":"has-post-thumbnail","6":"product_cat-ficcion-general","7":"product_tag-penguin-random-house","9":"first","10":"outofstock","11":"shipping-taxable","12":"purchasable","13":"product-type-simple"},"_links":{"self":[{"href":"https:\/\/libreriahistoriasdebolsillo.com\/index.php\/wp-json\/wp\/v2\/product\/7027","targetHints":{"allow":["GET"]}}],"collection":[{"href":"https:\/\/libreriahistoriasdebolsillo.com\/index.php\/wp-json\/wp\/v2\/product"}],"about":[{"href":"https:\/\/libreriahistoriasdebolsillo.com\/index.php\/wp-json\/wp\/v2\/types\/product"}],"wp:featuredmedia":[{"embeddable":true,"href":"https:\/\/libreriahistoriasdebolsillo.com\/index.php\/wp-json\/wp\/v2\/media\/7028"}],"wp:attachment":[{"href":"https:\/\/libreriahistoriasdebolsillo.com\/index.php\/wp-json\/wp\/v2\/media?parent=7027"}],"wp:term":[{"taxonomy":"product_brand","embeddable":true,"href":"https:\/\/libreriahistoriasdebolsillo.com\/index.php\/wp-json\/wp\/v2\/product_brand?post=7027"},{"taxonomy":"product_cat","embeddable":true,"href":"https:\/\/libreriahistoriasdebolsillo.com\/index.php\/wp-json\/wp\/v2\/product_cat?post=7027"},{"taxonomy":"product_tag","embeddable":true,"href":"https:\/\/libreriahistoriasdebolsillo.com\/index.php\/wp-json\/wp\/v2\/product_tag?post=7027"}],"curies":[{"name":"wp","href":"https:\/\/api.w.org\/{rel}","templated":true}]}}