{"id":7031,"date":"2025-07-10T16:41:27","date_gmt":"2025-07-10T22:41:27","guid":{"rendered":"https:\/\/libreriahistoriasdebolsillo.com\/?post_type=product&#038;p=7031"},"modified":"2025-07-10T16:41:27","modified_gmt":"2025-07-10T22:41:27","slug":"biblioteca-paulo-coelho-el-zahir","status":"publish","type":"product","link":"https:\/\/libreriahistoriasdebolsillo.com\/index.php\/producto\/biblioteca-paulo-coelho-el-zahir\/","title":{"rendered":"Biblioteca Paulo Coelho. El Zahir"},"content":{"rendered":"<p><b>El Zahir narra el viaje interno que un escritor decide emprender cuando se da cuenta de que su obsesi\u00f3n no es m\u00e1s que un bloqueo que lo aparta de la verdad: aceptar que su vida no es tan perfecta como cree.<\/b><\/p>\n<p>Todos tenemos alguna obsesi\u00f3n. \u00bfCu\u00e1l es la tuya?<\/p>\n<p>Descubre en\u00a0<i>El Zahir<\/i>, de Paulo Coelho, un an\u00e1lisis profundo del comportamiento humano ante aquellos que amamos. La obra de un novelista irreverente y actual, cuya lectura siempre mueve a la acci\u00f3n. Ad\u00e9ntrate en la obra de un autor provocador y valiente que rompe con los esquemas preconcebidos de nuestra sociedad. Un fen\u00f3meno literario con millones de seguidores en las redes sociales.<\/p>\n<p>Un reconocido escritor de fama mundial descubre un d\u00eda que su mujer, corresponsal de guerra, ha desaparecido sin dejar rastro. \u00bfHa sido secuestrada, v\u00edctima de un atentado o simplemente se sent\u00eda insatisfecha con su matrimonio? Cuando su ausencia se convierte en una obsesi\u00f3n que no deja espacio para nada m\u00e1s, el narrador se propone encontrar las respuestas a todas las preguntas que se le han planteado, y abandona la seguridad de su mundo de privilegios e inicia el camino hacia un destino desconocido.<\/p>\n<p><i>El Zahir\u00a0<\/i>nos propone combatir aquello que nos obsesiona, que nos bloquea, que no nos deja avanzar. Porque una obsesi\u00f3n es el indicador de que hay algo que no funciona bien en nosotros.<\/p>\n","protected":false},"excerpt":{"rendered":"<p>Paulo Coelho<\/p>\n<p>352 p\u00e1ginas<\/p>\n","protected":false},"featured_media":7032,"template":"","meta":{"_joinchat":[]},"product_brand":[],"product_cat":[33,51],"product_tag":[34],"class_list":{"0":"post-7031","1":"product","2":"type-product","3":"status-publish","4":"has-post-thumbnail","6":"product_cat-ficcion-general","7":"product_cat-oferta","8":"product_tag-penguin-random-house","10":"first","11":"instock","12":"shipping-taxable","13":"purchasable","14":"product-type-simple"},"_links":{"self":[{"href":"https:\/\/libreriahistoriasdebolsillo.com\/index.php\/wp-json\/wp\/v2\/product\/7031","targetHints":{"allow":["GET"]}}],"collection":[{"href":"https:\/\/libreriahistoriasdebolsillo.com\/index.php\/wp-json\/wp\/v2\/product"}],"about":[{"href":"https:\/\/libreriahistoriasdebolsillo.com\/index.php\/wp-json\/wp\/v2\/types\/product"}],"wp:featuredmedia":[{"embeddable":true,"href":"https:\/\/libreriahistoriasdebolsillo.com\/index.php\/wp-json\/wp\/v2\/media\/7032"}],"wp:attachment":[{"href":"https:\/\/libreriahistoriasdebolsillo.com\/index.php\/wp-json\/wp\/v2\/media?parent=7031"}],"wp:term":[{"taxonomy":"product_brand","embeddable":true,"href":"https:\/\/libreriahistoriasdebolsillo.com\/index.php\/wp-json\/wp\/v2\/product_brand?post=7031"},{"taxonomy":"product_cat","embeddable":true,"href":"https:\/\/libreriahistoriasdebolsillo.com\/index.php\/wp-json\/wp\/v2\/product_cat?post=7031"},{"taxonomy":"product_tag","embeddable":true,"href":"https:\/\/libreriahistoriasdebolsillo.com\/index.php\/wp-json\/wp\/v2\/product_tag?post=7031"}],"curies":[{"name":"wp","href":"https:\/\/api.w.org\/{rel}","templated":true}]}}