{"id":7033,"date":"2025-07-10T16:44:31","date_gmt":"2025-07-10T22:44:31","guid":{"rendered":"https:\/\/libreriahistoriasdebolsillo.com\/?post_type=product&#038;p=7033"},"modified":"2025-10-16T17:58:00","modified_gmt":"2025-10-16T23:58:00","slug":"como-agua-para-chocolate-2","status":"publish","type":"product","link":"https:\/\/libreriahistoriasdebolsillo.com\/index.php\/producto\/como-agua-para-chocolate-2\/","title":{"rendered":"Como agua para chocolate"},"content":{"rendered":"<p><b>Tita de la Garza, la menor de sus hermanas, est\u00e1 obligada a quedarse en casa sin poderse casar porque tiene que cuidar a su madre. Obligada a rechazar a su pretendiente, expresa su rebeld\u00eda en la cocina<\/b>.<\/p>\n<p><b>Laura Esquivel conquist\u00f3 al mundo literario hace veinticinco a\u00f1os a trav\u00e9s de esta alegor\u00eda que vincula con arte los sentimientos y la gastronom\u00eda.<\/b><\/p>\n<p>La novela narra la historia de Tita de la Garza a manera de recetario, donde cada cap\u00edtulo es una receta que relata las aventuras de la protagonista en una casa donde la tradici\u00f3n la obliga a quedarse a cuidar a su madre, y por lo tanto, sin poderse casar nunca.<\/p>\n<p>Tita, excelente cocinera, expresa su enojo y rebeld\u00eda a trav\u00e9s de sus recetas, creando situaciones extraordinarias que involucrar\u00e1n tambi\u00e9n a los dem\u00e1s miembros de su familia. Al final, todos estos acontecimientos provocar\u00e1n que se enciendan \u00abtodos los cerillos que llevamos en nuestro interior de un solo golpe\u00bb.<\/p>\n","protected":false},"excerpt":{"rendered":"<p>Laura Esquivel<br \/>\n272 p\u00e1ginas<\/p>\n","protected":false},"featured_media":7034,"template":"","meta":{"_joinchat":[]},"product_brand":[],"product_cat":[33],"product_tag":[34],"class_list":{"0":"post-7033","1":"product","2":"type-product","3":"status-publish","4":"has-post-thumbnail","6":"product_cat-ficcion-general","7":"product_tag-penguin-random-house","9":"first","10":"outofstock","11":"shipping-taxable","12":"purchasable","13":"product-type-simple"},"_links":{"self":[{"href":"https:\/\/libreriahistoriasdebolsillo.com\/index.php\/wp-json\/wp\/v2\/product\/7033","targetHints":{"allow":["GET"]}}],"collection":[{"href":"https:\/\/libreriahistoriasdebolsillo.com\/index.php\/wp-json\/wp\/v2\/product"}],"about":[{"href":"https:\/\/libreriahistoriasdebolsillo.com\/index.php\/wp-json\/wp\/v2\/types\/product"}],"wp:featuredmedia":[{"embeddable":true,"href":"https:\/\/libreriahistoriasdebolsillo.com\/index.php\/wp-json\/wp\/v2\/media\/7034"}],"wp:attachment":[{"href":"https:\/\/libreriahistoriasdebolsillo.com\/index.php\/wp-json\/wp\/v2\/media?parent=7033"}],"wp:term":[{"taxonomy":"product_brand","embeddable":true,"href":"https:\/\/libreriahistoriasdebolsillo.com\/index.php\/wp-json\/wp\/v2\/product_brand?post=7033"},{"taxonomy":"product_cat","embeddable":true,"href":"https:\/\/libreriahistoriasdebolsillo.com\/index.php\/wp-json\/wp\/v2\/product_cat?post=7033"},{"taxonomy":"product_tag","embeddable":true,"href":"https:\/\/libreriahistoriasdebolsillo.com\/index.php\/wp-json\/wp\/v2\/product_tag?post=7033"}],"curies":[{"name":"wp","href":"https:\/\/api.w.org\/{rel}","templated":true}]}}