{"id":7037,"date":"2025-07-10T16:49:59","date_gmt":"2025-07-10T22:49:59","guid":{"rendered":"https:\/\/libreriahistoriasdebolsillo.com\/?post_type=product&#038;p=7037"},"modified":"2025-10-18T12:31:46","modified_gmt":"2025-10-18T18:31:46","slug":"elena-garro-novelas-breves","status":"publish","type":"product","link":"https:\/\/libreriahistoriasdebolsillo.com\/index.php\/producto\/elena-garro-novelas-breves\/","title":{"rendered":"Elena Garro. Novelas breves"},"content":{"rendered":"<p><b>Este libro contiene las novelas breves La casa junto al r\u00edo, Y<\/b>\u00a0<b>Matarazo no llam\u00f3&#8230;, In\u00e9s, Un coraz\u00f3n en un bote de basura, Busca mi esquela, Primer amor y Un traje rojo para un duelo.<\/b><\/p>\n<p>\u00abSi de unos a\u00f1os para ac\u00e1 estamos releyendo la\u00a0<b>historia literaria<\/b>\u00a0con nuevos ojos, habr\u00eda que releer estas novelas con esos mismos, para darles su justo lugar en la\u00a0<b>obra de<\/b>\u00a0<b>Garro<\/b>\u00a0y en la literatura de su tiempo, lejos de los prejuicios que las circundan. Si Garro est\u00e1 llegando a las manos de m\u00e1s y m\u00e1s personas, quiz\u00e1s estas novelas por fin dejen de ser un ap\u00e9ndice de su obra y pasen a ser disfrutadas y apreciadas por lectoras y lectores frecuentes y espor\u00e1dicos, por gusto propio y por asignatura, en M\u00e9xico entero y en el mundo.\u00bb -Del pr\u00f3logo de JAZMINA BARRERA<\/p>\n<p>\u00abAs\u00ed como resulta err\u00f3neo acercarse a la producci\u00f3n literaria de\u00a0<b>Elena Garro<\/b>\u00a0desde la perspectiva del\u00a0<b>realismo m\u00e1gico<\/b>, es necesario leer y releer estas novelas bajo la \u00f3ptica de una mujer, de una escritora, cuyo inter\u00e9s por la b\u00fasqueda de diversas formas de\u00a0<b>expresi\u00f3n literaria<\/b>\u00a0asume sus riesgos y la mayor\u00eda de las veces resulta lo suficientemente bien lograda como para ofrecer una de las\u00a0<b>escrituras m\u00e1s originales<\/b>, aut\u00e9nticas e inimitables de la literatura hisp\u00e1nica de todos los tiempos.\u00bb -De la nota del editor \u00c1LVARO \u00c1LVAREZ DELGADO<\/p>\n","protected":false},"excerpt":{"rendered":"<p>Elena Garro<br \/>\n520 p\u00e1ginas<\/p>\n","protected":false},"featured_media":7038,"template":"","meta":{"_joinchat":[]},"product_brand":[],"product_cat":[33],"product_tag":[34],"class_list":{"0":"post-7037","1":"product","2":"type-product","3":"status-publish","4":"has-post-thumbnail","6":"product_cat-ficcion-general","7":"product_tag-penguin-random-house","9":"first","10":"outofstock","11":"shipping-taxable","12":"purchasable","13":"product-type-simple"},"_links":{"self":[{"href":"https:\/\/libreriahistoriasdebolsillo.com\/index.php\/wp-json\/wp\/v2\/product\/7037","targetHints":{"allow":["GET"]}}],"collection":[{"href":"https:\/\/libreriahistoriasdebolsillo.com\/index.php\/wp-json\/wp\/v2\/product"}],"about":[{"href":"https:\/\/libreriahistoriasdebolsillo.com\/index.php\/wp-json\/wp\/v2\/types\/product"}],"wp:featuredmedia":[{"embeddable":true,"href":"https:\/\/libreriahistoriasdebolsillo.com\/index.php\/wp-json\/wp\/v2\/media\/7038"}],"wp:attachment":[{"href":"https:\/\/libreriahistoriasdebolsillo.com\/index.php\/wp-json\/wp\/v2\/media?parent=7037"}],"wp:term":[{"taxonomy":"product_brand","embeddable":true,"href":"https:\/\/libreriahistoriasdebolsillo.com\/index.php\/wp-json\/wp\/v2\/product_brand?post=7037"},{"taxonomy":"product_cat","embeddable":true,"href":"https:\/\/libreriahistoriasdebolsillo.com\/index.php\/wp-json\/wp\/v2\/product_cat?post=7037"},{"taxonomy":"product_tag","embeddable":true,"href":"https:\/\/libreriahistoriasdebolsillo.com\/index.php\/wp-json\/wp\/v2\/product_tag?post=7037"}],"curies":[{"name":"wp","href":"https:\/\/api.w.org\/{rel}","templated":true}]}}