{"id":7039,"date":"2025-07-10T16:58:52","date_gmt":"2025-07-10T22:58:52","guid":{"rendered":"https:\/\/libreriahistoriasdebolsillo.com\/?post_type=product&#038;p=7039"},"modified":"2025-12-23T17:47:37","modified_gmt":"2025-12-23T23:47:37","slug":"la-estatua","status":"publish","type":"product","link":"https:\/\/libreriahistoriasdebolsillo.com\/index.php\/producto\/la-estatua\/","title":{"rendered":"La estatua"},"content":{"rendered":"<p>Cuando le preguntaron con qu\u00e9 mujer de la historia del arte le gustar\u00eda cenar, Umberto Eco contest\u00f3 sin dudar Uta de Naumburgo, considerada durante siglos la mujer m\u00e1s bella de la Edad Media y acusada de brujer\u00eda durante su corta vida.<\/p>\n<p>En una gira de lecturas por la antigua RDA a finales de los a\u00f1os ochenta, Grass ve la estatua de Uta por primera vez en la catedral de Naumburgo, hoy Patrimonio de la Unesco, y queda embobado por su belleza y realismo. Su figura, idealizada por el nazismo e inspiraci\u00f3n para que Walt Disney creara la madrastra de Blancanieves, se caracteriza por un gesto \u00fanico para el siglo XIII: con la mano derecha levanta el cuello de su preciosa t\u00fanica con un aire de misterio, casi como para ocultarse de alguien.<\/p>\n<p>Grass recurre en este libro al tradicional recurso del convidado de piedra invitando a cenar en su jard\u00edn a la hija de un orfebre que hizo de modelo para la estatua. Sin embargo, en un atrevido salto en el tiempo, Uta sigue apareci\u00e9ndose en m\u00e1s ciudades durante sus viajes, sorprendiendo al narrador enamorado, que la busca por todas partes, y convirtiendo sus siguientes giras en un verdadero desastre, hasta la ca\u00edda del Muro y sus consecuencias.<\/p>\n","protected":false},"excerpt":{"rendered":"<p>G\u00fcnter Grass<br \/>\n80 p\u00e1ginas<\/p>\n","protected":false},"featured_media":7040,"template":"","meta":{"_joinchat":[]},"product_brand":[],"product_cat":[33],"product_tag":[34],"class_list":{"0":"post-7039","1":"product","2":"type-product","3":"status-publish","4":"has-post-thumbnail","6":"product_cat-ficcion-general","7":"product_tag-penguin-random-house","9":"first","10":"outofstock","11":"shipping-taxable","12":"purchasable","13":"product-type-simple"},"_links":{"self":[{"href":"https:\/\/libreriahistoriasdebolsillo.com\/index.php\/wp-json\/wp\/v2\/product\/7039","targetHints":{"allow":["GET"]}}],"collection":[{"href":"https:\/\/libreriahistoriasdebolsillo.com\/index.php\/wp-json\/wp\/v2\/product"}],"about":[{"href":"https:\/\/libreriahistoriasdebolsillo.com\/index.php\/wp-json\/wp\/v2\/types\/product"}],"wp:featuredmedia":[{"embeddable":true,"href":"https:\/\/libreriahistoriasdebolsillo.com\/index.php\/wp-json\/wp\/v2\/media\/7040"}],"wp:attachment":[{"href":"https:\/\/libreriahistoriasdebolsillo.com\/index.php\/wp-json\/wp\/v2\/media?parent=7039"}],"wp:term":[{"taxonomy":"product_brand","embeddable":true,"href":"https:\/\/libreriahistoriasdebolsillo.com\/index.php\/wp-json\/wp\/v2\/product_brand?post=7039"},{"taxonomy":"product_cat","embeddable":true,"href":"https:\/\/libreriahistoriasdebolsillo.com\/index.php\/wp-json\/wp\/v2\/product_cat?post=7039"},{"taxonomy":"product_tag","embeddable":true,"href":"https:\/\/libreriahistoriasdebolsillo.com\/index.php\/wp-json\/wp\/v2\/product_tag?post=7039"}],"curies":[{"name":"wp","href":"https:\/\/api.w.org\/{rel}","templated":true}]}}