{"id":704,"date":"2023-11-20T13:26:36","date_gmt":"2023-11-20T19:26:36","guid":{"rendered":"https:\/\/libreriahistoriasdebolsillo.com\/?post_type=product&#038;p=704"},"modified":"2025-02-14T18:09:21","modified_gmt":"2025-02-15T00:09:21","slug":"entre-senderos-de-lavanda","status":"publish","type":"product","link":"https:\/\/libreriahistoriasdebolsillo.com\/index.php\/producto\/entre-senderos-de-lavanda\/","title":{"rendered":"Entre senderos de lavanda"},"content":{"rendered":"<p>\u00bfEs posible RECUPERAR fragmentos de una historia perdida? \u00bfPuede el AMOR unir todas las piezas? \u00bfHasta d\u00f3nde se puede llegar en la b\u00fasqueda de la VERDAD? Anna es fot\u00f3grafa forense y una noche de verano acude a la escena que le cambiar\u00e1 la vida. Una carta, una verdad oculta y el impulso de conocer su propia historia ser\u00e1n la invitaci\u00f3n para transitar senderos desconocidos. Si se deja guiar por el coraz\u00f3n, podr\u00e1 encontrar m\u00e1s de lo que busca.<\/p>\n","protected":false},"excerpt":{"rendered":"<p>Mariela Gim\u00e9nez<\/p>\n","protected":false},"featured_media":705,"template":"","meta":{"_joinchat":[]},"product_brand":[],"product_cat":[35],"product_tag":[48],"class_list":{"0":"post-704","1":"product","2":"type-product","3":"status-publish","4":"has-post-thumbnail","6":"product_cat-romantica","7":"product_tag-vr-editoras","9":"first","10":"instock","11":"shipping-taxable","12":"purchasable","13":"product-type-simple"},"_links":{"self":[{"href":"https:\/\/libreriahistoriasdebolsillo.com\/index.php\/wp-json\/wp\/v2\/product\/704","targetHints":{"allow":["GET"]}}],"collection":[{"href":"https:\/\/libreriahistoriasdebolsillo.com\/index.php\/wp-json\/wp\/v2\/product"}],"about":[{"href":"https:\/\/libreriahistoriasdebolsillo.com\/index.php\/wp-json\/wp\/v2\/types\/product"}],"wp:featuredmedia":[{"embeddable":true,"href":"https:\/\/libreriahistoriasdebolsillo.com\/index.php\/wp-json\/wp\/v2\/media\/705"}],"wp:attachment":[{"href":"https:\/\/libreriahistoriasdebolsillo.com\/index.php\/wp-json\/wp\/v2\/media?parent=704"}],"wp:term":[{"taxonomy":"product_brand","embeddable":true,"href":"https:\/\/libreriahistoriasdebolsillo.com\/index.php\/wp-json\/wp\/v2\/product_brand?post=704"},{"taxonomy":"product_cat","embeddable":true,"href":"https:\/\/libreriahistoriasdebolsillo.com\/index.php\/wp-json\/wp\/v2\/product_cat?post=704"},{"taxonomy":"product_tag","embeddable":true,"href":"https:\/\/libreriahistoriasdebolsillo.com\/index.php\/wp-json\/wp\/v2\/product_tag?post=704"}],"curies":[{"name":"wp","href":"https:\/\/api.w.org\/{rel}","templated":true}]}}