{"id":7041,"date":"2025-07-10T17:01:26","date_gmt":"2025-07-10T23:01:26","guid":{"rendered":"https:\/\/libreriahistoriasdebolsillo.com\/?post_type=product&#038;p=7041"},"modified":"2025-11-11T10:49:28","modified_gmt":"2025-11-11T16:49:28","slug":"veinticuatro-horas-en-la-vida-de-una-mujer","status":"publish","type":"product","link":"https:\/\/libreriahistoriasdebolsillo.com\/index.php\/producto\/veinticuatro-horas-en-la-vida-de-una-mujer\/","title":{"rendered":"Veinticuatro horas en la vida de una mujer"},"content":{"rendered":"<p><b>La m\u00e1s famosa novela de Stefan Zweig, en una edici\u00f3n que recupera el dise\u00f1o de los primeros Penguin Books, publicados en 1935<\/b><\/p>\n<p>A principios del siglo XX, en una pensi\u00f3n de la Riviera, una viuda inglesa ya mayor regala a un an\u00f3nimo oyente austriaco una confesi\u00f3n imprevista: en su juventud, tuvo un encuentro en un casino de Montecarlo con un joven arist\u00f3crata polaco que la llev\u00f3 a vivir veinticuatro horas de frenes\u00ed, a debatirse con las convenciones de la sociedad y a arriesgarlo todo por una pasi\u00f3n pasajera.<\/p>\n<p>En esta historia sobre la obsesi\u00f3n y la memoria, Stefan Zweig despliega su prosa envolvente, su fina iron\u00eda y su capacidad de an\u00e1lisis psicol\u00f3gico para crear un cl\u00e1sico inolvidable.<\/p>\n","protected":false},"excerpt":{"rendered":"<p><b>Stefan Zweig<br \/>\n<\/b>112 p\u00e1ginas<\/p>\n","protected":false},"featured_media":7042,"template":"","meta":{"_joinchat":[]},"product_brand":[],"product_cat":[42],"product_tag":[34],"class_list":{"0":"post-7041","1":"product","2":"type-product","3":"status-publish","4":"has-post-thumbnail","6":"product_cat-literatura-clasica","7":"product_tag-penguin-random-house","9":"first","10":"outofstock","11":"shipping-taxable","12":"purchasable","13":"product-type-simple"},"_links":{"self":[{"href":"https:\/\/libreriahistoriasdebolsillo.com\/index.php\/wp-json\/wp\/v2\/product\/7041","targetHints":{"allow":["GET"]}}],"collection":[{"href":"https:\/\/libreriahistoriasdebolsillo.com\/index.php\/wp-json\/wp\/v2\/product"}],"about":[{"href":"https:\/\/libreriahistoriasdebolsillo.com\/index.php\/wp-json\/wp\/v2\/types\/product"}],"wp:featuredmedia":[{"embeddable":true,"href":"https:\/\/libreriahistoriasdebolsillo.com\/index.php\/wp-json\/wp\/v2\/media\/7042"}],"wp:attachment":[{"href":"https:\/\/libreriahistoriasdebolsillo.com\/index.php\/wp-json\/wp\/v2\/media?parent=7041"}],"wp:term":[{"taxonomy":"product_brand","embeddable":true,"href":"https:\/\/libreriahistoriasdebolsillo.com\/index.php\/wp-json\/wp\/v2\/product_brand?post=7041"},{"taxonomy":"product_cat","embeddable":true,"href":"https:\/\/libreriahistoriasdebolsillo.com\/index.php\/wp-json\/wp\/v2\/product_cat?post=7041"},{"taxonomy":"product_tag","embeddable":true,"href":"https:\/\/libreriahistoriasdebolsillo.com\/index.php\/wp-json\/wp\/v2\/product_tag?post=7041"}],"curies":[{"name":"wp","href":"https:\/\/api.w.org\/{rel}","templated":true}]}}