{"id":7043,"date":"2025-07-10T17:04:08","date_gmt":"2025-07-10T23:04:08","guid":{"rendered":"https:\/\/libreriahistoriasdebolsillo.com\/?post_type=product&#038;p=7043"},"modified":"2025-10-16T19:45:25","modified_gmt":"2025-10-17T01:45:25","slug":"perreo","status":"publish","type":"product","link":"https:\/\/libreriahistoriasdebolsillo.com\/index.php\/producto\/perreo\/","title":{"rendered":"Perreo"},"content":{"rendered":"<p><b><i>Cazzu<\/i>\u00a0es una de las traperas m\u00e1s importantes de Latinoam\u00e9rica. No es casual que la llamen La Jefa. No es casual que su perreo moleste a muchos, interpele a tantas, y no deje indiferente a nadie.<\/b><\/p>\n<p>Durante a\u00f1os,\u00a0<b>Cazzu<\/b>\u00a0se enfrent\u00f3 a una pregunta: \u201c\u00bfC\u00f3mo se siente tener \u00e9xito en un g\u00e9nero musical tan machista?\u201d. Y como le ocurre a casi cualquier mujer virtuosa y con notoriedad, le pidieron que diera explicaciones. Pero \u00bfpor qu\u00e9 se lo preguntaban m\u00e1s a ella que a los hombres? Y, sobre todo, \u00bfes realmente machista el reggaet\u00f3n? Este libro naci\u00f3 como respuesta y como exploraci\u00f3n a esa dualidad que anida en el g\u00e9nero: letras que sexualizan a las mujeres, pero tambi\u00e9n mujeres que expresan su deseo, saben lo que quieren, c\u00f3mo y cu\u00e1ndo. Las reggaetoneras, dice\u00a0<b>Cazzu<\/b>, son lamentablemente una utop\u00eda: ejercen su derecho al sexo sin correr peligro y sin preocuparse por la condena social. En\u00a0<b><i>Perreo, una revoluci\u00f3n<\/i><\/b>, repasa su recorrido, una trayectoria marcada por la superaci\u00f3n de innumerables desaf\u00edos y traiciones. Armada de un gran talento y una fuerza de trabajo incansable, desde muy joven construy\u00f3 una carrera notable y atrevida que la catapult\u00f3 a los grandes escenarios del mundo, consolid\u00e1ndose como una de las traperas m\u00e1s importantes de Latinoam\u00e9rica. La definen la delicadeza y la potencia, la ternura y la rebeld\u00eda. No es casual que la llamen\u00a0<i>La Jefa<\/i>. La voz de\u00a0<b>Cazzu<\/b>\u00a0es \u00fanica, s\u00ed, pero es el grito contenido de muchas que no tienen voz.<\/p>\n<p>\u00abEl reggaet\u00f3n incomoda, despierta la c\u00f3lera en los m\u00e1s conservadores, porque propone otra mujer, una perra desinhibida que controla su cuerpo, sus decisiones y su sexualidad, y que con su actitud ridiculiza cualquier opini\u00f3n ofensiva\u00bb.<br \/>\n<b><i>Cazzu<\/i><\/b><\/p>\n","protected":false},"excerpt":{"rendered":"<p>Cazzu<\/p>\n<p>192 p\u00e1ginas<\/p>\n","protected":false},"featured_media":7044,"template":"","meta":{"_joinchat":[]},"product_brand":[],"product_cat":[41,70],"product_tag":[34],"class_list":{"0":"post-7043","1":"product","2":"type-product","3":"status-publish","4":"has-post-thumbnail","6":"product_cat-desarrollo-humano","7":"product_cat-novedades","8":"product_tag-penguin-random-house","10":"first","11":"outofstock","12":"shipping-taxable","13":"purchasable","14":"product-type-simple"},"_links":{"self":[{"href":"https:\/\/libreriahistoriasdebolsillo.com\/index.php\/wp-json\/wp\/v2\/product\/7043","targetHints":{"allow":["GET"]}}],"collection":[{"href":"https:\/\/libreriahistoriasdebolsillo.com\/index.php\/wp-json\/wp\/v2\/product"}],"about":[{"href":"https:\/\/libreriahistoriasdebolsillo.com\/index.php\/wp-json\/wp\/v2\/types\/product"}],"wp:featuredmedia":[{"embeddable":true,"href":"https:\/\/libreriahistoriasdebolsillo.com\/index.php\/wp-json\/wp\/v2\/media\/7044"}],"wp:attachment":[{"href":"https:\/\/libreriahistoriasdebolsillo.com\/index.php\/wp-json\/wp\/v2\/media?parent=7043"}],"wp:term":[{"taxonomy":"product_brand","embeddable":true,"href":"https:\/\/libreriahistoriasdebolsillo.com\/index.php\/wp-json\/wp\/v2\/product_brand?post=7043"},{"taxonomy":"product_cat","embeddable":true,"href":"https:\/\/libreriahistoriasdebolsillo.com\/index.php\/wp-json\/wp\/v2\/product_cat?post=7043"},{"taxonomy":"product_tag","embeddable":true,"href":"https:\/\/libreriahistoriasdebolsillo.com\/index.php\/wp-json\/wp\/v2\/product_tag?post=7043"}],"curies":[{"name":"wp","href":"https:\/\/api.w.org\/{rel}","templated":true}]}}