{"id":7048,"date":"2025-07-10T17:16:06","date_gmt":"2025-07-10T23:16:06","guid":{"rendered":"https:\/\/libreriahistoriasdebolsillo.com\/?post_type=product&#038;p=7048"},"modified":"2025-09-04T13:36:19","modified_gmt":"2025-09-04T19:36:19","slug":"las-almas-siempre-se-reencuentran-ya-veras","status":"publish","type":"product","link":"https:\/\/libreriahistoriasdebolsillo.com\/index.php\/producto\/las-almas-siempre-se-reencuentran-ya-veras\/","title":{"rendered":"Las almas siempre se reencuentran, ya ver\u00e1s"},"content":{"rendered":"<p>Ella todav\u00eda es joven y ya est\u00e1 cansada. Habla sobre el amor en la televisi\u00f3n, pero le cuesta encontrar significado a su propia historia. En un caf\u00e9 de la \u00cele Saint-Louis, en Par\u00eds, se cruza con una elegante mujer mayor, que busc\u00f3 el amor en los brazos de hombres que la desearon, hasta que un encuentro eclips\u00f3 a todos los dem\u00e1s. En sus intercambios, ella le transmitir\u00e1 a la joven a trav\u00e9s de su historia lo que descubri\u00f3 sobre el amor verdadero, pues hay personas que nos tocan m\u00e1s en una fracci\u00f3n de segundo, en unas horas, en una sonrisa, que otras que, durante toda una vida, jam\u00e1s podr\u00e1n hacerlo.<\/p>\n","protected":false},"excerpt":{"rendered":"<p>Sabrina Philippe<\/p>\n","protected":false},"featured_media":7049,"template":"","meta":{"_joinchat":[]},"product_brand":[],"product_cat":[70,35],"product_tag":[48],"class_list":{"0":"post-7048","1":"product","2":"type-product","3":"status-publish","4":"has-post-thumbnail","6":"product_cat-novedades","7":"product_cat-romantica","8":"product_tag-vr-editoras","10":"first","11":"instock","12":"shipping-taxable","13":"purchasable","14":"product-type-simple"},"_links":{"self":[{"href":"https:\/\/libreriahistoriasdebolsillo.com\/index.php\/wp-json\/wp\/v2\/product\/7048","targetHints":{"allow":["GET"]}}],"collection":[{"href":"https:\/\/libreriahistoriasdebolsillo.com\/index.php\/wp-json\/wp\/v2\/product"}],"about":[{"href":"https:\/\/libreriahistoriasdebolsillo.com\/index.php\/wp-json\/wp\/v2\/types\/product"}],"wp:featuredmedia":[{"embeddable":true,"href":"https:\/\/libreriahistoriasdebolsillo.com\/index.php\/wp-json\/wp\/v2\/media\/7049"}],"wp:attachment":[{"href":"https:\/\/libreriahistoriasdebolsillo.com\/index.php\/wp-json\/wp\/v2\/media?parent=7048"}],"wp:term":[{"taxonomy":"product_brand","embeddable":true,"href":"https:\/\/libreriahistoriasdebolsillo.com\/index.php\/wp-json\/wp\/v2\/product_brand?post=7048"},{"taxonomy":"product_cat","embeddable":true,"href":"https:\/\/libreriahistoriasdebolsillo.com\/index.php\/wp-json\/wp\/v2\/product_cat?post=7048"},{"taxonomy":"product_tag","embeddable":true,"href":"https:\/\/libreriahistoriasdebolsillo.com\/index.php\/wp-json\/wp\/v2\/product_tag?post=7048"}],"curies":[{"name":"wp","href":"https:\/\/api.w.org\/{rel}","templated":true}]}}