{"id":7052,"date":"2025-07-10T17:20:31","date_gmt":"2025-07-10T23:20:31","guid":{"rendered":"https:\/\/libreriahistoriasdebolsillo.com\/?post_type=product&#038;p=7052"},"modified":"2025-07-11T10:12:12","modified_gmt":"2025-07-11T16:12:12","slug":"el-maravilloso-mago-de-oz-boxset","status":"publish","type":"product","link":"https:\/\/libreriahistoriasdebolsillo.com\/index.php\/producto\/el-maravilloso-mago-de-oz-boxset\/","title":{"rendered":"El maravilloso mago de Oz (boxset)"},"content":{"rendered":"<p>\u201cEl Maravilloso Mago de Oz\u201d reune los primeros tres t\u00edtulos de esta saga: \u201cEl Mago de Oz\u201d, \u201cLa Tierra de Oz\u201d y \u201cOzma de Oz\u201d. En esta serie, Dorothy y su perro Tot\u00f3, vivir\u00e1n emocionantes aventuras al ser arrastrados por un tornado hacia la Tierra de Oz. All\u00ed se har\u00e1n amigos de los seres m\u00e1s incre\u00edbles que uno pueda conocer: un Le\u00f3n Cobarde, un Hombre de Hojalata sin coraz\u00f3n y un Espantap\u00e1jaros sin cerebro. En un mundo de Brujas Buenas y Malvadas, seguir\u00e1n el Camino Amarillo hasta llegar a la Ciudad Esmeralda, donde vive el legendario y poderoso Mago de Oz, el \u00fanico que tiene el poder de hacer que Dorothy pueda volver a su hogar. Pero como de aventuras se trata, deber\u00e1n ayudar a otros para hacer realidad sus deseos. Lyman Frank Bauman fue un talentos\u00edsimo autor estadounidense, que llen\u00f3 de magia las lecturas de los ni\u00f1os. Escribi\u00f3 catorce novelas de la serie Oz, adem\u00e1s de otras cuarenta y un novelas, ochenta y tres cuentos, m\u00e1s de doscientos poemas, y al menos cuarenta y dos guiones. Estas historias, adem\u00e1s, nos dejan una ense\u00f1anza en cuanto a valores, amistad, tolerancia, empat\u00eda\u2026 Esta edici\u00f3n cuenta con ilustraciones de Ana Monticelli e im\u00e1genes originales de W. W. Denslow y John R. Neill, coloreadas por Juan Nicol\u00e1s Malce\u00f1ido.<\/p>\n","protected":false},"excerpt":{"rendered":"<p>Lyman Frank Baum<\/p>\n<p>542 p\u00e1ginas<\/p>\n","protected":false},"featured_media":7053,"template":"","meta":{"_joinchat":[]},"product_brand":[],"product_cat":[42],"product_tag":[48],"class_list":{"0":"post-7052","1":"product","2":"type-product","3":"status-publish","4":"has-post-thumbnail","6":"product_cat-literatura-clasica","7":"product_tag-vr-editoras","9":"first","10":"instock","11":"shipping-taxable","12":"purchasable","13":"product-type-simple"},"_links":{"self":[{"href":"https:\/\/libreriahistoriasdebolsillo.com\/index.php\/wp-json\/wp\/v2\/product\/7052","targetHints":{"allow":["GET"]}}],"collection":[{"href":"https:\/\/libreriahistoriasdebolsillo.com\/index.php\/wp-json\/wp\/v2\/product"}],"about":[{"href":"https:\/\/libreriahistoriasdebolsillo.com\/index.php\/wp-json\/wp\/v2\/types\/product"}],"wp:featuredmedia":[{"embeddable":true,"href":"https:\/\/libreriahistoriasdebolsillo.com\/index.php\/wp-json\/wp\/v2\/media\/7053"}],"wp:attachment":[{"href":"https:\/\/libreriahistoriasdebolsillo.com\/index.php\/wp-json\/wp\/v2\/media?parent=7052"}],"wp:term":[{"taxonomy":"product_brand","embeddable":true,"href":"https:\/\/libreriahistoriasdebolsillo.com\/index.php\/wp-json\/wp\/v2\/product_brand?post=7052"},{"taxonomy":"product_cat","embeddable":true,"href":"https:\/\/libreriahistoriasdebolsillo.com\/index.php\/wp-json\/wp\/v2\/product_cat?post=7052"},{"taxonomy":"product_tag","embeddable":true,"href":"https:\/\/libreriahistoriasdebolsillo.com\/index.php\/wp-json\/wp\/v2\/product_tag?post=7052"}],"curies":[{"name":"wp","href":"https:\/\/api.w.org\/{rel}","templated":true}]}}