{"id":7058,"date":"2025-07-10T17:37:42","date_gmt":"2025-07-10T23:37:42","guid":{"rendered":"https:\/\/libreriahistoriasdebolsillo.com\/?post_type=product&#038;p=7058"},"modified":"2025-07-11T10:11:49","modified_gmt":"2025-07-11T16:11:49","slug":"tu-cerebro-emocional","status":"publish","type":"product","link":"https:\/\/libreriahistoriasdebolsillo.com\/index.php\/producto\/tu-cerebro-emocional\/","title":{"rendered":"Tu cerebro emocional"},"content":{"rendered":"<p>Las emociones no son negativas ni positivas. Simplemente est\u00e1n ah\u00ed. En esta obra, la psic\u00f3loga Monia Presta te introduce en su funcionamiento y te muestra que son tus aliadas. Si las aceptas, ellas te guiar\u00e1n para tomar las decisiones correctas. Con su Terapia Integradora Estrategica, el metodo TIE, la autora te proporciona herramientas psicol\u00f3gicas y ejercicios psicof\u00edsicos pr\u00e1cticos para comprender tus emociones y sentirlas con naturalidad. Con un estilo cercano y personal, Monia Presta cuenta su experiencia profesional, sus heridas y progresos emocionales a traves de un viaje entre Barcelona y Cadaques. A medida que hace cambios en su vida, te ense\u00f1a c\u00f3mo sus pacientes evolucionan y alcanzan el bienestar psicof\u00edsico. Descubre c\u00f3mo funciona tu cerebro emocional a nivel neurocient\u00edfico, y c\u00f3mo gestionar tus emociones para transformar tu vida y ser una persona feliz, libre y empoderada.<\/p>\n","protected":false},"excerpt":{"rendered":"<p>Monia Presta<\/p>\n<p>320 p\u00e1ginas<\/p>\n","protected":false},"featured_media":7059,"template":"","meta":{"_joinchat":[]},"product_brand":[],"product_cat":[41],"product_tag":[48],"class_list":{"0":"post-7058","1":"product","2":"type-product","3":"status-publish","4":"has-post-thumbnail","6":"product_cat-desarrollo-humano","7":"product_tag-vr-editoras","9":"first","10":"instock","11":"shipping-taxable","12":"purchasable","13":"product-type-simple"},"_links":{"self":[{"href":"https:\/\/libreriahistoriasdebolsillo.com\/index.php\/wp-json\/wp\/v2\/product\/7058","targetHints":{"allow":["GET"]}}],"collection":[{"href":"https:\/\/libreriahistoriasdebolsillo.com\/index.php\/wp-json\/wp\/v2\/product"}],"about":[{"href":"https:\/\/libreriahistoriasdebolsillo.com\/index.php\/wp-json\/wp\/v2\/types\/product"}],"wp:featuredmedia":[{"embeddable":true,"href":"https:\/\/libreriahistoriasdebolsillo.com\/index.php\/wp-json\/wp\/v2\/media\/7059"}],"wp:attachment":[{"href":"https:\/\/libreriahistoriasdebolsillo.com\/index.php\/wp-json\/wp\/v2\/media?parent=7058"}],"wp:term":[{"taxonomy":"product_brand","embeddable":true,"href":"https:\/\/libreriahistoriasdebolsillo.com\/index.php\/wp-json\/wp\/v2\/product_brand?post=7058"},{"taxonomy":"product_cat","embeddable":true,"href":"https:\/\/libreriahistoriasdebolsillo.com\/index.php\/wp-json\/wp\/v2\/product_cat?post=7058"},{"taxonomy":"product_tag","embeddable":true,"href":"https:\/\/libreriahistoriasdebolsillo.com\/index.php\/wp-json\/wp\/v2\/product_tag?post=7058"}],"curies":[{"name":"wp","href":"https:\/\/api.w.org\/{rel}","templated":true}]}}