{"id":7060,"date":"2025-07-10T17:40:27","date_gmt":"2025-07-10T23:40:27","guid":{"rendered":"https:\/\/libreriahistoriasdebolsillo.com\/?post_type=product&#038;p=7060"},"modified":"2025-07-11T10:11:42","modified_gmt":"2025-07-11T16:11:42","slug":"el-metodo-1","status":"publish","type":"product","link":"https:\/\/libreriahistoriasdebolsillo.com\/index.php\/producto\/el-metodo-1\/","title":{"rendered":"El m\u00e9todo 1%"},"content":{"rendered":"<p>Aprende a introducir en tu vida peque\u00f1os cambios para convertirte paso a paso en tu mejor versi\u00f3n. \u00bfFumas o haces deporte? \u00bfEngulles comida r\u00e1pida o cocinas en tu casa de forma saludable? \u00bfTe dejas llevar por los sentimientos desagradables o los evitas? Los h\u00e1bitos son esa fuerza invisible que de forma lenta e implacable moldea la persona que eres, tus logros y la imagen que los dem\u00e1s tienen de ti. Por eso son tan importantes. La buena noticia es que se pueden estudiar, desarrollar y modificar para explotar todo tu potencial. El m\u00e9todo 1 % presenta un sistema innovador para transformar, poco a poco, los comportamientos que son importantes para ti en acciones f\u00e1cilmente repetibles, y en consecuencia en h\u00e1bitos s\u00f3lidos y duraderos. Descubrir\u00e1s as\u00ed lo poderosos que son cuando responden a nuestros propios valores y el modo de cambiarlos para convertirte en tu mejor versi\u00f3n.<\/p>\n","protected":false},"excerpt":{"rendered":"<p>Luca Mazzucchelli<\/p>\n<p>312 p\u00e1ginas<\/p>\n","protected":false},"featured_media":7061,"template":"","meta":{"_joinchat":[]},"product_brand":[],"product_cat":[41],"product_tag":[48],"class_list":{"0":"post-7060","1":"product","2":"type-product","3":"status-publish","4":"has-post-thumbnail","6":"product_cat-desarrollo-humano","7":"product_tag-vr-editoras","9":"first","10":"instock","11":"shipping-taxable","12":"purchasable","13":"product-type-simple"},"_links":{"self":[{"href":"https:\/\/libreriahistoriasdebolsillo.com\/index.php\/wp-json\/wp\/v2\/product\/7060","targetHints":{"allow":["GET"]}}],"collection":[{"href":"https:\/\/libreriahistoriasdebolsillo.com\/index.php\/wp-json\/wp\/v2\/product"}],"about":[{"href":"https:\/\/libreriahistoriasdebolsillo.com\/index.php\/wp-json\/wp\/v2\/types\/product"}],"wp:featuredmedia":[{"embeddable":true,"href":"https:\/\/libreriahistoriasdebolsillo.com\/index.php\/wp-json\/wp\/v2\/media\/7061"}],"wp:attachment":[{"href":"https:\/\/libreriahistoriasdebolsillo.com\/index.php\/wp-json\/wp\/v2\/media?parent=7060"}],"wp:term":[{"taxonomy":"product_brand","embeddable":true,"href":"https:\/\/libreriahistoriasdebolsillo.com\/index.php\/wp-json\/wp\/v2\/product_brand?post=7060"},{"taxonomy":"product_cat","embeddable":true,"href":"https:\/\/libreriahistoriasdebolsillo.com\/index.php\/wp-json\/wp\/v2\/product_cat?post=7060"},{"taxonomy":"product_tag","embeddable":true,"href":"https:\/\/libreriahistoriasdebolsillo.com\/index.php\/wp-json\/wp\/v2\/product_tag?post=7060"}],"curies":[{"name":"wp","href":"https:\/\/api.w.org\/{rel}","templated":true}]}}