{"id":7062,"date":"2025-07-10T17:43:57","date_gmt":"2025-07-10T23:43:57","guid":{"rendered":"https:\/\/libreriahistoriasdebolsillo.com\/?post_type=product&#038;p=7062"},"modified":"2026-03-13T12:11:06","modified_gmt":"2026-03-13T18:11:06","slug":"el-hombre-mas-rico-de-babilonia-2","status":"publish","type":"product","link":"https:\/\/libreriahistoriasdebolsillo.com\/index.php\/producto\/el-hombre-mas-rico-de-babilonia-2\/","title":{"rendered":"El hombre m\u00e1s rico de babilonia"},"content":{"rendered":"<p>Aclamado como el m\u00e1s grande de todos los trabajos inspiradores sobre el tema del ahorro, la planificaci\u00f3n financiera y la riqueza personal, El hombre m\u00e1s rico de Babilonia es un cl\u00e1sico atemporal que tiene la clave para todo lo que quieres y todo lo que deseas lograr en la vida. A trav\u00e9s de entretenidas historias sobre pastores, mercaderes y comerciantes de la antigua Babilonia, quienes fueron los primeros en descubrir las leyes universales de la prosperidad, George S. Clason brinda consejos concretos para crear, aumentar y preservar la riqueza. Amado por millones, este c\u00e9lebre \u00e9xito de ventas ofrece una comprensi\u00f3n y una soluci\u00f3n a los problemas financieros personales. Algunos de los principios financieros tratados en este libro incluyen: P\u00e1gate a ti mismo primero. No conf\u00ede en un alba\u00f1il para comprar joyas. No se deje atrapar por la emoci\u00f3n de otras personas. Vaya a buscar a los expertos. No ponga todos sus huevos en una sola canasta. (Diversifique su cartera.) Controle sus gastos. (Incluso el hombre m\u00e1s rico tiene una limitaci\u00f3n de tiempo en su vida. Haga lo que disfruta, pero no se exceda). Aumente su capacidad de ganar. Tener en cuenta estos principios b\u00e1sicos lo ayudar\u00e1 a superar los tiempos econ\u00f3micos dif\u00edciles y lo pondr\u00e1 en el camino hacia la riqueza.<\/p>\n","protected":false},"excerpt":{"rendered":"<p>George Samuel Clason<\/p>\n","protected":false},"featured_media":7063,"template":"","meta":{"_joinchat":[]},"product_brand":[],"product_cat":[58,41],"product_tag":[48],"class_list":{"0":"post-7062","1":"product","2":"type-product","3":"status-publish","4":"has-post-thumbnail","6":"product_cat-desarrollo-humano-y-superacion","7":"product_cat-desarrollo-humano","8":"product_tag-vr-editoras","10":"first","11":"instock","12":"shipping-taxable","13":"purchasable","14":"product-type-simple"},"_links":{"self":[{"href":"https:\/\/libreriahistoriasdebolsillo.com\/index.php\/wp-json\/wp\/v2\/product\/7062","targetHints":{"allow":["GET"]}}],"collection":[{"href":"https:\/\/libreriahistoriasdebolsillo.com\/index.php\/wp-json\/wp\/v2\/product"}],"about":[{"href":"https:\/\/libreriahistoriasdebolsillo.com\/index.php\/wp-json\/wp\/v2\/types\/product"}],"wp:featuredmedia":[{"embeddable":true,"href":"https:\/\/libreriahistoriasdebolsillo.com\/index.php\/wp-json\/wp\/v2\/media\/7063"}],"wp:attachment":[{"href":"https:\/\/libreriahistoriasdebolsillo.com\/index.php\/wp-json\/wp\/v2\/media?parent=7062"}],"wp:term":[{"taxonomy":"product_brand","embeddable":true,"href":"https:\/\/libreriahistoriasdebolsillo.com\/index.php\/wp-json\/wp\/v2\/product_brand?post=7062"},{"taxonomy":"product_cat","embeddable":true,"href":"https:\/\/libreriahistoriasdebolsillo.com\/index.php\/wp-json\/wp\/v2\/product_cat?post=7062"},{"taxonomy":"product_tag","embeddable":true,"href":"https:\/\/libreriahistoriasdebolsillo.com\/index.php\/wp-json\/wp\/v2\/product_tag?post=7062"}],"curies":[{"name":"wp","href":"https:\/\/api.w.org\/{rel}","templated":true}]}}