{"id":7064,"date":"2025-07-10T17:45:58","date_gmt":"2025-07-10T23:45:58","guid":{"rendered":"https:\/\/libreriahistoriasdebolsillo.com\/?post_type=product&#038;p=7064"},"modified":"2026-04-24T16:41:27","modified_gmt":"2026-04-24T22:41:27","slug":"como-entrar-y-cuando-salir-de-una-habitacion","status":"publish","type":"product","link":"https:\/\/libreriahistoriasdebolsillo.com\/index.php\/producto\/como-entrar-y-cuando-salir-de-una-habitacion\/","title":{"rendered":"C\u00f3mo entrar y cu\u00e1ndo salir de una habitaci\u00f3n"},"content":{"rendered":"<p>Si la vida fuera una casa, cada habitaci\u00f3n guardar\u00eda una historia. \u00bfQu\u00e9 hacemos cuando sentimos que ya no pertenecemos a la habitaci\u00f3n en la que estamos? \u00bfY cuando comenzamos a sentir la necesidad de un cambio pero no sabemos si es el momento adecuado? Aunque entramos y salimos de muchas habitaciones a lo largo de nuestra vida \u2014trabajos, relaciones, etapas\u2014 saber c\u00f3mo y cu\u00e1ndo es el momento de irse es una decisi\u00f3n que rara vez tiene una respuesta clara. C\u00f3mo entrar y cu\u00e1ndo salir de una habitaci\u00f3n nos ayuda a descubrir las se\u00f1ales silenciosas, matizadas y ocultas para cualquiera que se haga preguntas como: \u201c\u00bfes el momento de avanzar?\u201d, \u201c\u00bfqu\u00e9 pasa si me quedo y nada cambia?\u201d, \u201c\u00bfqu\u00e9 pasa si me voy y todo se desmorona?\u201d. A trav\u00e9s de preguntas que invitan a la reflexi\u00f3n, ejercicios pr\u00e1cticos e historias personales, este libro te ayudar\u00e1 a conocer y nombrar las red flag en tus espacios actuales, discernir la diferencia entre encontrarse en paz o evitar la incomodidad de cambiar, atravesar los finales incluso cuando no hay un cierre, encontrar la paz cuando te sientas listo pero no sea el momento y coraje para cuando sea el momento pero no te sientas preparado. Para cualquiera que est\u00e9 frente a un umbral y deba tomar una decisi\u00f3n, este libro lo ayudar\u00e1 a discernir el c\u00f3mo, cu\u00e1ndo y qu\u00e9 a la hora de salir de una relaci\u00f3n, un trabajo, una etapa y entrar en otros con paz y confianza.<\/p>\n","protected":false},"excerpt":{"rendered":"<p>Emily P. Freeman<\/p>\n<p>252 p\u00e1ginas<\/p>\n","protected":false},"featured_media":7065,"template":"","meta":{"_joinchat":[]},"product_brand":[],"product_cat":[58,70],"product_tag":[48],"class_list":{"0":"post-7064","1":"product","2":"type-product","3":"status-publish","4":"has-post-thumbnail","6":"product_cat-desarrollo-humano-y-superacion","7":"product_cat-novedades","8":"product_tag-vr-editoras","10":"first","11":"instock","12":"shipping-taxable","13":"purchasable","14":"product-type-simple"},"_links":{"self":[{"href":"https:\/\/libreriahistoriasdebolsillo.com\/index.php\/wp-json\/wp\/v2\/product\/7064","targetHints":{"allow":["GET"]}}],"collection":[{"href":"https:\/\/libreriahistoriasdebolsillo.com\/index.php\/wp-json\/wp\/v2\/product"}],"about":[{"href":"https:\/\/libreriahistoriasdebolsillo.com\/index.php\/wp-json\/wp\/v2\/types\/product"}],"wp:featuredmedia":[{"embeddable":true,"href":"https:\/\/libreriahistoriasdebolsillo.com\/index.php\/wp-json\/wp\/v2\/media\/7065"}],"wp:attachment":[{"href":"https:\/\/libreriahistoriasdebolsillo.com\/index.php\/wp-json\/wp\/v2\/media?parent=7064"}],"wp:term":[{"taxonomy":"product_brand","embeddable":true,"href":"https:\/\/libreriahistoriasdebolsillo.com\/index.php\/wp-json\/wp\/v2\/product_brand?post=7064"},{"taxonomy":"product_cat","embeddable":true,"href":"https:\/\/libreriahistoriasdebolsillo.com\/index.php\/wp-json\/wp\/v2\/product_cat?post=7064"},{"taxonomy":"product_tag","embeddable":true,"href":"https:\/\/libreriahistoriasdebolsillo.com\/index.php\/wp-json\/wp\/v2\/product_tag?post=7064"}],"curies":[{"name":"wp","href":"https:\/\/api.w.org\/{rel}","templated":true}]}}