{"id":7066,"date":"2025-07-10T17:47:17","date_gmt":"2025-07-10T23:47:17","guid":{"rendered":"https:\/\/libreriahistoriasdebolsillo.com\/?post_type=product&#038;p=7066"},"modified":"2025-07-11T10:11:19","modified_gmt":"2025-07-11T16:11:19","slug":"ingles-en-21-dias","status":"publish","type":"product","link":"https:\/\/libreriahistoriasdebolsillo.com\/index.php\/producto\/ingles-en-21-dias\/","title":{"rendered":"Ingl\u00e9s en 21 d\u00edas"},"content":{"rendered":"<p>Dominar la lengua inglesa es vital hoy en d\u00eda. Si durante a\u00f1os lo has intentado y abandonado por encontrarlo dif\u00edcil, laborioso o caro, est\u00e1s de enhorabuena: estas estrategias de memoria, tan revolucionarias como f\u00e1ciles de aplicar, te har\u00e1n aprender ingl\u00e9s en 21 d\u00edas. Un m\u00e9todo sencillo e infalible, dise\u00f1ado para aprender el ingl\u00e9s necesario para los estudios, el trabajo o el tiempo libre. Descubrir\u00e1s: las trampas que te impiden aprender; por qu\u00e9 leer y repetir no funciona; c\u00f3mo depositar a largo plazo en la memoria palabras y conceptos; el m\u00e9todo de inmersi\u00f3n total; el poder de los repasos programados y la t\u00e9cnica de la contraposici\u00f3n figura-fondo.<\/p>\n","protected":false},"excerpt":{"rendered":"<p>400 p\u00e1ginas<\/p>\n","protected":false},"featured_media":7067,"template":"","meta":{"_joinchat":[]},"product_brand":[],"product_cat":[41],"product_tag":[48],"class_list":{"0":"post-7066","1":"product","2":"type-product","3":"status-publish","4":"has-post-thumbnail","6":"product_cat-desarrollo-humano","7":"product_tag-vr-editoras","9":"first","10":"instock","11":"shipping-taxable","12":"purchasable","13":"product-type-simple"},"_links":{"self":[{"href":"https:\/\/libreriahistoriasdebolsillo.com\/index.php\/wp-json\/wp\/v2\/product\/7066","targetHints":{"allow":["GET"]}}],"collection":[{"href":"https:\/\/libreriahistoriasdebolsillo.com\/index.php\/wp-json\/wp\/v2\/product"}],"about":[{"href":"https:\/\/libreriahistoriasdebolsillo.com\/index.php\/wp-json\/wp\/v2\/types\/product"}],"wp:featuredmedia":[{"embeddable":true,"href":"https:\/\/libreriahistoriasdebolsillo.com\/index.php\/wp-json\/wp\/v2\/media\/7067"}],"wp:attachment":[{"href":"https:\/\/libreriahistoriasdebolsillo.com\/index.php\/wp-json\/wp\/v2\/media?parent=7066"}],"wp:term":[{"taxonomy":"product_brand","embeddable":true,"href":"https:\/\/libreriahistoriasdebolsillo.com\/index.php\/wp-json\/wp\/v2\/product_brand?post=7066"},{"taxonomy":"product_cat","embeddable":true,"href":"https:\/\/libreriahistoriasdebolsillo.com\/index.php\/wp-json\/wp\/v2\/product_cat?post=7066"},{"taxonomy":"product_tag","embeddable":true,"href":"https:\/\/libreriahistoriasdebolsillo.com\/index.php\/wp-json\/wp\/v2\/product_tag?post=7066"}],"curies":[{"name":"wp","href":"https:\/\/api.w.org\/{rel}","templated":true}]}}