{"id":7068,"date":"2025-07-10T17:49:40","date_gmt":"2025-07-10T23:49:40","guid":{"rendered":"https:\/\/libreriahistoriasdebolsillo.com\/?post_type=product&#038;p=7068"},"modified":"2025-07-11T10:11:13","modified_gmt":"2025-07-11T16:11:13","slug":"entrena-tu-mente-365-juegos-y-pasatiempos-de-ajedrez","status":"publish","type":"product","link":"https:\/\/libreriahistoriasdebolsillo.com\/index.php\/producto\/entrena-tu-mente-365-juegos-y-pasatiempos-de-ajedrez\/","title":{"rendered":"Entrena tu mente: 365 juegos y pasatiempos de ajedrez"},"content":{"rendered":"<p>ESTIMULA TU CEREBRO Y DESCUBRE LOS SECRETOS DEL AJEDREZ.<\/p>\n<p>Crucigramas, sudokus y otros pasatiempos cl\u00e1sicos \u2013 con tem\u00e1tica ajedrec\u00edstica \u2013 se combinan en este libro con problemas de mate, partidas famosas y rompecabezas originales basados en el movimiento y caracter\u00edsticas de las piezas de ajedrez. No se necesita ser un experto, basta con conocer lo m\u00e1s elemental del juego y afrontar los desaf\u00edos con curiosidad y esp\u00edritu creativo.<\/p>\n<p>Resolviendo estos retos pasar\u00e1s un rato entretenido a la vez que entrenar\u00e1s tu concentraci\u00f3n y mejorar\u00e1s tu capacidad l\u00f3gica y deductiva, mientras profundizas en los secretos del ajedrez.<\/p>\n<p>\u00a1Desaf\u00eda tu mente con los retos de ajedrez de Miguel Illescas!<\/p>\n","protected":false},"excerpt":{"rendered":"<p>Miguel Illescas<\/p>\n<p>280 p\u00e1ginas<\/p>\n","protected":false},"featured_media":7069,"template":"","meta":{"_joinchat":[]},"product_brand":[],"product_cat":[41],"product_tag":[48],"class_list":{"0":"post-7068","1":"product","2":"type-product","3":"status-publish","4":"has-post-thumbnail","6":"product_cat-desarrollo-humano","7":"product_tag-vr-editoras","9":"first","10":"instock","11":"shipping-taxable","12":"purchasable","13":"product-type-simple"},"_links":{"self":[{"href":"https:\/\/libreriahistoriasdebolsillo.com\/index.php\/wp-json\/wp\/v2\/product\/7068","targetHints":{"allow":["GET"]}}],"collection":[{"href":"https:\/\/libreriahistoriasdebolsillo.com\/index.php\/wp-json\/wp\/v2\/product"}],"about":[{"href":"https:\/\/libreriahistoriasdebolsillo.com\/index.php\/wp-json\/wp\/v2\/types\/product"}],"wp:featuredmedia":[{"embeddable":true,"href":"https:\/\/libreriahistoriasdebolsillo.com\/index.php\/wp-json\/wp\/v2\/media\/7069"}],"wp:attachment":[{"href":"https:\/\/libreriahistoriasdebolsillo.com\/index.php\/wp-json\/wp\/v2\/media?parent=7068"}],"wp:term":[{"taxonomy":"product_brand","embeddable":true,"href":"https:\/\/libreriahistoriasdebolsillo.com\/index.php\/wp-json\/wp\/v2\/product_brand?post=7068"},{"taxonomy":"product_cat","embeddable":true,"href":"https:\/\/libreriahistoriasdebolsillo.com\/index.php\/wp-json\/wp\/v2\/product_cat?post=7068"},{"taxonomy":"product_tag","embeddable":true,"href":"https:\/\/libreriahistoriasdebolsillo.com\/index.php\/wp-json\/wp\/v2\/product_tag?post=7068"}],"curies":[{"name":"wp","href":"https:\/\/api.w.org\/{rel}","templated":true}]}}