{"id":7070,"date":"2025-07-11T09:21:38","date_gmt":"2025-07-11T15:21:38","guid":{"rendered":"https:\/\/libreriahistoriasdebolsillo.com\/?post_type=product&#038;p=7070"},"modified":"2026-03-13T17:21:07","modified_gmt":"2026-03-13T23:21:07","slug":"meditaciones-3","status":"publish","type":"product","link":"https:\/\/libreriahistoriasdebolsillo.com\/index.php\/producto\/meditaciones-3\/","title":{"rendered":"Meditaciones"},"content":{"rendered":"<div class=\"a-expander-content a-expander-partial-collapse-content a-expander-content-expanded\" data-expanded=\"true\">\n<p>Las anotaciones autobiogr\u00e1ficas, las reflexiones y sentencias que Marco Aurelio fue escribiendo s\u00ed para mismo, durante sus \u00faltimos a\u00f1os de vida, componen un texto singular en la literatura antigua.<\/p>\n<p>Ning\u00fan otro gran personaje del mundo antiguo nos ha legado un testimonio personal tan sincero, tan hondo y tan pat\u00e9ticamente filos\u00f3fico. Marco Aurelio tuvo que vestir la p\u00farpura y la coraza del guerrero al frente de un inmenso y amenazado imperio. Sin ilusionarse con una Rep\u00fablica como la de Plat\u00f3n, intent\u00f3 portarse siempre como un fil\u00f3sofo estoico y un digno romano. Y lo consigui\u00f3.<\/p>\n<p>Este extra\u00f1o diario recoge sus pensamientos las noches de vigilia, sus vacilaciones, sus recuerdos agradecidos, los consejos repetidos a s\u00ed sus m\u00e1ximas y su desesperanza. Con todo ello, consigui\u00f3 una de las obras m\u00e1s perfectas sobre lo que debe ser un buen gobierno .<\/p>\n<p>&nbsp;<\/p>\n<p>Publicado originalmente en la BCG con el n\u00famero 5, este volumen presenta la versi\u00f3n de las Meditaciones de Marco Aurelio (empresa por Ram\u00f3n Bach Pellicer). La introducci\u00f3n original ha sido revisada y corregida por su autor, Carlos Garc\u00eda Gual (Real Academia Espa\u00f1ola), que ha ampliado y actualizado la introducci\u00f3n original.<\/p>\n<\/div>\n<div class=\"a-expander-header a-expander-partial-collapse-header\"><\/div>\n","protected":false},"excerpt":{"rendered":"<p>Marco Aurelio<\/p>\n<p>&nbsp;<\/p>\n","protected":false},"featured_media":7071,"template":"","meta":{"_joinchat":[]},"product_brand":[],"product_cat":[41],"product_tag":[48],"class_list":{"0":"post-7070","1":"product","2":"type-product","3":"status-publish","4":"has-post-thumbnail","6":"product_cat-desarrollo-humano","7":"product_tag-vr-editoras","9":"first","10":"instock","11":"shipping-taxable","12":"purchasable","13":"product-type-simple"},"_links":{"self":[{"href":"https:\/\/libreriahistoriasdebolsillo.com\/index.php\/wp-json\/wp\/v2\/product\/7070","targetHints":{"allow":["GET"]}}],"collection":[{"href":"https:\/\/libreriahistoriasdebolsillo.com\/index.php\/wp-json\/wp\/v2\/product"}],"about":[{"href":"https:\/\/libreriahistoriasdebolsillo.com\/index.php\/wp-json\/wp\/v2\/types\/product"}],"wp:featuredmedia":[{"embeddable":true,"href":"https:\/\/libreriahistoriasdebolsillo.com\/index.php\/wp-json\/wp\/v2\/media\/7071"}],"wp:attachment":[{"href":"https:\/\/libreriahistoriasdebolsillo.com\/index.php\/wp-json\/wp\/v2\/media?parent=7070"}],"wp:term":[{"taxonomy":"product_brand","embeddable":true,"href":"https:\/\/libreriahistoriasdebolsillo.com\/index.php\/wp-json\/wp\/v2\/product_brand?post=7070"},{"taxonomy":"product_cat","embeddable":true,"href":"https:\/\/libreriahistoriasdebolsillo.com\/index.php\/wp-json\/wp\/v2\/product_cat?post=7070"},{"taxonomy":"product_tag","embeddable":true,"href":"https:\/\/libreriahistoriasdebolsillo.com\/index.php\/wp-json\/wp\/v2\/product_tag?post=7070"}],"curies":[{"name":"wp","href":"https:\/\/api.w.org\/{rel}","templated":true}]}}