{"id":7073,"date":"2025-07-11T09:36:17","date_gmt":"2025-07-11T15:36:17","guid":{"rendered":"https:\/\/libreriahistoriasdebolsillo.com\/?post_type=product&#038;p=7073"},"modified":"2025-07-11T10:10:55","modified_gmt":"2025-07-11T16:10:55","slug":"corta-por-lo-sano","status":"publish","type":"product","link":"https:\/\/libreriahistoriasdebolsillo.com\/index.php\/producto\/corta-por-lo-sano\/","title":{"rendered":"\u00a1Corta por lo sano!"},"content":{"rendered":"<p>DESCUBRE C\u00d3MO TRANSFORMAR O NEUTRALIZAR LAS RELACIONES NOCIVAS. Es frecuente que en alg\u00fan momento de la vida nos veamos envueltos en relaciones, apegos y v\u00ednculos t\u00f3xicos que nos causan un gran surimiento. Y puede darse en toda clase de situaciones: en el trabajo, en la pareja, en la familia&#8230; Este libro, concebido como un manual de supervivencia, te invita a explorar y entender el oscuro territorio de las din\u00e1micas negativas que pueden estar perjudicando severamente tu salud emocional o la de otra persona. Con esta lectura descubrir\u00e1s los elementos que contribuyen a la toxicidad de las relaciones y aprender\u00e1s a transformarlas o a contrarrestarlas. Encontrar\u00e1s las herramientas para: Reconocer las se\u00f1ales de peligro que identifican conductas de manipulaci\u00f3n, chantaje, presi\u00f3n, maltrato o violencia psicol\u00f3gica y de otros tipos. Observar c\u00f3mo sueles responder a estas situaciones y aprender a poner l\u00edmites y protegerte de forma asertiva. Percibir los signos de malestar y las reacciones psicosom\u00e1ticas que puedes haber desarrollado. Identificar patrones relacionales y din\u00e1micas nocivas que se repiten en tu vida, entender qu\u00e9 te ata a una relaci\u00f3n t\u00f3xica y aprender a salir de su telara\u00f1a emocional y de su rueda de violencia. Trabajar tu autoestima, recuperar el equilibrio y aprender a cultivar relaciones saludables. M\u00e1s all\u00e1 del tema de las relaciones interpersonales, es todo un libro de cabecera para el crecimiento personal. Ilustrado y lleno de t\u00e9cnicas psicol\u00f3gicas y ejercicios pr\u00e1cticos.<\/p>\n","protected":false},"excerpt":{"rendered":"<p>Dr. Oriol Lugo<br \/>\n352 p\u00e1ginas<\/p>\n","protected":false},"featured_media":7074,"template":"","meta":{"_joinchat":[]},"product_brand":[],"product_cat":[58,41],"product_tag":[48],"class_list":{"0":"post-7073","1":"product","2":"type-product","3":"status-publish","4":"has-post-thumbnail","6":"product_cat-desarrollo-humano-y-superacion","7":"product_cat-desarrollo-humano","8":"product_tag-vr-editoras","10":"first","11":"instock","12":"shipping-taxable","13":"purchasable","14":"product-type-simple"},"_links":{"self":[{"href":"https:\/\/libreriahistoriasdebolsillo.com\/index.php\/wp-json\/wp\/v2\/product\/7073","targetHints":{"allow":["GET"]}}],"collection":[{"href":"https:\/\/libreriahistoriasdebolsillo.com\/index.php\/wp-json\/wp\/v2\/product"}],"about":[{"href":"https:\/\/libreriahistoriasdebolsillo.com\/index.php\/wp-json\/wp\/v2\/types\/product"}],"wp:featuredmedia":[{"embeddable":true,"href":"https:\/\/libreriahistoriasdebolsillo.com\/index.php\/wp-json\/wp\/v2\/media\/7074"}],"wp:attachment":[{"href":"https:\/\/libreriahistoriasdebolsillo.com\/index.php\/wp-json\/wp\/v2\/media?parent=7073"}],"wp:term":[{"taxonomy":"product_brand","embeddable":true,"href":"https:\/\/libreriahistoriasdebolsillo.com\/index.php\/wp-json\/wp\/v2\/product_brand?post=7073"},{"taxonomy":"product_cat","embeddable":true,"href":"https:\/\/libreriahistoriasdebolsillo.com\/index.php\/wp-json\/wp\/v2\/product_cat?post=7073"},{"taxonomy":"product_tag","embeddable":true,"href":"https:\/\/libreriahistoriasdebolsillo.com\/index.php\/wp-json\/wp\/v2\/product_tag?post=7073"}],"curies":[{"name":"wp","href":"https:\/\/api.w.org\/{rel}","templated":true}]}}