{"id":7075,"date":"2025-07-11T09:41:04","date_gmt":"2025-07-11T15:41:04","guid":{"rendered":"https:\/\/libreriahistoriasdebolsillo.com\/?post_type=product&#038;p=7075"},"modified":"2025-07-11T10:10:47","modified_gmt":"2025-07-11T16:10:47","slug":"elogio-de-la-lentitud","status":"publish","type":"product","link":"https:\/\/libreriahistoriasdebolsillo.com\/index.php\/producto\/elogio-de-la-lentitud\/","title":{"rendered":"Elogio de la lentitud"},"content":{"rendered":"<div id=\"bookDescription_feature_div\" class=\"celwidget\" data-feature-name=\"bookDescription\" data-csa-c-type=\"widget\" data-csa-c-content-id=\"bookDescription\" data-csa-c-slot-id=\"bookDescription_feature_div\" data-csa-c-asin=\"849056468X\" data-csa-c-is-in-initial-active-row=\"false\" data-csa-c-id=\"gl6yyd-klhqbn-mq6j0f-3uw94c\" data-cel-widget=\"bookDescription_feature_div\">\n<div class=\"a-expander-collapsed-height a-row a-expander-container a-spacing-base a-expander-partial-collapse-container\" data-a-expander-name=\"book_description_expander\" data-a-expander-collapsed-height=\"280\">\n<div class=\"a-expander-content a-expander-partial-collapse-content\" data-expanded=\"false\">EN UN MUNDO ADICTO A LA VELOCIDAD, LA LENTITUD ES UN SUPERPODER. El mundo se mueve m\u00e1s r\u00e1pido que nunca. Nos esforzamos por hacer las cosas m\u00e1s deprisa, por hacer m\u00e1s cosas por minuto, por hora, cada d\u00eda. Pero pagamos un precio muy alto por someternos a este ritmo de vida vertiginoso. En esta obra fundacional del movimiento Slow, Carl Honor\u00e9 recorre la historia de nuestra relaci\u00f3n cada vez m\u00e1s dependiente del tiempo y aborda las consecuencias en distintos campos, como la comida, el trabajo, la salud o el sexo. Su manifiesto nos invita a replantearnos nuestras vidas aceleradas y a unirnos a una revoluci\u00f3n moderna, apoyada en la filosof\u00eda de la lentitud, gracias a la cual descubriremos la energ\u00eda necesaria para llevar una vida eficiente y significativa. Porque para todos es posible y necesario vivir con m\u00e1s sosiego y ganar con ello salud y bienestar.<\/div>\n<\/div>\n<\/div>\n<div id=\"globalStoreInfoBullets_feature_div\" class=\"celwidget\" data-feature-name=\"globalStoreInfoBullets\" data-csa-c-type=\"widget\" data-csa-c-content-id=\"globalStoreInfoBullets\" data-csa-c-slot-id=\"globalStoreInfoBullets_feature_div\" data-csa-c-asin=\"849056468X\" data-csa-c-is-in-initial-active-row=\"false\" data-csa-c-id=\"jll7hx-hnss8b-zd26es-a2d0p5\" data-cel-widget=\"globalStoreInfoBullets_feature_div\"><\/div>\n<div id=\"buyingOptionNostosBadge_feature_div\" class=\"celwidget\" data-feature-name=\"buyingOptionNostosBadge\" data-csa-c-type=\"widget\" data-csa-c-content-id=\"buyingOptionNostosBadge\" data-csa-c-slot-id=\"buyingOptionNostosBadge_feature_div\" data-csa-c-asin=\"849056468X\" data-csa-c-is-in-initial-active-row=\"false\" data-csa-c-id=\"9w57gw-xv3qbn-4o5sha-693gg9\" data-cel-widget=\"buyingOptionNostosBadge_feature_div\"><\/div>\n<div id=\"tellAmazon_feature_div\" class=\"celwidget\" data-feature-name=\"tellAmazon\" data-csa-c-type=\"widget\" data-csa-c-content-id=\"tellAmazon\" data-csa-c-slot-id=\"tellAmazon_feature_div\" data-csa-c-asin=\"849056468X\" data-csa-c-is-in-initial-active-row=\"false\" data-csa-c-id=\"d3wbpu-wgi99g-aeperg-rpzu1\" data-cel-widget=\"tellAmazon_feature_div\">\n<div class=\"celwidget c-f\" data-csa-op-log-render=\"\" data-csa-c-content-id=\"DsUnknown\" data-csa-c-slot-id=\"DsUnknown-1\" data-csa-c-type=\"widget\" data-csa-c-painter=\"tell-amazon-desktop-cards\" data-csa-c-id=\"5f8rrs-nns1af-7p4s5-fddzcp\" data-cel-widget=\"tell-amazon-desktop_DetailPage_0\">\n<div id=\"CardInstance6h2IQAQ0ixKb7-uNzw_T7g\" data-card-metrics-id=\"tell-amazon-desktop_DetailPage_0\" data-acp-tracking=\"{}\" data-mix-claimed=\"true\">\n<div class=\"_tell-amazon-desktop_style_tell_amazon_div__1YDZk\" data-asin=\"849056468X\" data-marketplace=\"A1AM78C64UM0Y8\" data-logged-in=\"true\"><\/div>\n<\/div>\n<\/div>\n<\/div>\n","protected":false},"excerpt":{"rendered":"<p>Carl Honor\u00e9<br \/>\n316 p\u00e1ginas<\/p>\n","protected":false},"featured_media":7076,"template":"","meta":{"_joinchat":[]},"product_brand":[],"product_cat":[58,41],"product_tag":[48],"class_list":{"0":"post-7075","1":"product","2":"type-product","3":"status-publish","4":"has-post-thumbnail","6":"product_cat-desarrollo-humano-y-superacion","7":"product_cat-desarrollo-humano","8":"product_tag-vr-editoras","10":"first","11":"instock","12":"shipping-taxable","13":"purchasable","14":"product-type-simple"},"_links":{"self":[{"href":"https:\/\/libreriahistoriasdebolsillo.com\/index.php\/wp-json\/wp\/v2\/product\/7075","targetHints":{"allow":["GET"]}}],"collection":[{"href":"https:\/\/libreriahistoriasdebolsillo.com\/index.php\/wp-json\/wp\/v2\/product"}],"about":[{"href":"https:\/\/libreriahistoriasdebolsillo.com\/index.php\/wp-json\/wp\/v2\/types\/product"}],"wp:featuredmedia":[{"embeddable":true,"href":"https:\/\/libreriahistoriasdebolsillo.com\/index.php\/wp-json\/wp\/v2\/media\/7076"}],"wp:attachment":[{"href":"https:\/\/libreriahistoriasdebolsillo.com\/index.php\/wp-json\/wp\/v2\/media?parent=7075"}],"wp:term":[{"taxonomy":"product_brand","embeddable":true,"href":"https:\/\/libreriahistoriasdebolsillo.com\/index.php\/wp-json\/wp\/v2\/product_brand?post=7075"},{"taxonomy":"product_cat","embeddable":true,"href":"https:\/\/libreriahistoriasdebolsillo.com\/index.php\/wp-json\/wp\/v2\/product_cat?post=7075"},{"taxonomy":"product_tag","embeddable":true,"href":"https:\/\/libreriahistoriasdebolsillo.com\/index.php\/wp-json\/wp\/v2\/product_tag?post=7075"}],"curies":[{"name":"wp","href":"https:\/\/api.w.org\/{rel}","templated":true}]}}