{"id":7077,"date":"2025-07-11T09:45:21","date_gmt":"2025-07-11T15:45:21","guid":{"rendered":"https:\/\/libreriahistoriasdebolsillo.com\/?post_type=product&#038;p=7077"},"modified":"2025-11-10T13:21:14","modified_gmt":"2025-11-10T19:21:14","slug":"aprende-a-gestionar-tus-emociones-entiende-lo-que-sientes-y-vive-mejor","status":"publish","type":"product","link":"https:\/\/libreriahistoriasdebolsillo.com\/index.php\/producto\/aprende-a-gestionar-tus-emociones-entiende-lo-que-sientes-y-vive-mejor\/","title":{"rendered":"Aprende a gestionar tus emociones: Entiende lo que sientes y vive mejor"},"content":{"rendered":"<p>Incertidumbre, ira, desesperaci\u00f3n, envidia&#8230; Vivimos en una sociedad que tiene fobia a las emociones desagradables, y muchos de nosotros no sabemos c\u00f3mo gestionarlas para dejar de sufrir. En este libro, Liz Fosslien y Mollie West Duffy entretejen sus experiencias personales con investigaciones sorprendentes, examinando las emociones que nos resultan m\u00e1s inc\u00f3modas y presentando nuevas estrategias para manejarlas. Apoy\u00e1ndose en ilustraciones divertidas y ejemplos pertinentes, las autoras nos ense\u00f1an de un modo muy claro y pr\u00e1ctico que el hecho de reconocer y aceptar nuestros sentimientos, en lugar de negarlos y huir de ellos, permite que podamos afrontar mucho mejor las emociones que nos disgustan. De gran utilidad para mejorar nuestra salud mental, la lectura de este libro demuestra que experimentar emociones dif\u00edciles es algo totalmente normal y que es posible superarlas y salir de ellas con un sentido renovado.<\/p>\n","protected":false},"excerpt":{"rendered":"<p>Liz Fosslien y Mollie West Duffy<br \/>\n336 p\u00e1ginas<\/p>\n","protected":false},"featured_media":7078,"template":"","meta":{"_joinchat":[]},"product_brand":[],"product_cat":[58,41],"product_tag":[48],"class_list":{"0":"post-7077","1":"product","2":"type-product","3":"status-publish","4":"has-post-thumbnail","6":"product_cat-desarrollo-humano-y-superacion","7":"product_cat-desarrollo-humano","8":"product_tag-vr-editoras","10":"first","11":"instock","12":"shipping-taxable","13":"purchasable","14":"product-type-simple"},"_links":{"self":[{"href":"https:\/\/libreriahistoriasdebolsillo.com\/index.php\/wp-json\/wp\/v2\/product\/7077","targetHints":{"allow":["GET"]}}],"collection":[{"href":"https:\/\/libreriahistoriasdebolsillo.com\/index.php\/wp-json\/wp\/v2\/product"}],"about":[{"href":"https:\/\/libreriahistoriasdebolsillo.com\/index.php\/wp-json\/wp\/v2\/types\/product"}],"wp:featuredmedia":[{"embeddable":true,"href":"https:\/\/libreriahistoriasdebolsillo.com\/index.php\/wp-json\/wp\/v2\/media\/7078"}],"wp:attachment":[{"href":"https:\/\/libreriahistoriasdebolsillo.com\/index.php\/wp-json\/wp\/v2\/media?parent=7077"}],"wp:term":[{"taxonomy":"product_brand","embeddable":true,"href":"https:\/\/libreriahistoriasdebolsillo.com\/index.php\/wp-json\/wp\/v2\/product_brand?post=7077"},{"taxonomy":"product_cat","embeddable":true,"href":"https:\/\/libreriahistoriasdebolsillo.com\/index.php\/wp-json\/wp\/v2\/product_cat?post=7077"},{"taxonomy":"product_tag","embeddable":true,"href":"https:\/\/libreriahistoriasdebolsillo.com\/index.php\/wp-json\/wp\/v2\/product_tag?post=7077"}],"curies":[{"name":"wp","href":"https:\/\/api.w.org\/{rel}","templated":true}]}}