{"id":7079,"date":"2025-07-11T09:48:42","date_gmt":"2025-07-11T15:48:42","guid":{"rendered":"https:\/\/libreriahistoriasdebolsillo.com\/?post_type=product&#038;p=7079"},"modified":"2025-07-11T10:10:32","modified_gmt":"2025-07-11T16:10:32","slug":"eres-lo-que-comunicas-los-diez-mandamientos-del-buen-comunicador","status":"publish","type":"product","link":"https:\/\/libreriahistoriasdebolsillo.com\/index.php\/producto\/eres-lo-que-comunicas-los-diez-mandamientos-del-buen-comunicador\/","title":{"rendered":"Eres lo que comunicas: Los diez mandamientos del buen comunicador"},"content":{"rendered":"<p>Aprender a comunicar con Manuel Campo Vidal. \u00abAtenci\u00f3n al poder de la palabra\u00bb. Manuel Campo Vidal, soci\u00f3logo, profesor de comunicaci\u00f3n y reconocido periodista, lo sabe mejor que nadie: somos lo que comunicamos, y por eso en este libro se identifican, se describen y articulan las claves para conseguir la excelencia comunicativa: la palabra y su poder, el valor del silencio, la escucha imprescindible y el impacto de la emoci\u00f3n. Una obra eminentemente pr\u00e1ctica, porque con t\u00e9cnica, trabajo y ensayo se puede lograr ser un excelente comunicador que sorprenda al auditorio, que emocione con sus palabras y tambi\u00e9n con sus silencios, y Manuel Campo Vidal es, tal vez, el mejor profesor en la materia para ense\u00f1arnos a serlo.<\/p>\n","protected":false},"excerpt":{"rendered":"<p>Manuel Campo Vidal<br \/>\n208 p\u00e1ginas<\/p>\n","protected":false},"featured_media":7080,"template":"","meta":{"_joinchat":[]},"product_brand":[],"product_cat":[58,41],"product_tag":[48],"class_list":{"0":"post-7079","1":"product","2":"type-product","3":"status-publish","4":"has-post-thumbnail","6":"product_cat-desarrollo-humano-y-superacion","7":"product_cat-desarrollo-humano","8":"product_tag-vr-editoras","10":"first","11":"instock","12":"shipping-taxable","13":"purchasable","14":"product-type-simple"},"_links":{"self":[{"href":"https:\/\/libreriahistoriasdebolsillo.com\/index.php\/wp-json\/wp\/v2\/product\/7079","targetHints":{"allow":["GET"]}}],"collection":[{"href":"https:\/\/libreriahistoriasdebolsillo.com\/index.php\/wp-json\/wp\/v2\/product"}],"about":[{"href":"https:\/\/libreriahistoriasdebolsillo.com\/index.php\/wp-json\/wp\/v2\/types\/product"}],"wp:featuredmedia":[{"embeddable":true,"href":"https:\/\/libreriahistoriasdebolsillo.com\/index.php\/wp-json\/wp\/v2\/media\/7080"}],"wp:attachment":[{"href":"https:\/\/libreriahistoriasdebolsillo.com\/index.php\/wp-json\/wp\/v2\/media?parent=7079"}],"wp:term":[{"taxonomy":"product_brand","embeddable":true,"href":"https:\/\/libreriahistoriasdebolsillo.com\/index.php\/wp-json\/wp\/v2\/product_brand?post=7079"},{"taxonomy":"product_cat","embeddable":true,"href":"https:\/\/libreriahistoriasdebolsillo.com\/index.php\/wp-json\/wp\/v2\/product_cat?post=7079"},{"taxonomy":"product_tag","embeddable":true,"href":"https:\/\/libreriahistoriasdebolsillo.com\/index.php\/wp-json\/wp\/v2\/product_tag?post=7079"}],"curies":[{"name":"wp","href":"https:\/\/api.w.org\/{rel}","templated":true}]}}