{"id":7083,"date":"2025-07-11T09:53:46","date_gmt":"2025-07-11T15:53:46","guid":{"rendered":"https:\/\/libreriahistoriasdebolsillo.com\/?post_type=product&#038;p=7083"},"modified":"2025-07-11T10:10:17","modified_gmt":"2025-07-11T16:10:17","slug":"eneida","status":"publish","type":"product","link":"https:\/\/libreriahistoriasdebolsillo.com\/index.php\/producto\/eneida\/","title":{"rendered":"Eneida"},"content":{"rendered":"<p>Tras la quema de Troya a manos de los griegos, Eneas parte hacia una tierra extra\u00f1a, en la que hab\u00eda de encontrar su nuevo hogar. En su viaje por mar, el hijo de Venus arrostrar\u00e1 numerosas dificultades hasta llegar a su destino en la costa italiana, e incluso all\u00ed se ver\u00e1 obligado a entablar una guerra contra los pueblos it\u00e1licos, para conseguir al fin fundar una ciudad llamada a convertirse en cabeza del mundo.<\/p>\n<p>M\u00e1s all\u00e1 de las evidentes funciones pol\u00edticas y sus distintos niveles tem\u00e1ticos, la\u00a0<span class=\"a-text-italic\">Eneida<\/span>\u00a0narra la gesta de un h\u00e9roe exiliado de su patria y nos ofrece la gran epopeya de los or\u00edgenes romanos. Esta obra, que sirvi\u00f3 al tiempo como justificaci\u00f3n y exaltaci\u00f3n del nuevo r\u00e9gimen impuesto por el emperador Augusto, es una magistral combinaci\u00f3n entre el pasado legendario de Roma y su historia reciente.<\/p>\n<p>Publicado originalmente en la BCG con el n\u00famero 166, este volumen presenta la versi\u00f3n de la\u00a0<span class=\"a-text-italic\">Eneida<\/span>\u00a0a cargo de Javier de Echave-Sustaeta. La introducci\u00f3n ha sido revisada y corregida por su autor, Vicente Crist\u00f3bal L\u00f3pez (catedr\u00e1tico de Filolog\u00eda latina de la Universidad Complutense de Madrid).<\/p>\n","protected":false},"excerpt":{"rendered":"<p>Virgilio<\/p>\n<p>&nbsp;<\/p>\n","protected":false},"featured_media":7084,"template":"","meta":{"_joinchat":[]},"product_brand":[],"product_cat":[41],"product_tag":[48],"class_list":{"0":"post-7083","1":"product","2":"type-product","3":"status-publish","4":"has-post-thumbnail","6":"product_cat-desarrollo-humano","7":"product_tag-vr-editoras","9":"first","10":"instock","11":"shipping-taxable","12":"purchasable","13":"product-type-simple"},"_links":{"self":[{"href":"https:\/\/libreriahistoriasdebolsillo.com\/index.php\/wp-json\/wp\/v2\/product\/7083","targetHints":{"allow":["GET"]}}],"collection":[{"href":"https:\/\/libreriahistoriasdebolsillo.com\/index.php\/wp-json\/wp\/v2\/product"}],"about":[{"href":"https:\/\/libreriahistoriasdebolsillo.com\/index.php\/wp-json\/wp\/v2\/types\/product"}],"wp:featuredmedia":[{"embeddable":true,"href":"https:\/\/libreriahistoriasdebolsillo.com\/index.php\/wp-json\/wp\/v2\/media\/7084"}],"wp:attachment":[{"href":"https:\/\/libreriahistoriasdebolsillo.com\/index.php\/wp-json\/wp\/v2\/media?parent=7083"}],"wp:term":[{"taxonomy":"product_brand","embeddable":true,"href":"https:\/\/libreriahistoriasdebolsillo.com\/index.php\/wp-json\/wp\/v2\/product_brand?post=7083"},{"taxonomy":"product_cat","embeddable":true,"href":"https:\/\/libreriahistoriasdebolsillo.com\/index.php\/wp-json\/wp\/v2\/product_cat?post=7083"},{"taxonomy":"product_tag","embeddable":true,"href":"https:\/\/libreriahistoriasdebolsillo.com\/index.php\/wp-json\/wp\/v2\/product_tag?post=7083"}],"curies":[{"name":"wp","href":"https:\/\/api.w.org\/{rel}","templated":true}]}}