{"id":7089,"date":"2025-07-16T12:03:58","date_gmt":"2025-07-16T18:03:58","guid":{"rendered":"https:\/\/libreriahistoriasdebolsillo.com\/?post_type=product&#038;p=7089"},"modified":"2025-11-11T10:51:59","modified_gmt":"2025-11-11T16:51:59","slug":"reina-de-tu-vida","status":"publish","type":"product","link":"https:\/\/libreriahistoriasdebolsillo.com\/index.php\/producto\/reina-de-tu-vida\/","title":{"rendered":"Reina de tu vida"},"content":{"rendered":"<p><b>Descubre 12 mandatos de amor propio de mujeres ic\u00f3nicas que hicieron historia.<\/b><\/p>\n<p>Los hombres inmaduros, las amigas falsas, el trabajo que no soportas y los malos h\u00e1bitos te est\u00e1n pasando factura. No has nacido para que nadie te condene a la miseria, as\u00ed que manda todo eso a la mierda y coge este libro. Ser\u00e1 la Biblia que leas<\/p>\n<p>cuando el t\u00edo con el que te ilusionaste te d\u00e9 plant\u00f3n, cuando tus amigas queden sin ti, o cuando quieras arrancarle la cabeza a tu jefe y sientas que no tienes fuerza suficiente. Cada vez que la vida te lo ponga dif\u00edcil, este libro ser\u00e1 quien te diga:<\/p>\n<p><b>Puedes con esto y puedes con m\u00e1s, princesa de los mares.<\/b><\/p>\n<p>Eres la mejor carta de la baraja y la soberana de tu existencia. Puede que no tengas t\u00edtulo, pero eres una reina y tu vida es tu reinado. Tu corona solo se tambalea cuando agachas la cabeza, te hablas mal a ti misma o permites que los dem\u00e1s te traten como no te mereces.<\/p>\n<p><b>Descubre 12 mandatos de amor propio de mujeres ic\u00f3nicas que hicieron historia.<\/b><\/p>\n<p>Los 12 mandatos para vivir como una reina<\/p>\n<p>1. Har\u00e1s lo que los dem\u00e1s no esperan de ti.<\/p>\n<p>2. Ser\u00e1s la reina del \u00abquiero y puedo\u00bb.<\/p>\n<p>3. Estar\u00e1s sentenciada a ser sublime.<\/p>\n<p>4. Eres y ser\u00e1s m\u00e1s que suficiente.<\/p>\n<p>5. Gozar\u00e1s del arte de la alquimia.<\/p>\n<p>6. Por y para siempre, ser\u00e1s irreemplazable.<\/p>\n<p>7. Dar\u00e1s importancia a lo verdaderamente importante.<\/p>\n<p>8. Nadie pasar\u00e1 por encima de tu cad\u00e1ver.<\/p>\n<p>9. Escoger\u00e1s \u00abantes bueno por conocer que malo conocido\u00bb.<\/p>\n<p>10. Dir\u00e1s siempre lo que piensas sin escr\u00fapulos.<\/p>\n<p>11. Todo esfuerzo tendr\u00e1 su recompensa.<\/p>\n<p>12. Prep\u00e1rate para luchar.<\/p>\n","protected":false},"excerpt":{"rendered":"<p>Mar\u00eda Riballo<\/p>\n<p>256 p\u00e1ginas<\/p>\n","protected":false},"featured_media":7090,"template":"","meta":{"_joinchat":[]},"product_brand":[],"product_cat":[58,41,70],"product_tag":[34],"class_list":{"0":"post-7089","1":"product","2":"type-product","3":"status-publish","4":"has-post-thumbnail","6":"product_cat-desarrollo-humano-y-superacion","7":"product_cat-desarrollo-humano","8":"product_cat-novedades","9":"product_tag-penguin-random-house","11":"first","12":"outofstock","13":"shipping-taxable","14":"purchasable","15":"product-type-simple"},"_links":{"self":[{"href":"https:\/\/libreriahistoriasdebolsillo.com\/index.php\/wp-json\/wp\/v2\/product\/7089","targetHints":{"allow":["GET"]}}],"collection":[{"href":"https:\/\/libreriahistoriasdebolsillo.com\/index.php\/wp-json\/wp\/v2\/product"}],"about":[{"href":"https:\/\/libreriahistoriasdebolsillo.com\/index.php\/wp-json\/wp\/v2\/types\/product"}],"wp:featuredmedia":[{"embeddable":true,"href":"https:\/\/libreriahistoriasdebolsillo.com\/index.php\/wp-json\/wp\/v2\/media\/7090"}],"wp:attachment":[{"href":"https:\/\/libreriahistoriasdebolsillo.com\/index.php\/wp-json\/wp\/v2\/media?parent=7089"}],"wp:term":[{"taxonomy":"product_brand","embeddable":true,"href":"https:\/\/libreriahistoriasdebolsillo.com\/index.php\/wp-json\/wp\/v2\/product_brand?post=7089"},{"taxonomy":"product_cat","embeddable":true,"href":"https:\/\/libreriahistoriasdebolsillo.com\/index.php\/wp-json\/wp\/v2\/product_cat?post=7089"},{"taxonomy":"product_tag","embeddable":true,"href":"https:\/\/libreriahistoriasdebolsillo.com\/index.php\/wp-json\/wp\/v2\/product_tag?post=7089"}],"curies":[{"name":"wp","href":"https:\/\/api.w.org\/{rel}","templated":true}]}}