{"id":709,"date":"2023-11-20T15:43:42","date_gmt":"2023-11-20T21:43:42","guid":{"rendered":"https:\/\/libreriahistoriasdebolsillo.com\/?post_type=product&#038;p=709"},"modified":"2025-06-28T13:07:18","modified_gmt":"2025-06-28T19:07:18","slug":"noche-de-luz","status":"publish","type":"product","link":"https:\/\/libreriahistoriasdebolsillo.com\/index.php\/producto\/noche-de-luz\/","title":{"rendered":"Noche de luz"},"content":{"rendered":"<p>Jay Asher, autor best seller #1 de The New York Times, nos trae un romance que romper\u00e1 tu coraz\u00f3n en mil pedazos. Noche de luz es una historia dulce y desgarradora sobre el primer amor y el perd\u00f3n. Trata sobre las segundas oportunidades y sobre aprender a ver a las personas por lo que realmente son. Sierra est\u00e1 de paso por la ciudad junto a su familia, como lo hacen todos los a\u00f1os, por eso intentan no crear v\u00ednculos con nadie. Caleb necesita perdonarse por algo horrible que hizo. Aunque reci\u00e9n cuando conoce a Sierra se da cuenta de ello.<\/p>\n<div id=\"deepCheckPromise_feature_div\" class=\"celwidget\" data-feature-name=\"deepCheckPromise\" data-csa-c-type=\"widget\" data-csa-c-content-id=\"deepCheckPromise\" data-csa-c-slot-id=\"deepCheckPromise_feature_div\" data-csa-c-asin=\"9877472112\" data-csa-c-is-in-initial-active-row=\"false\" data-csa-c-id=\"xvxtro-wjki04-a50r4p-qa2x2a\" data-cel-widget=\"deepCheckPromise_feature_div\">Un romance en plena Navidad, trata sobre la importancia de no dejarse llevar por los rumores y darse la oportunidad de conocer realmente a la otra persona.<\/div>\n","protected":false},"excerpt":{"rendered":"<p>Jay Asher<\/p>\n","protected":false},"featured_media":710,"template":"","meta":{"_joinchat":[]},"product_brand":[],"product_cat":[52,35],"product_tag":[48],"class_list":{"0":"post-709","1":"product","2":"type-product","3":"status-publish","4":"has-post-thumbnail","6":"product_cat-juvenil","7":"product_cat-romantica","8":"product_tag-vr-editoras","10":"first","11":"outofstock","12":"shipping-taxable","13":"purchasable","14":"product-type-simple"},"_links":{"self":[{"href":"https:\/\/libreriahistoriasdebolsillo.com\/index.php\/wp-json\/wp\/v2\/product\/709","targetHints":{"allow":["GET"]}}],"collection":[{"href":"https:\/\/libreriahistoriasdebolsillo.com\/index.php\/wp-json\/wp\/v2\/product"}],"about":[{"href":"https:\/\/libreriahistoriasdebolsillo.com\/index.php\/wp-json\/wp\/v2\/types\/product"}],"wp:featuredmedia":[{"embeddable":true,"href":"https:\/\/libreriahistoriasdebolsillo.com\/index.php\/wp-json\/wp\/v2\/media\/710"}],"wp:attachment":[{"href":"https:\/\/libreriahistoriasdebolsillo.com\/index.php\/wp-json\/wp\/v2\/media?parent=709"}],"wp:term":[{"taxonomy":"product_brand","embeddable":true,"href":"https:\/\/libreriahistoriasdebolsillo.com\/index.php\/wp-json\/wp\/v2\/product_brand?post=709"},{"taxonomy":"product_cat","embeddable":true,"href":"https:\/\/libreriahistoriasdebolsillo.com\/index.php\/wp-json\/wp\/v2\/product_cat?post=709"},{"taxonomy":"product_tag","embeddable":true,"href":"https:\/\/libreriahistoriasdebolsillo.com\/index.php\/wp-json\/wp\/v2\/product_tag?post=709"}],"curies":[{"name":"wp","href":"https:\/\/api.w.org\/{rel}","templated":true}]}}