{"id":7091,"date":"2025-07-16T12:06:50","date_gmt":"2025-07-16T18:06:50","guid":{"rendered":"https:\/\/libreriahistoriasdebolsillo.com\/?post_type=product&#038;p=7091"},"modified":"2025-11-11T10:52:10","modified_gmt":"2025-11-11T16:52:10","slug":"los-favoritos","status":"publish","type":"product","link":"https:\/\/libreriahistoriasdebolsillo.com\/index.php\/producto\/los-favoritos\/","title":{"rendered":"Los favoritos"},"content":{"rendered":"<p><b>Descubre la tormentosa historia de amor que est\u00e1 causando furor internacional.<\/b><\/p>\n<p><b>Una \u00e9pica historia de amor<\/b>\u00a0<b>inspirada en el cl\u00e1sico<\/b>\u00a0<i><b>Cumbres borrascosas<\/b><\/i><b>,<\/b>\u00a0<b>ambientada en el despiadado mundo del patinaje art\u00edstico de \u00e9lite y<\/b>\u00a0<b>con una protagonista decidida a labrarse su propio camino dentro y fuera del hielo.<\/b><\/p>\n<p><b>\u00abTodo el mundo cree que Heath Rocha fue mi primer amor. No es cierto.<\/b>\u00a0<b>Mi primer amor fue el patinaje art\u00edstico\u00bb.<\/b><\/p>\n<p>Katarina Shaw siempre ha sabido que estaba destinada a llegar a lo m\u00e1s alto. Cuando conoce a Heath Rocha, un chico solitario, su conexi\u00f3n instant\u00e1nea los convierte en un d\u00fao formidable sobre el hielo&#8230; Hasta que un impactante incidente en los Juegos Ol\u00edmpicos los separa definitivamente.<\/p>\n<p>A\u00f1os despu\u00e9s, por el d\u00e9cimo aniversario de la \u00faltima vez que patinaron juntos, un documental reaviva la obsesi\u00f3n p\u00fablica al afirmar revelar \u00abla verdad sobre Shaw y Rocha\u00bb a trav\u00e9s de entrevistas con sus amigos y sus rivales. Kat no quiere tener nada que ver, pero tampoco puede soportar la idea de que otros definan su legado. As\u00ed que, despu\u00e9s de una d\u00e9cada de silencio, cuenta su historia: desde las tragedias de la infancia que la unieron a Heath hasta el choque de deseos que los separ\u00f3.<\/p>\n<p>Y resulta que, a pesar de que los rumores han seguido cada uno de sus pasos durante a\u00f1os, la verdad puede ser a\u00fan m\u00e1s impactante que los titulares.<\/p>\n","protected":false},"excerpt":{"rendered":"<p>Layne Fargo<\/p>\n<p>520 p\u00e1ginas<\/p>\n","protected":false},"featured_media":7092,"template":"","meta":{"_joinchat":[]},"product_brand":[],"product_cat":[70,35],"product_tag":[34],"class_list":{"0":"post-7091","1":"product","2":"type-product","3":"status-publish","4":"has-post-thumbnail","6":"product_cat-novedades","7":"product_cat-romantica","8":"product_tag-penguin-random-house","10":"first","11":"outofstock","12":"shipping-taxable","13":"purchasable","14":"product-type-simple"},"_links":{"self":[{"href":"https:\/\/libreriahistoriasdebolsillo.com\/index.php\/wp-json\/wp\/v2\/product\/7091","targetHints":{"allow":["GET"]}}],"collection":[{"href":"https:\/\/libreriahistoriasdebolsillo.com\/index.php\/wp-json\/wp\/v2\/product"}],"about":[{"href":"https:\/\/libreriahistoriasdebolsillo.com\/index.php\/wp-json\/wp\/v2\/types\/product"}],"wp:featuredmedia":[{"embeddable":true,"href":"https:\/\/libreriahistoriasdebolsillo.com\/index.php\/wp-json\/wp\/v2\/media\/7092"}],"wp:attachment":[{"href":"https:\/\/libreriahistoriasdebolsillo.com\/index.php\/wp-json\/wp\/v2\/media?parent=7091"}],"wp:term":[{"taxonomy":"product_brand","embeddable":true,"href":"https:\/\/libreriahistoriasdebolsillo.com\/index.php\/wp-json\/wp\/v2\/product_brand?post=7091"},{"taxonomy":"product_cat","embeddable":true,"href":"https:\/\/libreriahistoriasdebolsillo.com\/index.php\/wp-json\/wp\/v2\/product_cat?post=7091"},{"taxonomy":"product_tag","embeddable":true,"href":"https:\/\/libreriahistoriasdebolsillo.com\/index.php\/wp-json\/wp\/v2\/product_tag?post=7091"}],"curies":[{"name":"wp","href":"https:\/\/api.w.org\/{rel}","templated":true}]}}