{"id":7093,"date":"2025-07-16T12:09:09","date_gmt":"2025-07-16T18:09:09","guid":{"rendered":"https:\/\/libreriahistoriasdebolsillo.com\/?post_type=product&#038;p=7093"},"modified":"2025-12-02T11:19:01","modified_gmt":"2025-12-02T17:19:01","slug":"el-amarillo-no-existe","status":"publish","type":"product","link":"https:\/\/libreriahistoriasdebolsillo.com\/index.php\/producto\/el-amarillo-no-existe\/","title":{"rendered":"El amarillo no existe"},"content":{"rendered":"<p><b>La primera novela ilustrada de Gema Vadillo: Amistad, amor, Berl\u00edn y&#8230; \u00bfviajes a trav\u00e9s del espejo?<\/b><\/p>\n<p>Si ves una pintada en la pared que dice que ma\u00f1ana llover\u00e1, probablemente ni la mires, pero<\/p>\n<p><b>\u00bfy si esa pintada predice tu futuro?<\/b><\/p>\n<p>Aaron trabaja en una cafeter\u00eda y se conforma con poco. La tranquilidad de la rutina no durar\u00e1 mucho porque una noche, en una discoteca, Aaron ve a un hombre saltar dentro de un espejo.<\/p>\n<p><b>Espera, \u00bfqu\u00e9?<\/b><\/p>\n<p>Pintadas amarillas que predicen el futuro, viajes entre espejos, viajeros desconocidos, un secuestro y una conspiraci\u00f3n que ha plagado Berl\u00edn:\u00a0<b>\u00bfqu\u00e9 significan esas pintadas? y, sobre todo, \u00bfqui\u00e9n est\u00e1 detr\u00e1s de ellas?<\/b><\/p>\n<p>\u00abUna trama llena de intriga y misterio, e ilustraciones incre\u00edbles a todo color.<\/p>\n<p>\u00bfTe atreves a cruzar el espejo?\u00bb.<\/p>\n<p><b>LAIA L\u00d3PEZ<\/b><\/p>\n","protected":false},"excerpt":{"rendered":"<p>Gema Vadillo<br \/>\n384 p\u00e1ginas<\/p>\n","protected":false},"featured_media":7094,"template":"","meta":{"_joinchat":[]},"product_brand":[],"product_cat":[52,67,70],"product_tag":[34],"class_list":{"0":"post-7093","1":"product","2":"type-product","3":"status-publish","4":"has-post-thumbnail","6":"product_cat-juvenil","7":"product_cat-manga","8":"product_cat-novedades","9":"product_tag-penguin-random-house","11":"first","12":"outofstock","13":"shipping-taxable","14":"purchasable","15":"product-type-simple"},"_links":{"self":[{"href":"https:\/\/libreriahistoriasdebolsillo.com\/index.php\/wp-json\/wp\/v2\/product\/7093","targetHints":{"allow":["GET"]}}],"collection":[{"href":"https:\/\/libreriahistoriasdebolsillo.com\/index.php\/wp-json\/wp\/v2\/product"}],"about":[{"href":"https:\/\/libreriahistoriasdebolsillo.com\/index.php\/wp-json\/wp\/v2\/types\/product"}],"wp:featuredmedia":[{"embeddable":true,"href":"https:\/\/libreriahistoriasdebolsillo.com\/index.php\/wp-json\/wp\/v2\/media\/7094"}],"wp:attachment":[{"href":"https:\/\/libreriahistoriasdebolsillo.com\/index.php\/wp-json\/wp\/v2\/media?parent=7093"}],"wp:term":[{"taxonomy":"product_brand","embeddable":true,"href":"https:\/\/libreriahistoriasdebolsillo.com\/index.php\/wp-json\/wp\/v2\/product_brand?post=7093"},{"taxonomy":"product_cat","embeddable":true,"href":"https:\/\/libreriahistoriasdebolsillo.com\/index.php\/wp-json\/wp\/v2\/product_cat?post=7093"},{"taxonomy":"product_tag","embeddable":true,"href":"https:\/\/libreriahistoriasdebolsillo.com\/index.php\/wp-json\/wp\/v2\/product_tag?post=7093"}],"curies":[{"name":"wp","href":"https:\/\/api.w.org\/{rel}","templated":true}]}}