{"id":7101,"date":"2025-07-16T12:20:21","date_gmt":"2025-07-16T18:20:21","guid":{"rendered":"https:\/\/libreriahistoriasdebolsillo.com\/?post_type=product&#038;p=7101"},"modified":"2025-08-06T15:31:43","modified_gmt":"2025-08-06T21:31:43","slug":"el-secreto-de-la-vida-eterna","status":"publish","type":"product","link":"https:\/\/libreriahistoriasdebolsillo.com\/index.php\/producto\/el-secreto-de-la-vida-eterna\/","title":{"rendered":"El secreto de la vida eterna"},"content":{"rendered":"<p><b>\u00bfQu\u00e9 sabemos actualmente sobre el envejecimiento y qu\u00e9 podemos hacer para envejecer mejor?<\/b><\/p>\n<p>La humanidad lleva intentando vencer al paso del tiempo desde siempre. La mitolog\u00eda y la ficci\u00f3n est\u00e1n llenos de personajes que buscan la manera de no envejecer y convertirse en inmortales. Pero no ha sido hasta el siglo XXI cuando la ciencia ha avanzado lo suficiente para que este sue\u00f1o se convierta en realidad. Por fin entendemos por qu\u00e9 con la edad se nos degrada el cuerpo y, gracias a esto, hemos empezado a desarrollar herramientas que act\u00faan sobre los mecanismos biol\u00f3gicos del envejecimiento. \u00bfHemos descubierto el secreto de la vida eterna? \u00bfEs posible mantenerse joven para siempre?<\/p>\n<p>En este libro, los doctores Manel Esteller y Salvador Macip repasan cuanto se sabe en la actualidad sobre el proceso de envejecer y nos indican qu\u00e9 podemos hacer para frenarlo, desde las intervenciones que ya se ha demostrado que tienen efecto, hasta los tratamientos que en un futuro, quiz\u00e1 no tan lejano, podr\u00edan hacernos inmortales.<\/p>\n","protected":false},"excerpt":{"rendered":"<p>Manel Esteller y Salvador Macip<\/p>\n<p>208 p\u00e1ginas<\/p>\n","protected":false},"featured_media":7102,"template":"","meta":{"_joinchat":[]},"product_brand":[],"product_cat":[58,41,70],"product_tag":[34],"class_list":{"0":"post-7101","1":"product","2":"type-product","3":"status-publish","4":"has-post-thumbnail","6":"product_cat-desarrollo-humano-y-superacion","7":"product_cat-desarrollo-humano","8":"product_cat-novedades","9":"product_tag-penguin-random-house","11":"first","12":"outofstock","13":"shipping-taxable","14":"purchasable","15":"product-type-simple"},"_links":{"self":[{"href":"https:\/\/libreriahistoriasdebolsillo.com\/index.php\/wp-json\/wp\/v2\/product\/7101","targetHints":{"allow":["GET"]}}],"collection":[{"href":"https:\/\/libreriahistoriasdebolsillo.com\/index.php\/wp-json\/wp\/v2\/product"}],"about":[{"href":"https:\/\/libreriahistoriasdebolsillo.com\/index.php\/wp-json\/wp\/v2\/types\/product"}],"wp:featuredmedia":[{"embeddable":true,"href":"https:\/\/libreriahistoriasdebolsillo.com\/index.php\/wp-json\/wp\/v2\/media\/7102"}],"wp:attachment":[{"href":"https:\/\/libreriahistoriasdebolsillo.com\/index.php\/wp-json\/wp\/v2\/media?parent=7101"}],"wp:term":[{"taxonomy":"product_brand","embeddable":true,"href":"https:\/\/libreriahistoriasdebolsillo.com\/index.php\/wp-json\/wp\/v2\/product_brand?post=7101"},{"taxonomy":"product_cat","embeddable":true,"href":"https:\/\/libreriahistoriasdebolsillo.com\/index.php\/wp-json\/wp\/v2\/product_cat?post=7101"},{"taxonomy":"product_tag","embeddable":true,"href":"https:\/\/libreriahistoriasdebolsillo.com\/index.php\/wp-json\/wp\/v2\/product_tag?post=7101"}],"curies":[{"name":"wp","href":"https:\/\/api.w.org\/{rel}","templated":true}]}}