{"id":7103,"date":"2025-07-16T12:23:42","date_gmt":"2025-07-16T18:23:42","guid":{"rendered":"https:\/\/libreriahistoriasdebolsillo.com\/?post_type=product&#038;p=7103"},"modified":"2025-11-11T10:50:09","modified_gmt":"2025-11-11T16:50:09","slug":"7103","status":"publish","type":"product","link":"https:\/\/libreriahistoriasdebolsillo.com\/index.php\/producto\/7103\/","title":{"rendered":"Historia de la Segunda Guerra Mundial sin mitos ni t\u00f3picos"},"content":{"rendered":"<p><b>La historia de la Segunda Guerra Mundial como jam\u00e1s nos la han contado, con una mirada experta y al mismo tiempo muy cercana<\/b><\/p>\n<p>En\u00a0<i>Historia de la Segunda Guerra Mundial sin mitos ni t\u00f3picos<\/i>, Manuel P. Villatoro e Israel Viana, periodistas especializados en historia, nos acercan al conflicto m\u00e1s grande de todos los tiempos bajo la premisa de una pulgaci\u00f3n fresca y amena, en la que se incluyen varias exclusivas jam\u00e1s contadas, fruto de la investigaci\u00f3n de los autores.<\/p>\n<p>Sin olvidar los hechos previos al enfrentamiento, ni sus largas consecuencias en el corto siglo XX, el libro ofrece una cr\u00f3nica de la guerra a\u00f1o por a\u00f1o, atenta a sus entresijos y al enorme sufrimiento humano que supuso. Se encontrar\u00e1n aqu\u00ed entrevistas con algunos de los \u00faltimos supervivientes y los acontecimientos b\u00e9licos m\u00e1s destacados, como la invasi\u00f3n de Polonia por las tropas del Tercer Reich o las asfixiantes batallas mar\u00edtimas en el interior de los submarinos, pero tambi\u00e9n aparecer\u00e1n pinceladas sobre detalles como el funcionamiento del Panzer, las obsesiones er\u00f3ticas de Hitler y Mussolini, el desempe\u00f1o de las mujeres esp\u00edas en el frente o el desesperado encargo hecho por el Kremlin a Dmitri Shostak\u00f3vich de estrenar su\u00a0<i>Sinfon\u00eda n.\u00ba 7<\/i>, con una orquesta diezmada, en la ciudad sitiada de Leningrado.<\/p>\n<p><b>Villatoro y Viana, dos colosos del periodismo, nos ofrecen una historia a escala humana, inteligente y \u00e1gil, capaz de desvelar la realidad pol\u00edtica y personal de un pasado que no deja de ser noticia.<\/b><\/p>\n","protected":false},"excerpt":{"rendered":"<p>Manuel P. Villatoro y Israel Viana<br \/>\n568 p\u00e1ginas<\/p>\n","protected":false},"featured_media":7104,"template":"","meta":{"_joinchat":[]},"product_brand":[],"product_cat":[41,70],"product_tag":[34],"class_list":{"0":"post-7103","1":"product","2":"type-product","3":"status-publish","4":"has-post-thumbnail","6":"product_cat-desarrollo-humano","7":"product_cat-novedades","8":"product_tag-penguin-random-house","10":"first","11":"outofstock","12":"shipping-taxable","13":"purchasable","14":"product-type-simple"},"_links":{"self":[{"href":"https:\/\/libreriahistoriasdebolsillo.com\/index.php\/wp-json\/wp\/v2\/product\/7103","targetHints":{"allow":["GET"]}}],"collection":[{"href":"https:\/\/libreriahistoriasdebolsillo.com\/index.php\/wp-json\/wp\/v2\/product"}],"about":[{"href":"https:\/\/libreriahistoriasdebolsillo.com\/index.php\/wp-json\/wp\/v2\/types\/product"}],"wp:featuredmedia":[{"embeddable":true,"href":"https:\/\/libreriahistoriasdebolsillo.com\/index.php\/wp-json\/wp\/v2\/media\/7104"}],"wp:attachment":[{"href":"https:\/\/libreriahistoriasdebolsillo.com\/index.php\/wp-json\/wp\/v2\/media?parent=7103"}],"wp:term":[{"taxonomy":"product_brand","embeddable":true,"href":"https:\/\/libreriahistoriasdebolsillo.com\/index.php\/wp-json\/wp\/v2\/product_brand?post=7103"},{"taxonomy":"product_cat","embeddable":true,"href":"https:\/\/libreriahistoriasdebolsillo.com\/index.php\/wp-json\/wp\/v2\/product_cat?post=7103"},{"taxonomy":"product_tag","embeddable":true,"href":"https:\/\/libreriahistoriasdebolsillo.com\/index.php\/wp-json\/wp\/v2\/product_tag?post=7103"}],"curies":[{"name":"wp","href":"https:\/\/api.w.org\/{rel}","templated":true}]}}