{"id":7109,"date":"2025-07-16T12:32:28","date_gmt":"2025-07-16T18:32:28","guid":{"rendered":"https:\/\/libreriahistoriasdebolsillo.com\/?post_type=product&#038;p=7109"},"modified":"2025-11-11T10:52:38","modified_gmt":"2025-11-11T16:52:38","slug":"cancion-de-hielo-y-fuego-1-juego-de-tronos-tapa-dura","status":"publish","type":"product","link":"https:\/\/libreriahistoriasdebolsillo.com\/index.php\/producto\/cancion-de-hielo-y-fuego-1-juego-de-tronos-tapa-dura\/","title":{"rendered":"Canci\u00f3n de hielo y fuego 1. Juego de tronos (Tapa dura)"},"content":{"rendered":"<p>En un\u00a0<b>mundo<\/b>\u00a0diferente al nuestro, en el que los veranos y los\u00a0<b>inviernos<\/b>\u00a0duran generaciones, un gran conflicto est\u00e1 a punto de estallar.\u00a0<b>Robert<\/b>\u00a0<b>Baratheon<\/b>\u00a0ocupa el\u00a0<b>Trono de Hierro<\/b>\u00a0en el c\u00e1lido y opulento sur de Poniente. Se lo arrebat\u00f3 tras una\u00a0<b>sangrienta guerra<\/b>\u00a0al \u00faltimo rey loco de la\u00a0<b>dinast\u00eda<\/b>\u00a0<b>Targaryen<\/b>, se\u00f1ores de\u00a0<b>dragones<\/b>. Sin embargo, ahora su poder se ve amenazado: en el norte, el Muro erigido para proteger el reino de las bestias y de los\u00a0<b>extra\u00f1os se tambalea<\/b>. Hace siglos que nadie ve a los\u00a0<b>caminantes blancos<\/b>, pero \u00bfqui\u00e9nes son entonces esos seres de\u00a0<b>ojos azules<\/b>\u00a0y fr\u00edos que se ocultan en las sombras de los bosques y que les arrebatan la vida y la mente a aquellos\u00a0<b>desafortunados<\/b>\u00a0que se cruzan en su camino? El final del verano est\u00e1 pr\u00f3ximo, se acerca el invierno y solo un milagro podr\u00e1 disipar las tinieblas.<\/p>\n","protected":false},"excerpt":{"rendered":"<p>George R.R. Martin<\/p>\n<p>800 p\u00e1ginas<\/p>\n","protected":false},"featured_media":7110,"template":"","meta":{"_joinchat":[]},"product_brand":[],"product_cat":[39,70],"product_tag":[34],"class_list":{"0":"post-7109","1":"product","2":"type-product","3":"status-publish","4":"has-post-thumbnail","6":"product_cat-fantasia","7":"product_cat-novedades","8":"product_tag-penguin-random-house","10":"first","11":"outofstock","12":"shipping-taxable","13":"purchasable","14":"product-type-simple"},"_links":{"self":[{"href":"https:\/\/libreriahistoriasdebolsillo.com\/index.php\/wp-json\/wp\/v2\/product\/7109","targetHints":{"allow":["GET"]}}],"collection":[{"href":"https:\/\/libreriahistoriasdebolsillo.com\/index.php\/wp-json\/wp\/v2\/product"}],"about":[{"href":"https:\/\/libreriahistoriasdebolsillo.com\/index.php\/wp-json\/wp\/v2\/types\/product"}],"wp:featuredmedia":[{"embeddable":true,"href":"https:\/\/libreriahistoriasdebolsillo.com\/index.php\/wp-json\/wp\/v2\/media\/7110"}],"wp:attachment":[{"href":"https:\/\/libreriahistoriasdebolsillo.com\/index.php\/wp-json\/wp\/v2\/media?parent=7109"}],"wp:term":[{"taxonomy":"product_brand","embeddable":true,"href":"https:\/\/libreriahistoriasdebolsillo.com\/index.php\/wp-json\/wp\/v2\/product_brand?post=7109"},{"taxonomy":"product_cat","embeddable":true,"href":"https:\/\/libreriahistoriasdebolsillo.com\/index.php\/wp-json\/wp\/v2\/product_cat?post=7109"},{"taxonomy":"product_tag","embeddable":true,"href":"https:\/\/libreriahistoriasdebolsillo.com\/index.php\/wp-json\/wp\/v2\/product_tag?post=7109"}],"curies":[{"name":"wp","href":"https:\/\/api.w.org\/{rel}","templated":true}]}}