{"id":711,"date":"2023-11-20T15:46:27","date_gmt":"2023-11-20T21:46:27","guid":{"rendered":"https:\/\/libreriahistoriasdebolsillo.com\/?post_type=product&#038;p=711"},"modified":"2024-10-02T16:31:53","modified_gmt":"2024-10-02T22:31:53","slug":"esos-ojos","status":"publish","type":"product","link":"https:\/\/libreriahistoriasdebolsillo.com\/index.php\/producto\/esos-ojos\/","title":{"rendered":"Esos ojos"},"content":{"rendered":"<p>Nuestros ojos se encontrar\u00e1n, habr\u00e1 conexi\u00f3n. Era nuestro secreto. \u00bfC\u00f3mo pude olvidarlo? \u00c9l era mi vida&#8230;<\/p>\n<p>Una vidente sacude el mundo de Jo con una revelaci\u00f3n: ella conoci\u00f3 a su alma gemela en una vida anterior, pero la muerte los separ\u00f3. Ambos han renacido para volver a encontrarse. Jo no acepta que esto pueda ser cierto. Su mente racional cree que todo es un gran fraude. Y sin embargo&#8230; En Esos ojos la protagonista transita un mondo fascinante: investigaciones, entrevistas, regresiones buscando evidencias de que hay algo m\u00e1s all\u00e1 de lo que simplemente vemos.<\/p>\n","protected":false},"excerpt":{"rendered":"<p>Cathy Hopkins<\/p>\n","protected":false},"featured_media":712,"template":"","meta":{"_joinchat":[]},"product_brand":[],"product_cat":[52,35],"product_tag":[48],"class_list":{"0":"post-711","1":"product","2":"type-product","3":"status-publish","4":"has-post-thumbnail","6":"product_cat-juvenil","7":"product_cat-romantica","8":"product_tag-vr-editoras","10":"first","11":"outofstock","12":"shipping-taxable","13":"purchasable","14":"product-type-simple"},"_links":{"self":[{"href":"https:\/\/libreriahistoriasdebolsillo.com\/index.php\/wp-json\/wp\/v2\/product\/711","targetHints":{"allow":["GET"]}}],"collection":[{"href":"https:\/\/libreriahistoriasdebolsillo.com\/index.php\/wp-json\/wp\/v2\/product"}],"about":[{"href":"https:\/\/libreriahistoriasdebolsillo.com\/index.php\/wp-json\/wp\/v2\/types\/product"}],"wp:featuredmedia":[{"embeddable":true,"href":"https:\/\/libreriahistoriasdebolsillo.com\/index.php\/wp-json\/wp\/v2\/media\/712"}],"wp:attachment":[{"href":"https:\/\/libreriahistoriasdebolsillo.com\/index.php\/wp-json\/wp\/v2\/media?parent=711"}],"wp:term":[{"taxonomy":"product_brand","embeddable":true,"href":"https:\/\/libreriahistoriasdebolsillo.com\/index.php\/wp-json\/wp\/v2\/product_brand?post=711"},{"taxonomy":"product_cat","embeddable":true,"href":"https:\/\/libreriahistoriasdebolsillo.com\/index.php\/wp-json\/wp\/v2\/product_cat?post=711"},{"taxonomy":"product_tag","embeddable":true,"href":"https:\/\/libreriahistoriasdebolsillo.com\/index.php\/wp-json\/wp\/v2\/product_tag?post=711"}],"curies":[{"name":"wp","href":"https:\/\/api.w.org\/{rel}","templated":true}]}}