{"id":7111,"date":"2025-07-16T12:34:05","date_gmt":"2025-07-16T18:34:05","guid":{"rendered":"https:\/\/libreriahistoriasdebolsillo.com\/?post_type=product&#038;p=7111"},"modified":"2025-11-11T10:46:26","modified_gmt":"2025-11-11T16:46:26","slug":"cancion-de-hielo-y-fuego-5-danza-de-dragones-tapa-dura","status":"publish","type":"product","link":"https:\/\/libreriahistoriasdebolsillo.com\/index.php\/producto\/cancion-de-hielo-y-fuego-5-danza-de-dragones-tapa-dura\/","title":{"rendered":"Canci\u00f3n de hielo y fuego 5. Danza de dragones (Tapa dura)"},"content":{"rendered":"<p><b>MATA AL NI\u00d1O, JON NIEVE.<\/b>\u00a0<b>EL INVIERNO SE NOS ECHA<\/b>\u00a0<b>ENCIMA. MATA AL NI\u00d1O<\/b>\u00a0<b>Y QUE NAZCA EL HOMBRE.<\/b><\/p>\n<p>La victoria de los\u00a0<b>leones<\/b>\u00a0<b>Lannister<\/b>\u00a0ha dejado tras de s\u00ed un interminable reguero de sangre:\u00a0<b>lord<\/b>\u00a0<b>Tywin<\/b>\u00a0yace enterrado,\u00a0<b>asesinado<\/b>\u00a0por mano de su propio hijo; la reina Cersei est\u00e1 encadenada y el peque\u00f1o rey Tommen ocupa un trono que podr\u00eda matarlo. El\u00a0<b>destino de Poniente<\/b>\u00a0pende de un hilo. En el Muro,\u00a0<b>Jon Nieve<\/b>\u00a0se ve obligado a consolidar por la espada su rango como lord comandante de la Guardia de la Noche. Mientras, al otro lado del mar Angosto,\u00a0<b>Daenerys<\/b>\u00a0<b>Targaryen<\/b>,\u00a0<b>la Madre de Dragones<\/b>, defiende su dominio contra hordas de enemigos tanto viejos como nuevos. Tras huir a las Ciudades Libres, el parricida\u00a0<b>Tyrion<\/b>\u00a0<b>Lannister<\/b>\u00a0podr\u00eda ser la clave para que la\u00a0<b>sangre del drag\u00f3n<\/b>, que nunca lleg\u00f3 a extinguirse por completo, resurja. No obstante, todo esfuerzo tal vez resulte ser en vano. Porque ahora, verdaderamente&#8230; se acerca el invierno.<\/p>\n","protected":false},"excerpt":{"rendered":"<p>George R.R. Martin<br \/>\n1136 p\u00e1ginas<\/p>\n","protected":false},"featured_media":7112,"template":"","meta":{"_joinchat":[]},"product_brand":[],"product_cat":[39,70],"product_tag":[34],"class_list":{"0":"post-7111","1":"product","2":"type-product","3":"status-publish","4":"has-post-thumbnail","6":"product_cat-fantasia","7":"product_cat-novedades","8":"product_tag-penguin-random-house","10":"first","11":"outofstock","12":"shipping-taxable","13":"purchasable","14":"product-type-simple"},"_links":{"self":[{"href":"https:\/\/libreriahistoriasdebolsillo.com\/index.php\/wp-json\/wp\/v2\/product\/7111","targetHints":{"allow":["GET"]}}],"collection":[{"href":"https:\/\/libreriahistoriasdebolsillo.com\/index.php\/wp-json\/wp\/v2\/product"}],"about":[{"href":"https:\/\/libreriahistoriasdebolsillo.com\/index.php\/wp-json\/wp\/v2\/types\/product"}],"wp:featuredmedia":[{"embeddable":true,"href":"https:\/\/libreriahistoriasdebolsillo.com\/index.php\/wp-json\/wp\/v2\/media\/7112"}],"wp:attachment":[{"href":"https:\/\/libreriahistoriasdebolsillo.com\/index.php\/wp-json\/wp\/v2\/media?parent=7111"}],"wp:term":[{"taxonomy":"product_brand","embeddable":true,"href":"https:\/\/libreriahistoriasdebolsillo.com\/index.php\/wp-json\/wp\/v2\/product_brand?post=7111"},{"taxonomy":"product_cat","embeddable":true,"href":"https:\/\/libreriahistoriasdebolsillo.com\/index.php\/wp-json\/wp\/v2\/product_cat?post=7111"},{"taxonomy":"product_tag","embeddable":true,"href":"https:\/\/libreriahistoriasdebolsillo.com\/index.php\/wp-json\/wp\/v2\/product_tag?post=7111"}],"curies":[{"name":"wp","href":"https:\/\/api.w.org\/{rel}","templated":true}]}}