{"id":7114,"date":"2025-07-16T12:36:42","date_gmt":"2025-07-16T18:36:42","guid":{"rendered":"https:\/\/libreriahistoriasdebolsillo.com\/?post_type=product&#038;p=7114"},"modified":"2025-11-11T10:52:23","modified_gmt":"2025-11-11T16:52:23","slug":"wtf-con-las-tarjetas","status":"publish","type":"product","link":"https:\/\/libreriahistoriasdebolsillo.com\/index.php\/producto\/wtf-con-las-tarjetas\/","title":{"rendered":"WTF con las tarjetas"},"content":{"rendered":"<p><b>La gu\u00eda m\u00e1s<\/b>\u00a0<b>cool<\/b><b>\u00a0que explica todo lo que deber\u00edan haberte ense\u00f1ado sobre las tarjetas de cr\u00e9dito y d\u00e9bito. Porque s\u00ed, usar pl\u00e1stico puede ser liberador\u2026 o convertirse en una pesadilla<\/b>\u00a0<b>si no sabes c\u00f3mo funciona el juego.<\/b><\/p>\n<p>En M\u00e9xico, acceder a\u00a0<b>servicios financieros<\/b>\u00a0es todo un reto. Entre que los bancos no sueltan\u00a0<b>el cr\u00e9dito<\/b>, que el efectivo sigue reinando, la jungla de fraudes all\u00e1 afuera, la informalidad y que nadie nos da una\u00a0<b>gu\u00eda clara<\/b>, no es raro que acabes pagando intereses eternos por el regalo de tu ex que ya hasta te bloque\u00f3. Y lo peor de todo es que el\u00a0<b>estr\u00e9s financiero<\/b>\u00a0ya est\u00e1 empezando a afectar la salud de\u00a0<b>los mexicanos<\/b>.<\/p>\n<p><b>Paulina Casso<\/b>\u00a0se rif\u00f3 OTRA VEZ por la generaci\u00f3n y prepar\u00f3 una gu\u00eda \u00fatil y divertida para evitar que termines atrapado en una\u00a0<b>espiral de deudas<\/b>\u2026 y que te marquen los call centers de\u00a0<b>cobranza<\/b>\u00a0a todas horas. Aqu\u00ed aprender\u00e1s las diferencias entre las tarjetas de cr\u00e9dito bancarias, departamentales y las de\u00a0<b>sofipos<\/b>; c\u00f3mo usarlas sin caer en cargos por intereses, c\u00f3mo elegir la tarjeta que m\u00e1s te convenga, aprovechar el\u00a0<b>cashback<\/b>\u00a0en tus compras, aumentar tu\u00a0<b>l\u00ednea de cr\u00e9dito<\/b>, mejorar tu historial en\u00a0<b>Bur\u00f3<\/b>, evitar fraudes y, si ya est\u00e1s endeudado, c\u00f3mo salir del hoyo sin empe\u00f1ar un ri\u00f1\u00f3n. Tambi\u00e9n descubrir\u00e1s\u00a0<b>varios<\/b>\u00a0<b>hacks<\/b>\u00a0para sacarle todo el jugo a tu tarjeta, c\u00f3mo hacer crecer tu dinero con seguridad y c\u00f3mo manejar\u00a0<b>tus cr\u00e9ditos<\/b>\u00a0como un experto.<\/p>\n","protected":false},"excerpt":{"rendered":"<p>Paulina Casso<\/p>\n<p>264 p\u00e1ginas<\/p>\n","protected":false},"featured_media":7115,"template":"","meta":{"_joinchat":[]},"product_brand":[],"product_cat":[41,70],"product_tag":[34],"class_list":{"0":"post-7114","1":"product","2":"type-product","3":"status-publish","4":"has-post-thumbnail","6":"product_cat-desarrollo-humano","7":"product_cat-novedades","8":"product_tag-penguin-random-house","10":"first","11":"outofstock","12":"shipping-taxable","13":"purchasable","14":"product-type-simple"},"_links":{"self":[{"href":"https:\/\/libreriahistoriasdebolsillo.com\/index.php\/wp-json\/wp\/v2\/product\/7114","targetHints":{"allow":["GET"]}}],"collection":[{"href":"https:\/\/libreriahistoriasdebolsillo.com\/index.php\/wp-json\/wp\/v2\/product"}],"about":[{"href":"https:\/\/libreriahistoriasdebolsillo.com\/index.php\/wp-json\/wp\/v2\/types\/product"}],"wp:featuredmedia":[{"embeddable":true,"href":"https:\/\/libreriahistoriasdebolsillo.com\/index.php\/wp-json\/wp\/v2\/media\/7115"}],"wp:attachment":[{"href":"https:\/\/libreriahistoriasdebolsillo.com\/index.php\/wp-json\/wp\/v2\/media?parent=7114"}],"wp:term":[{"taxonomy":"product_brand","embeddable":true,"href":"https:\/\/libreriahistoriasdebolsillo.com\/index.php\/wp-json\/wp\/v2\/product_brand?post=7114"},{"taxonomy":"product_cat","embeddable":true,"href":"https:\/\/libreriahistoriasdebolsillo.com\/index.php\/wp-json\/wp\/v2\/product_cat?post=7114"},{"taxonomy":"product_tag","embeddable":true,"href":"https:\/\/libreriahistoriasdebolsillo.com\/index.php\/wp-json\/wp\/v2\/product_tag?post=7114"}],"curies":[{"name":"wp","href":"https:\/\/api.w.org\/{rel}","templated":true}]}}