{"id":7116,"date":"2025-07-16T12:39:38","date_gmt":"2025-07-16T18:39:38","guid":{"rendered":"https:\/\/libreriahistoriasdebolsillo.com\/?post_type=product&#038;p=7116"},"modified":"2025-11-20T11:44:16","modified_gmt":"2025-11-20T17:44:16","slug":"el-vehiculo-de-las-transformaciones","status":"publish","type":"product","link":"https:\/\/libreriahistoriasdebolsillo.com\/index.php\/producto\/el-vehiculo-de-las-transformaciones\/","title":{"rendered":"El veh\u00edculo de las transformaciones"},"content":{"rendered":"<p>Cada paso que damos en la vida nos acerca, consciente o inconscientemente, al encuentro con nuestro verdadero ser. En\u00a0<i><b>El veh\u00edculo de las transformaciones<\/b><\/i>, Jacobo Grinberg nos invita a\u00a0<b>recorrer ese camino<\/b>\u00a0interior con una visi\u00f3n profunda y reveladora.<\/p>\n<p>A lo largo de la historia, disciplinas como\u00a0<b>la filosof\u00eda<\/b>, la\u00a0<b>meditaci\u00f3n trascendental<\/b>, la\u00a0<b>fisiolog\u00eda<\/b>\u00a0y la\u00a0<b>psicolog\u00eda<\/b>\u00a0han intentado descifrar los misterios de la\u00a0<b>mente humana<\/b>. Sin embargo, la\u00a0<b>psicolog\u00eda tradicional<\/b>\u00a0se ha centrado en la conducta externa, dejando de lado la riqueza del universo interno de cada individuo. Grinberg desaf\u00eda este enfoque y nos propone ir m\u00e1s all\u00e1 de lo evidente, explorando la esencia de\u00a0<b>nuestra conciencia<\/b>\u00a0y los\u00a0<b>procesos<\/b>\u00a0<b>invisibles<\/b>\u00a0que moldean nuestra realidad de adentro hacia afuera.<\/p>\n<p>A trav\u00e9s de cuentos y reflexiones, el autor nos lleva por un viaje al\u00a0<b>autoconocimiento<\/b>\u00a0y la transformaci\u00f3n personal.\u00a0<i>El veh\u00edculo de las transformaciones<\/i>\u00a0es una lectura imprescindible para quienes buscan comprenderse a un nivel\u00a0<b>m\u00e1s profundo<\/b>\u00a0y descubrir los secretos de la mente humana desde una perspectiva cient\u00edfica pero profundamente sensible.<\/p>\n<p><b>Semblanza de Jacobo Grinberg-<\/b><b>Zylberbaum<\/b><b>\u00a0por Emiliano Ruiz Parra<\/b><\/p>\n","protected":false},"excerpt":{"rendered":"<p>Jacobo Grinberg<\/p>\n<p>144 p\u00e1ginas<\/p>\n","protected":false},"featured_media":7117,"template":"","meta":{"_joinchat":[]},"product_brand":[],"product_cat":[41,70,51],"product_tag":[34],"class_list":{"0":"post-7116","1":"product","2":"type-product","3":"status-publish","4":"has-post-thumbnail","6":"product_cat-desarrollo-humano","7":"product_cat-novedades","8":"product_cat-oferta","9":"product_tag-penguin-random-house","11":"first","12":"instock","13":"shipping-taxable","14":"purchasable","15":"product-type-simple"},"_links":{"self":[{"href":"https:\/\/libreriahistoriasdebolsillo.com\/index.php\/wp-json\/wp\/v2\/product\/7116","targetHints":{"allow":["GET"]}}],"collection":[{"href":"https:\/\/libreriahistoriasdebolsillo.com\/index.php\/wp-json\/wp\/v2\/product"}],"about":[{"href":"https:\/\/libreriahistoriasdebolsillo.com\/index.php\/wp-json\/wp\/v2\/types\/product"}],"wp:featuredmedia":[{"embeddable":true,"href":"https:\/\/libreriahistoriasdebolsillo.com\/index.php\/wp-json\/wp\/v2\/media\/7117"}],"wp:attachment":[{"href":"https:\/\/libreriahistoriasdebolsillo.com\/index.php\/wp-json\/wp\/v2\/media?parent=7116"}],"wp:term":[{"taxonomy":"product_brand","embeddable":true,"href":"https:\/\/libreriahistoriasdebolsillo.com\/index.php\/wp-json\/wp\/v2\/product_brand?post=7116"},{"taxonomy":"product_cat","embeddable":true,"href":"https:\/\/libreriahistoriasdebolsillo.com\/index.php\/wp-json\/wp\/v2\/product_cat?post=7116"},{"taxonomy":"product_tag","embeddable":true,"href":"https:\/\/libreriahistoriasdebolsillo.com\/index.php\/wp-json\/wp\/v2\/product_tag?post=7116"}],"curies":[{"name":"wp","href":"https:\/\/api.w.org\/{rel}","templated":true}]}}