{"id":7118,"date":"2025-07-16T12:42:25","date_gmt":"2025-07-16T18:42:25","guid":{"rendered":"https:\/\/libreriahistoriasdebolsillo.com\/?post_type=product&#038;p=7118"},"modified":"2026-03-05T17:08:34","modified_gmt":"2026-03-05T23:08:34","slug":"el-cafe-de-la-luna-llena-1","status":"publish","type":"product","link":"https:\/\/libreriahistoriasdebolsillo.com\/index.php\/producto\/el-cafe-de-la-luna-llena-1\/","title":{"rendered":"El caf\u00e9 de la luna llena 1"},"content":{"rendered":"<p><b>Ad\u00e9ntrate en esta delicia que ya ha vendido m\u00e1s de 400.000 ejemplares en Jap\u00f3n. Un libro lleno de m\u00fasica, astrolog\u00eda, riqu\u00edsimos postres y originales ilustraciones, y con un bello mensaje sobre la magia del destino.<\/b><\/p>\n<p><b>Cuenta la leyenda que, bajo la resplandeciente luna de Kioto, una cafeter\u00eda m\u00e1gica aparece ante aquellos que m\u00e1s la necesitan&#8230;<\/b><\/p>\n<p>&nbsp;<\/p>\n<p>En Jap\u00f3n, los gatos son s\u00edmbolo de buena suerte y dicen que, si eres amable con ellos, alg\u00fan d\u00eda te devolver\u00e1n el favor. Pero resulta que si, adem\u00e1s, te portas bien con el felino adecuado, puede que este te invite a entrar a una cafeter\u00eda que no es como las dem\u00e1s, ya que no tiene una ubicaci\u00f3n ni un horario fijo y se muestra solo a las personas que se encuentran en un momento crucial.<\/p>\n<p>Mientras los clientes de El Caf\u00e9 de la Luna Llena disfrutan de sus deliciosos dulces, caf\u00e9s y t\u00e9s, un gato muy carism\u00e1tico lee su carta astral para as\u00ed hacerles ver en qu\u00e9 punto han tomado el rumbo equivocado y devolverlos al camino que las estrellas tienen reservado para ellos.<\/p>\n","protected":false},"excerpt":{"rendered":"<p>Mai Mochizuki<br \/>\n256 p\u00e1ginas<\/p>\n","protected":false},"featured_media":7119,"template":"","meta":{"_joinchat":[]},"product_brand":[],"product_cat":[33,70],"product_tag":[34],"class_list":{"0":"post-7118","1":"product","2":"type-product","3":"status-publish","4":"has-post-thumbnail","6":"product_cat-ficcion-general","7":"product_cat-novedades","8":"product_tag-penguin-random-house","10":"first","11":"outofstock","12":"shipping-taxable","13":"purchasable","14":"product-type-simple"},"_links":{"self":[{"href":"https:\/\/libreriahistoriasdebolsillo.com\/index.php\/wp-json\/wp\/v2\/product\/7118","targetHints":{"allow":["GET"]}}],"collection":[{"href":"https:\/\/libreriahistoriasdebolsillo.com\/index.php\/wp-json\/wp\/v2\/product"}],"about":[{"href":"https:\/\/libreriahistoriasdebolsillo.com\/index.php\/wp-json\/wp\/v2\/types\/product"}],"wp:featuredmedia":[{"embeddable":true,"href":"https:\/\/libreriahistoriasdebolsillo.com\/index.php\/wp-json\/wp\/v2\/media\/7119"}],"wp:attachment":[{"href":"https:\/\/libreriahistoriasdebolsillo.com\/index.php\/wp-json\/wp\/v2\/media?parent=7118"}],"wp:term":[{"taxonomy":"product_brand","embeddable":true,"href":"https:\/\/libreriahistoriasdebolsillo.com\/index.php\/wp-json\/wp\/v2\/product_brand?post=7118"},{"taxonomy":"product_cat","embeddable":true,"href":"https:\/\/libreriahistoriasdebolsillo.com\/index.php\/wp-json\/wp\/v2\/product_cat?post=7118"},{"taxonomy":"product_tag","embeddable":true,"href":"https:\/\/libreriahistoriasdebolsillo.com\/index.php\/wp-json\/wp\/v2\/product_tag?post=7118"}],"curies":[{"name":"wp","href":"https:\/\/api.w.org\/{rel}","templated":true}]}}