{"id":7120,"date":"2025-07-16T12:44:29","date_gmt":"2025-07-16T18:44:29","guid":{"rendered":"https:\/\/libreriahistoriasdebolsillo.com\/?post_type=product&#038;p=7120"},"modified":"2025-11-11T10:49:57","modified_gmt":"2025-11-11T16:49:57","slug":"los-chicos-de-tommen-5-taming-7","status":"publish","type":"product","link":"https:\/\/libreriahistoriasdebolsillo.com\/index.php\/producto\/los-chicos-de-tommen-5-taming-7\/","title":{"rendered":"Los chicos de Tommen 5. Taming 7"},"content":{"rendered":"<p><b>Ella es el prototipo de chica jovial. \u00c9l es el gracioso de la clase. Pero se avecina una tormenta y este chico del Tommen va a tener que ponerse serio.<\/b><\/p>\n<p><i><b>Los Chicos de Tommen<\/b><\/i><b>, la serie<\/b>\u00a0<i><b>sports<\/b><\/i><i><b>\u00a0romance<\/b><\/i><b>\u00a0YA que ha encandilado a toda una generaci\u00f3n<\/b><b>.<\/b><\/p>\n<p>A Gerard \u00abGibsie\u00bb Gibson, el descarado del colegio, la comedia le corre por las venas, pero bajo su car\u00e1cter alegre y despreocupado se esconde un joven hecho pedazos que vive atormentado por su pasado. Gibsie utiliza el humor para lidiar con sus demonios y ocultarle al mundo todo lo que siente.<\/p>\n<p>Solo hay una persona que lo conoce de verdad. Se trata de la hermana peque\u00f1a de su amigo. Claire, su mu\u00f1equita.<\/p>\n<p>Siempre de buen humor, Claire Biggs se ha pasado la vida idolatrando al chico del otro lado de la calle. Ella ve en Gerard algo que nadie m\u00e1s ve y est\u00e1 decidida a domesticar la salvaje naturaleza de su mejor amigo de la infancia.<\/p>\n<p>Pero \u00bfsobrevivir\u00e1 la amistad de Gibsie y Claire a lo inesperado cuando se traspasen ciertas l\u00edneas? \u00bfSe convertir\u00e1 en algo m\u00e1s o acabar\u00e1n ambos siendo arrastrados por la corriente?<\/p>\n","protected":false},"excerpt":{"rendered":"<p>Chloe Walsh<br \/>\n496 p\u00e1ginas<\/p>\n","protected":false},"featured_media":7121,"template":"","meta":{"_joinchat":[]},"product_brand":[],"product_cat":[70,35],"product_tag":[34],"class_list":{"0":"post-7120","1":"product","2":"type-product","3":"status-publish","4":"has-post-thumbnail","6":"product_cat-novedades","7":"product_cat-romantica","8":"product_tag-penguin-random-house","10":"first","11":"outofstock","12":"shipping-taxable","13":"purchasable","14":"product-type-simple"},"_links":{"self":[{"href":"https:\/\/libreriahistoriasdebolsillo.com\/index.php\/wp-json\/wp\/v2\/product\/7120","targetHints":{"allow":["GET"]}}],"collection":[{"href":"https:\/\/libreriahistoriasdebolsillo.com\/index.php\/wp-json\/wp\/v2\/product"}],"about":[{"href":"https:\/\/libreriahistoriasdebolsillo.com\/index.php\/wp-json\/wp\/v2\/types\/product"}],"wp:featuredmedia":[{"embeddable":true,"href":"https:\/\/libreriahistoriasdebolsillo.com\/index.php\/wp-json\/wp\/v2\/media\/7121"}],"wp:attachment":[{"href":"https:\/\/libreriahistoriasdebolsillo.com\/index.php\/wp-json\/wp\/v2\/media?parent=7120"}],"wp:term":[{"taxonomy":"product_brand","embeddable":true,"href":"https:\/\/libreriahistoriasdebolsillo.com\/index.php\/wp-json\/wp\/v2\/product_brand?post=7120"},{"taxonomy":"product_cat","embeddable":true,"href":"https:\/\/libreriahistoriasdebolsillo.com\/index.php\/wp-json\/wp\/v2\/product_cat?post=7120"},{"taxonomy":"product_tag","embeddable":true,"href":"https:\/\/libreriahistoriasdebolsillo.com\/index.php\/wp-json\/wp\/v2\/product_tag?post=7120"}],"curies":[{"name":"wp","href":"https:\/\/api.w.org\/{rel}","templated":true}]}}