{"id":7124,"date":"2025-07-16T12:48:26","date_gmt":"2025-07-16T18:48:26","guid":{"rendered":"https:\/\/libreriahistoriasdebolsillo.com\/?post_type=product&#038;p=7124"},"modified":"2026-04-16T10:23:13","modified_gmt":"2026-04-16T16:23:13","slug":"domina-el-arte-de-los-negocios","status":"publish","type":"product","link":"https:\/\/libreriahistoriasdebolsillo.com\/index.php\/producto\/domina-el-arte-de-los-negocios\/","title":{"rendered":"Domina el arte de los negocios"},"content":{"rendered":"<p><b>UN MANUAL ESENCIAL PARA TRIUNFAR EN LOS NEGOCIOS, SIN IMPORTAR DESDE D\u00d3NDE EMPIECES TU CAMINO HACIA EL \u00c9XITO.<\/b><\/p>\n<p>Ya seas un\u00a0<b>emprendedor<\/b>\u00a0o que trabajes para una empresa, en realidad est\u00e1s manejando tu\u00a0<b>propio negocio<\/b>. Sin importar que vendas un producto o un servicio, tienes que convencer a los\u00a0<b>compradores<\/b>\u00a0\u2014ya sean empleadores, socios o clientes\u2014 de que lo que ofreces vale m\u00e1s de lo que cuesta.<\/p>\n<p>En esta\u00a0<b>gu\u00eda din\u00e1mica<\/b>\u00a0y sin rodeos, Brian Tracy, experto internacional en negocios y liderazgo, ense\u00f1a las habilidades esenciales que necesitas\u00a0<b>para triunfar<\/b>, sin importar qui\u00e9n eres o a qu\u00e9 te dedicas. En estas p\u00e1ginas aprender\u00e1s:<\/p>\n<p>C\u00f3mo\u00a0<b>comunicarte<\/b>\u00a0con distintos tipos de personas.<\/p>\n<p>C\u00f3mo\u00a0<b>negociar<\/b>\u00a0para conseguir mejores tratos en cualquier situaci\u00f3n.<\/p>\n<p>Por qu\u00e9 es fundamental saber\u00a0<b>vender<\/b>.<\/p>\n<p>C\u00f3mo duplicar tu\u00a0<b>eficiencia<\/b>\u00a0en el trabajo.<\/p>\n<p>Si tienes lo que se necesita para\u00a0<b>emprender<\/b>.<\/p>\n<p>C\u00f3mo acceder a tu propio genio\u00a0<b>creativo<\/b>.<\/p>\n<p>El arte de manejar el\u00a0<b>dinero<\/b>.<\/p>\n<p>Las formas m\u00e1s r\u00e1pidas y seguras de hacer fortuna en\u00a0<b>bienes ra\u00edces<\/b>.<\/p>\n<p>El\u00a0<b>\u00e9xito en los negocios<\/b>\u00a0no es suerte, es\u00a0<b>estrategia<\/b>. Es el resultado de establecer metas claras y por escrito, y de trazar pasos concretos para alcanzarlas. Con d\u00e9cadas de experiencia en el\u00a0<b>mundo empre<\/b><b>sarial<\/b>, Brian Tracy te ofrece aqu\u00ed una gu\u00eda concentrada y poderosa para alcanzar tus\u00a0<b>objetivos<\/b>\u00a0m\u00e1s ambiciosos.<\/p>\n","protected":false},"excerpt":{"rendered":"<p>Brian Tracy<br \/>\n248 p\u00e1ginas<\/p>\n","protected":false},"featured_media":7125,"template":"","meta":{"_joinchat":[]},"product_brand":[],"product_cat":[58,41,70],"product_tag":[],"class_list":{"0":"post-7124","1":"product","2":"type-product","3":"status-publish","4":"has-post-thumbnail","6":"product_cat-desarrollo-humano-y-superacion","7":"product_cat-desarrollo-humano","8":"product_cat-novedades","10":"first","11":"instock","12":"shipping-taxable","13":"purchasable","14":"product-type-simple"},"_links":{"self":[{"href":"https:\/\/libreriahistoriasdebolsillo.com\/index.php\/wp-json\/wp\/v2\/product\/7124","targetHints":{"allow":["GET"]}}],"collection":[{"href":"https:\/\/libreriahistoriasdebolsillo.com\/index.php\/wp-json\/wp\/v2\/product"}],"about":[{"href":"https:\/\/libreriahistoriasdebolsillo.com\/index.php\/wp-json\/wp\/v2\/types\/product"}],"wp:featuredmedia":[{"embeddable":true,"href":"https:\/\/libreriahistoriasdebolsillo.com\/index.php\/wp-json\/wp\/v2\/media\/7125"}],"wp:attachment":[{"href":"https:\/\/libreriahistoriasdebolsillo.com\/index.php\/wp-json\/wp\/v2\/media?parent=7124"}],"wp:term":[{"taxonomy":"product_brand","embeddable":true,"href":"https:\/\/libreriahistoriasdebolsillo.com\/index.php\/wp-json\/wp\/v2\/product_brand?post=7124"},{"taxonomy":"product_cat","embeddable":true,"href":"https:\/\/libreriahistoriasdebolsillo.com\/index.php\/wp-json\/wp\/v2\/product_cat?post=7124"},{"taxonomy":"product_tag","embeddable":true,"href":"https:\/\/libreriahistoriasdebolsillo.com\/index.php\/wp-json\/wp\/v2\/product_tag?post=7124"}],"curies":[{"name":"wp","href":"https:\/\/api.w.org\/{rel}","templated":true}]}}