{"id":713,"date":"2023-11-20T15:49:38","date_gmt":"2023-11-20T21:49:38","guid":{"rendered":"https:\/\/libreriahistoriasdebolsillo.com\/?post_type=product&#038;p=713"},"modified":"2023-11-20T15:49:38","modified_gmt":"2023-11-20T21:49:38","slug":"ni-una-boda-mas","status":"publish","type":"product","link":"https:\/\/libreriahistoriasdebolsillo.com\/index.php\/producto\/ni-una-boda-mas\/","title":{"rendered":"Ni una boda m\u00e1s"},"content":{"rendered":"<p>Cuando Violet decide renunciar a los hombres y a la ilusi\u00f3n de tener la boda de sus sue\u00f1os, la vida la pondr\u00e1 a prueba de la forma m\u00e1s irresistible. Ser la dama de honor perfecta tiene sus desventajas, sobre todo cuando te hab\u00edas hecho una sola promesa: \u201cNi una boda m\u00e1s\u201d \u00bfConseguir\u00e1 aprender de los errores del pasado y elegir lo mejor para ella? Aunque Violet Abrams ha sido dama de honor al menos siete veces, el d\u00eda de su boda parece muy lejano. Despu\u00e9s de un amor que la decepciona, se promete a s\u00ed misma que no habr\u00e1 \u201cni una boda m\u00e1s\u201d. Bajo esta circunstancia vuelve a Las Dudas, Alabama, su peque\u00f1o pueblo natal, donde el destino la confronta con todo aquello que jur\u00f3 dejar de ser. Una novela donde las segundas oportunidades sonr\u00eden solo si se puede superar el pasado<\/p>\n","protected":false},"excerpt":{"rendered":"<p>Cindi Madsen<\/p>\n","protected":false},"featured_media":714,"template":"","meta":{"_joinchat":[]},"product_brand":[],"product_cat":[35],"product_tag":[48],"class_list":{"0":"post-713","1":"product","2":"type-product","3":"status-publish","4":"has-post-thumbnail","6":"product_cat-romantica","7":"product_tag-vr-editoras","9":"first","10":"instock","11":"shipping-taxable","12":"purchasable","13":"product-type-simple"},"_links":{"self":[{"href":"https:\/\/libreriahistoriasdebolsillo.com\/index.php\/wp-json\/wp\/v2\/product\/713","targetHints":{"allow":["GET"]}}],"collection":[{"href":"https:\/\/libreriahistoriasdebolsillo.com\/index.php\/wp-json\/wp\/v2\/product"}],"about":[{"href":"https:\/\/libreriahistoriasdebolsillo.com\/index.php\/wp-json\/wp\/v2\/types\/product"}],"wp:featuredmedia":[{"embeddable":true,"href":"https:\/\/libreriahistoriasdebolsillo.com\/index.php\/wp-json\/wp\/v2\/media\/714"}],"wp:attachment":[{"href":"https:\/\/libreriahistoriasdebolsillo.com\/index.php\/wp-json\/wp\/v2\/media?parent=713"}],"wp:term":[{"taxonomy":"product_brand","embeddable":true,"href":"https:\/\/libreriahistoriasdebolsillo.com\/index.php\/wp-json\/wp\/v2\/product_brand?post=713"},{"taxonomy":"product_cat","embeddable":true,"href":"https:\/\/libreriahistoriasdebolsillo.com\/index.php\/wp-json\/wp\/v2\/product_cat?post=713"},{"taxonomy":"product_tag","embeddable":true,"href":"https:\/\/libreriahistoriasdebolsillo.com\/index.php\/wp-json\/wp\/v2\/product_tag?post=713"}],"curies":[{"name":"wp","href":"https:\/\/api.w.org\/{rel}","templated":true}]}}