{"id":7130,"date":"2025-07-16T12:55:08","date_gmt":"2025-07-16T18:55:08","guid":{"rendered":"https:\/\/libreriahistoriasdebolsillo.com\/?post_type=product&#038;p=7130"},"modified":"2025-11-11T10:50:22","modified_gmt":"2025-11-11T16:50:22","slug":"el-fuego-que-nos-une-1-firebird","status":"publish","type":"product","link":"https:\/\/libreriahistoriasdebolsillo.com\/index.php\/producto\/el-fuego-que-nos-une-1-firebird\/","title":{"rendered":"El fuego que nos une 1. Firebird"},"content":{"rendered":"<p><b>Llega el libro que se convertir\u00e1 en tu nuevo Imperio Romano.<\/b><\/p>\n<p><b>Un mundo donde los dragones reinan en Roma.<\/b><br \/>\n<b>Un amor que puede acabar con todo.<\/b><\/p>\n<p>Desde el momento en que Julianus Dakkia, sobrino del emperador, vio a Malina Bihari por primera vez, qued\u00f3 prendido de ella. A\u00f1os despu\u00e9s, la bella bailarina dacia reaparece en un campo de batalla a punto de perder su vida, y \u00e9l instintivamente se transforma en drag\u00f3n para salvarla. La acci\u00f3n podr\u00eda costarle su cargo de general, y su vida, pero tiene una cosa muy clara: Malina es suya.<\/p>\n<p>Impresionada por el general en el campo de batalla, Malina no puede creer que este sea el mismo hombre que hace a\u00f1os le dio un talism\u00e1n secreto y que ahora la protege. Pero no puede negar que su alma siempre ha anhelado la de Julianus.<\/p>\n<p>En un mundo en que los dragones conquistan, saquean y queman todo a su paso, el amor de Malina y Julianus prender\u00e1 una llama que solo podr\u00e1 acabar con la muerte o el desamor. O ambas.<\/p>\n<p><b>Deja que el fuego del drag\u00f3n te queme.<\/b><\/p>\n<p><i><b>Firebird<\/b><\/i><b>\u00a0es perfecto para<\/b>\u00a0<b>fans de:<\/b><br \/>\n*Jennifer L. Armentrout o Rebecca Yarros<br \/>\n*<i>La casa del drag\u00f3n<\/i>\u00a0o\u00a0<i>Los anillos de poder<\/i><br \/>\n*Un mundo fant\u00e1stico diferente, con elementos de la Roma Cl\u00e1sica<br \/>\n*Un romance slow burn con mucho spice<\/p>\n","protected":false},"excerpt":{"rendered":"<p>Juliette Cross<br \/>\n416 p\u00e1ginas<\/p>\n","protected":false},"featured_media":7131,"template":"","meta":{"_joinchat":[]},"product_brand":[],"product_cat":[39,70,76],"product_tag":[34],"class_list":{"0":"post-7130","1":"product","2":"type-product","3":"status-publish","4":"has-post-thumbnail","6":"product_cat-fantasia","7":"product_cat-novedades","8":"product_cat-romantasy","9":"product_tag-penguin-random-house","11":"first","12":"outofstock","13":"shipping-taxable","14":"purchasable","15":"product-type-simple"},"_links":{"self":[{"href":"https:\/\/libreriahistoriasdebolsillo.com\/index.php\/wp-json\/wp\/v2\/product\/7130","targetHints":{"allow":["GET"]}}],"collection":[{"href":"https:\/\/libreriahistoriasdebolsillo.com\/index.php\/wp-json\/wp\/v2\/product"}],"about":[{"href":"https:\/\/libreriahistoriasdebolsillo.com\/index.php\/wp-json\/wp\/v2\/types\/product"}],"wp:featuredmedia":[{"embeddable":true,"href":"https:\/\/libreriahistoriasdebolsillo.com\/index.php\/wp-json\/wp\/v2\/media\/7131"}],"wp:attachment":[{"href":"https:\/\/libreriahistoriasdebolsillo.com\/index.php\/wp-json\/wp\/v2\/media?parent=7130"}],"wp:term":[{"taxonomy":"product_brand","embeddable":true,"href":"https:\/\/libreriahistoriasdebolsillo.com\/index.php\/wp-json\/wp\/v2\/product_brand?post=7130"},{"taxonomy":"product_cat","embeddable":true,"href":"https:\/\/libreriahistoriasdebolsillo.com\/index.php\/wp-json\/wp\/v2\/product_cat?post=7130"},{"taxonomy":"product_tag","embeddable":true,"href":"https:\/\/libreriahistoriasdebolsillo.com\/index.php\/wp-json\/wp\/v2\/product_tag?post=7130"}],"curies":[{"name":"wp","href":"https:\/\/api.w.org\/{rel}","templated":true}]}}