{"id":7137,"date":"2025-07-22T16:31:56","date_gmt":"2025-07-22T22:31:56","guid":{"rendered":"https:\/\/libreriahistoriasdebolsillo.com\/?post_type=product&#038;p=7137"},"modified":"2025-11-21T13:08:31","modified_gmt":"2025-11-21T19:08:31","slug":"si-se-lo-hubiera-dicho","status":"publish","type":"product","link":"https:\/\/libreriahistoriasdebolsillo.com\/index.php\/producto\/si-se-lo-hubiera-dicho\/","title":{"rendered":"Si se lo hubiera dicho"},"content":{"rendered":"<div class=\"justify\">\n<p><b>OJAL\u00c1 LE HUBIERA DICHO<\/b>\u00a0<b>QUE LA QUER\u00cdA HACE A\u00d1OS;<\/b>\u00a0<b>NO ESTAR\u00cdA AQU\u00cd AHORA.<\/b><\/p>\n<\/div>\n<div class=\"justify\">\n<p>Finn siempre ha querido a\u00a0<b>Autumn<\/b>. No es simplemente su vecina, ni la hija de la mejor amiga de su madre: lo es todo para \u00e9l. Pero su\u00a0<b>novia<\/b>\u00a0no es ella, sino\u00a0<b>Sylvie<\/b>. Finn nunca har\u00eda nada que pudiese hacerle da\u00f1o a ella, as\u00ed que es imposible que Autumn descubra\u00a0<b>sus sentimientos<\/b>.<\/p>\n<p><b>Jack, el mejor amigo<\/b>\u00a0de Finn, no lo tiene tan claro. Ha visto c\u00f3mo se comportan Autumn y Finn cuando est\u00e1n juntos. \u00bfC\u00f3mo es posible que ella no se d\u00e9 cuenta? \u00bfPuede Jack\u00a0<b>proteger y apoyar<\/b>\u00a0a su mejor amigo cuando el desenga\u00f1o es inevitable?<\/p>\n<p>Autumn se rodea de libros y quiere escribir su propio destino:\u00a0<b>dejar atr\u00e1s<\/b>\u00a0los errores del pasado y volver a vivir.<\/p>\n<p>Pero no todos podemos pasar p\u00e1gina. Y el destino a veces es\u00a0<b>cruel<\/b>\u00a0con quienes se enamoran.<\/p>\n<\/div>\n","protected":false},"excerpt":{"rendered":"<p>Laura Nowlin<br \/>\n464 p\u00e1ginas<\/p>\n","protected":false},"featured_media":7138,"template":"","meta":{"_joinchat":[]},"product_brand":[],"product_cat":[52,70,35],"product_tag":[34],"class_list":{"0":"post-7137","1":"product","2":"type-product","3":"status-publish","4":"has-post-thumbnail","6":"product_cat-juvenil","7":"product_cat-novedades","8":"product_cat-romantica","9":"product_tag-penguin-random-house","11":"first","12":"outofstock","13":"shipping-taxable","14":"purchasable","15":"product-type-simple"},"_links":{"self":[{"href":"https:\/\/libreriahistoriasdebolsillo.com\/index.php\/wp-json\/wp\/v2\/product\/7137","targetHints":{"allow":["GET"]}}],"collection":[{"href":"https:\/\/libreriahistoriasdebolsillo.com\/index.php\/wp-json\/wp\/v2\/product"}],"about":[{"href":"https:\/\/libreriahistoriasdebolsillo.com\/index.php\/wp-json\/wp\/v2\/types\/product"}],"wp:featuredmedia":[{"embeddable":true,"href":"https:\/\/libreriahistoriasdebolsillo.com\/index.php\/wp-json\/wp\/v2\/media\/7138"}],"wp:attachment":[{"href":"https:\/\/libreriahistoriasdebolsillo.com\/index.php\/wp-json\/wp\/v2\/media?parent=7137"}],"wp:term":[{"taxonomy":"product_brand","embeddable":true,"href":"https:\/\/libreriahistoriasdebolsillo.com\/index.php\/wp-json\/wp\/v2\/product_brand?post=7137"},{"taxonomy":"product_cat","embeddable":true,"href":"https:\/\/libreriahistoriasdebolsillo.com\/index.php\/wp-json\/wp\/v2\/product_cat?post=7137"},{"taxonomy":"product_tag","embeddable":true,"href":"https:\/\/libreriahistoriasdebolsillo.com\/index.php\/wp-json\/wp\/v2\/product_tag?post=7137"}],"curies":[{"name":"wp","href":"https:\/\/api.w.org\/{rel}","templated":true}]}}