{"id":7139,"date":"2025-07-22T16:39:49","date_gmt":"2025-07-22T22:39:49","guid":{"rendered":"https:\/\/libreriahistoriasdebolsillo.com\/?post_type=product&#038;p=7139"},"modified":"2025-11-15T18:32:50","modified_gmt":"2025-11-16T00:32:50","slug":"el-juicio-de-salomon","status":"publish","type":"product","link":"https:\/\/libreriahistoriasdebolsillo.com\/index.php\/producto\/el-juicio-de-salomon\/","title":{"rendered":"El juicio de Salom\u00f3n"},"content":{"rendered":"<div class=\"justify\">\n<p><b>NUEVE ASESINATOS. CIEN P\u00c1GINAS. MILLONES DE COMBINACIONES POSIBLES, PERO SOLO UNA ES LA CORRECTA. \u00bfPUEDES RESOLVER EL MISTERIO?<\/b><\/p>\n<\/div>\n<div class=\"justify\">\n<p>Estas cien p\u00e1ginas esconden nueve misterios que podr\u00e1s resolver si eres lo suficientemente inteligente. Para ello, deber\u00e1s ordenar las hojas de este libro usando tu ingenio. Solo as\u00ed podr\u00e1s descubrir a las nueve v\u00edctimas y a sus asesinos y ganar el juego. En 2O2O, John Finnemore resolvi\u00f3 el misterio de Torquemada. Ahora, t\u00fa puedes convertirte en el pr\u00f3ximo ganador resolviendo este nuevo rompecabezas literario. Solo las mentes m\u00e1s inquietas podr\u00e1n lograrlo. \u00bfAceptas el desaf\u00edo?<\/p>\n<\/div>\n","protected":false},"excerpt":{"rendered":"<p>John Finnemore<br \/>\n224 p\u00e1ginas<\/p>\n","protected":false},"featured_media":7140,"template":"","meta":{"_joinchat":[]},"product_brand":[],"product_cat":[37,70],"product_tag":[34],"class_list":{"0":"post-7139","1":"product","2":"type-product","3":"status-publish","4":"has-post-thumbnail","6":"product_cat-misterio-y-thriller","7":"product_cat-novedades","8":"product_tag-penguin-random-house","10":"first","11":"outofstock","12":"shipping-taxable","13":"purchasable","14":"product-type-simple"},"_links":{"self":[{"href":"https:\/\/libreriahistoriasdebolsillo.com\/index.php\/wp-json\/wp\/v2\/product\/7139","targetHints":{"allow":["GET"]}}],"collection":[{"href":"https:\/\/libreriahistoriasdebolsillo.com\/index.php\/wp-json\/wp\/v2\/product"}],"about":[{"href":"https:\/\/libreriahistoriasdebolsillo.com\/index.php\/wp-json\/wp\/v2\/types\/product"}],"wp:featuredmedia":[{"embeddable":true,"href":"https:\/\/libreriahistoriasdebolsillo.com\/index.php\/wp-json\/wp\/v2\/media\/7140"}],"wp:attachment":[{"href":"https:\/\/libreriahistoriasdebolsillo.com\/index.php\/wp-json\/wp\/v2\/media?parent=7139"}],"wp:term":[{"taxonomy":"product_brand","embeddable":true,"href":"https:\/\/libreriahistoriasdebolsillo.com\/index.php\/wp-json\/wp\/v2\/product_brand?post=7139"},{"taxonomy":"product_cat","embeddable":true,"href":"https:\/\/libreriahistoriasdebolsillo.com\/index.php\/wp-json\/wp\/v2\/product_cat?post=7139"},{"taxonomy":"product_tag","embeddable":true,"href":"https:\/\/libreriahistoriasdebolsillo.com\/index.php\/wp-json\/wp\/v2\/product_tag?post=7139"}],"curies":[{"name":"wp","href":"https:\/\/api.w.org\/{rel}","templated":true}]}}