{"id":7141,"date":"2025-07-22T16:41:36","date_gmt":"2025-07-22T22:41:36","guid":{"rendered":"https:\/\/libreriahistoriasdebolsillo.com\/?post_type=product&#038;p=7141"},"modified":"2025-11-21T13:10:32","modified_gmt":"2025-11-21T19:10:32","slug":"al-faro","status":"publish","type":"product","link":"https:\/\/libreriahistoriasdebolsillo.com\/index.php\/producto\/al-faro\/","title":{"rendered":"Al faro"},"content":{"rendered":"<div class=\"justify\">\n<p><b>Una de las obras m\u00e1s autobiogr\u00e1ficas de Virginia Woolf.<\/b><\/p>\n<p>&nbsp;<\/p>\n<\/div>\n<div class=\"justify\">\n<p><i>Al faro<\/i>\u00a0es una de las obras cumbre de la literatura del siglo XX. Basada en la propia infancia de la autora, la novela cuenta la historia de la familia Ramsay en la isla escocesa de Skye en el per\u00edodo de entreguerras. El rumor del mar, la presencia insomne del faro, la guerra, la muerte, el erotismo o el transcurso del tiempo se entreveran en la larga conversaci\u00f3n de la novela formando un oleaje de s\u00edmbolos, palabras e im\u00e1genes.<\/p>\n<\/div>\n","protected":false},"excerpt":{"rendered":"<p>Virginia Woolf<br \/>\n256 p\u00e1ginas<\/p>\n","protected":false},"featured_media":7142,"template":"","meta":{"_joinchat":[]},"product_brand":[],"product_cat":[42],"product_tag":[34],"class_list":{"0":"post-7141","1":"product","2":"type-product","3":"status-publish","4":"has-post-thumbnail","6":"product_cat-literatura-clasica","7":"product_tag-penguin-random-house","9":"first","10":"outofstock","11":"shipping-taxable","12":"purchasable","13":"product-type-simple"},"_links":{"self":[{"href":"https:\/\/libreriahistoriasdebolsillo.com\/index.php\/wp-json\/wp\/v2\/product\/7141","targetHints":{"allow":["GET"]}}],"collection":[{"href":"https:\/\/libreriahistoriasdebolsillo.com\/index.php\/wp-json\/wp\/v2\/product"}],"about":[{"href":"https:\/\/libreriahistoriasdebolsillo.com\/index.php\/wp-json\/wp\/v2\/types\/product"}],"wp:featuredmedia":[{"embeddable":true,"href":"https:\/\/libreriahistoriasdebolsillo.com\/index.php\/wp-json\/wp\/v2\/media\/7142"}],"wp:attachment":[{"href":"https:\/\/libreriahistoriasdebolsillo.com\/index.php\/wp-json\/wp\/v2\/media?parent=7141"}],"wp:term":[{"taxonomy":"product_brand","embeddable":true,"href":"https:\/\/libreriahistoriasdebolsillo.com\/index.php\/wp-json\/wp\/v2\/product_brand?post=7141"},{"taxonomy":"product_cat","embeddable":true,"href":"https:\/\/libreriahistoriasdebolsillo.com\/index.php\/wp-json\/wp\/v2\/product_cat?post=7141"},{"taxonomy":"product_tag","embeddable":true,"href":"https:\/\/libreriahistoriasdebolsillo.com\/index.php\/wp-json\/wp\/v2\/product_tag?post=7141"}],"curies":[{"name":"wp","href":"https:\/\/api.w.org\/{rel}","templated":true}]}}