{"id":7143,"date":"2025-07-22T16:44:06","date_gmt":"2025-07-22T22:44:06","guid":{"rendered":"https:\/\/libreriahistoriasdebolsillo.com\/?post_type=product&#038;p=7143"},"modified":"2026-03-10T12:43:43","modified_gmt":"2026-03-10T18:43:43","slug":"diosas","status":"publish","type":"product","link":"https:\/\/libreriahistoriasdebolsillo.com\/index.php\/producto\/diosas\/","title":{"rendered":"Diosas"},"content":{"rendered":"<div class=\"justify\">\n<p><b>La mitolog\u00eda como nunca te la hab\u00edan contado, a trav\u00e9s de las voces de sus protagonistas.<\/b><\/p>\n<\/div>\n<div class=\"justify\">\n<p><b>\u00abMi nombre es Gea, nac\u00ed despu\u00e9s de Caos y antes de Eros, el m\u00e1s bello de entre todos los dioses inmortales; en lo m\u00e1s profundo de m\u00ed vive el sombr\u00edo T\u00e1rtaro.<\/b><\/p>\n<p><b>Soy la Madre Tierra y hoy vengo a contaros el origen del mundo\u00bb.<\/b><\/p>\n<p>Los mitos nos construyen, nos ense\u00f1an, nos conmueven, nos aconsejan. Nos dan esa explicaci\u00f3n que, a pesar de los siglos que han pasado desde su creaci\u00f3n, todav\u00eda cobra sentido en la actualidad. La divulgadora Cristina Garciamart\u00edn -tambi\u00e9n conocida como Nik\u00e9 de Samotracia- da vida a diosas, nereidas, ninfas o mortales como Gea, Hera, Pandora, Pirra, Anf\u00edtrite, \u00cdo\u2026 Estas mujeres nos contar\u00e1n en primera persona algunos de los mitos m\u00e1s importantes de la cultura occidental.<\/p>\n<p><b>\u00bfC\u00f3mo naci\u00f3 el mundo? \u00bfQui\u00e9nes fueron los creadores del mar, la tierra y los primeros seres humanos? \u00bfPor qu\u00e9 los mitos griegos todav\u00eda hoy son necesarios para nuestra existencia?<\/b><\/p>\n<p>A trav\u00e9s de esas voces rutilantes, acompa\u00f1adas de esquemas geneal\u00f3gicos y maravillosas obras de arte que representan los mitos, este libro eminentemente did\u00e1ctico nos permite adentrarnos en la mitolog\u00eda griega y conocer de primera mano a sus destacadas protagonistas.<\/p>\n<p><b>Bienvenido al Olimpo y que las diosas te acompa\u00f1en.<\/b><\/p>\n<\/div>\n","protected":false},"excerpt":{"rendered":"<p>Nik\u00e9 de Samotracia<\/p>\n<p>256 p\u00e1ginas<\/p>\n","protected":false},"featured_media":7144,"template":"","meta":{"_joinchat":[]},"product_brand":[],"product_cat":[75,41,70],"product_tag":[34],"class_list":{"0":"post-7143","1":"product","2":"type-product","3":"status-publish","4":"has-post-thumbnail","6":"product_cat-mitologia","7":"product_cat-desarrollo-humano","8":"product_cat-novedades","9":"product_tag-penguin-random-house","11":"first","12":"outofstock","13":"shipping-taxable","14":"purchasable","15":"product-type-simple"},"_links":{"self":[{"href":"https:\/\/libreriahistoriasdebolsillo.com\/index.php\/wp-json\/wp\/v2\/product\/7143","targetHints":{"allow":["GET"]}}],"collection":[{"href":"https:\/\/libreriahistoriasdebolsillo.com\/index.php\/wp-json\/wp\/v2\/product"}],"about":[{"href":"https:\/\/libreriahistoriasdebolsillo.com\/index.php\/wp-json\/wp\/v2\/types\/product"}],"wp:featuredmedia":[{"embeddable":true,"href":"https:\/\/libreriahistoriasdebolsillo.com\/index.php\/wp-json\/wp\/v2\/media\/7144"}],"wp:attachment":[{"href":"https:\/\/libreriahistoriasdebolsillo.com\/index.php\/wp-json\/wp\/v2\/media?parent=7143"}],"wp:term":[{"taxonomy":"product_brand","embeddable":true,"href":"https:\/\/libreriahistoriasdebolsillo.com\/index.php\/wp-json\/wp\/v2\/product_brand?post=7143"},{"taxonomy":"product_cat","embeddable":true,"href":"https:\/\/libreriahistoriasdebolsillo.com\/index.php\/wp-json\/wp\/v2\/product_cat?post=7143"},{"taxonomy":"product_tag","embeddable":true,"href":"https:\/\/libreriahistoriasdebolsillo.com\/index.php\/wp-json\/wp\/v2\/product_tag?post=7143"}],"curies":[{"name":"wp","href":"https:\/\/api.w.org\/{rel}","templated":true}]}}