{"id":7147,"date":"2025-07-22T16:48:50","date_gmt":"2025-07-22T22:48:50","guid":{"rendered":"https:\/\/libreriahistoriasdebolsillo.com\/?post_type=product&#038;p=7147"},"modified":"2026-03-10T15:35:31","modified_gmt":"2026-03-10T21:35:31","slug":"los-secretos-de-heap-house","status":"publish","type":"product","link":"https:\/\/libreriahistoriasdebolsillo.com\/index.php\/producto\/los-secretos-de-heap-house\/","title":{"rendered":"Los secretos de Heap House"},"content":{"rendered":"<div class=\"justify\">\n<p><b>Los Iremonger son una familia peculiar.<\/b><\/p>\n<\/div>\n<div class=\"justify\">\n<p>Durante generaciones han permanecido en HEAP HOUSE, su laber\u00edntica mansi\u00f3n, donde las jerarqu\u00edas y los matrimonios vienen impuestos. En las plantas superiores vive la familia; en las inferiores, el servicio. Rodean la mansi\u00f3n los C\u00daMULOS: montones de basura proveniente de todo Londres que se extienden hasta donde alcanza la vista.<\/p>\n<p>Todos los miembros de la familia perpet\u00faan una tradici\u00f3n, la de vivir ligados a un OBJETO DE NACIMIENTO que deben proteger con su vida. Los objetos parecen susurrar algo, pero solo Clod Iremonger, el ESCUCHADOR, es capaz de o\u00edrlos.<\/p>\n<p>La llegada de Lucy Pennant, nueva sirvienta de la mansi\u00f3n, lo cambiar\u00e1 todo. Porque en el horizonte de Heap House se adivina una gran tempestad. Y los secretos de la familia Iremonger est\u00e1n a punto de saltar por los aires para siempre.<\/p>\n<\/div>\n","protected":false},"excerpt":{"rendered":"<p>Edward Carey<br \/>\n384 p\u00e1ginas<\/p>\n","protected":false},"featured_media":7148,"template":"","meta":{"_joinchat":[]},"product_brand":[],"product_cat":[37,70,51],"product_tag":[34],"class_list":{"0":"post-7147","1":"product","2":"type-product","3":"status-publish","4":"has-post-thumbnail","6":"product_cat-misterio-y-thriller","7":"product_cat-novedades","8":"product_cat-oferta","9":"product_tag-penguin-random-house","11":"first","12":"outofstock","13":"sale","14":"shipping-taxable","15":"purchasable","16":"product-type-simple"},"_links":{"self":[{"href":"https:\/\/libreriahistoriasdebolsillo.com\/index.php\/wp-json\/wp\/v2\/product\/7147","targetHints":{"allow":["GET"]}}],"collection":[{"href":"https:\/\/libreriahistoriasdebolsillo.com\/index.php\/wp-json\/wp\/v2\/product"}],"about":[{"href":"https:\/\/libreriahistoriasdebolsillo.com\/index.php\/wp-json\/wp\/v2\/types\/product"}],"wp:featuredmedia":[{"embeddable":true,"href":"https:\/\/libreriahistoriasdebolsillo.com\/index.php\/wp-json\/wp\/v2\/media\/7148"}],"wp:attachment":[{"href":"https:\/\/libreriahistoriasdebolsillo.com\/index.php\/wp-json\/wp\/v2\/media?parent=7147"}],"wp:term":[{"taxonomy":"product_brand","embeddable":true,"href":"https:\/\/libreriahistoriasdebolsillo.com\/index.php\/wp-json\/wp\/v2\/product_brand?post=7147"},{"taxonomy":"product_cat","embeddable":true,"href":"https:\/\/libreriahistoriasdebolsillo.com\/index.php\/wp-json\/wp\/v2\/product_cat?post=7147"},{"taxonomy":"product_tag","embeddable":true,"href":"https:\/\/libreriahistoriasdebolsillo.com\/index.php\/wp-json\/wp\/v2\/product_tag?post=7147"}],"curies":[{"name":"wp","href":"https:\/\/api.w.org\/{rel}","templated":true}]}}