{"id":7151,"date":"2025-07-22T16:53:20","date_gmt":"2025-07-22T22:53:20","guid":{"rendered":"https:\/\/libreriahistoriasdebolsillo.com\/?post_type=product&#038;p=7151"},"modified":"2025-11-21T13:07:39","modified_gmt":"2025-11-21T19:07:39","slug":"cancion-de-hielo-y-fuego-3-tormenta-de-espadas-tapa-dura","status":"publish","type":"product","link":"https:\/\/libreriahistoriasdebolsillo.com\/index.php\/producto\/cancion-de-hielo-y-fuego-3-tormenta-de-espadas-tapa-dura\/","title":{"rendered":"Canci\u00f3n de hielo y fuego 3. Tormenta de espadas (Tapa dura)"},"content":{"rendered":"<div class=\"justify\">\n<p><b>SE ACERCA EL INVIERNO,<\/b>\u00a0<b>ANUNCIABA EL LEMA DE LOS<\/b>\u00a0<b>STARK, Y SIN DUDA HAB\u00cdA CA\u00cdDO<\/b>\u00a0<b>CON CRUELDAD SOBRE ELLOS.<\/b><\/p>\n<\/div>\n<div class=\"justify\">\n<p>El\u00a0<b>juego de alianzas<\/b>, traiciones y enga\u00f1os para hacerse con el Trono de Hierro se vuelve m\u00e1s despiadado tras la muerte del joven rey\u00a0<b>Renly<\/b>\u00a0<b>Baratheon<\/b>. Aunque la ambici\u00f3n de los que se disputan la victoria no conoce l\u00edmites, la amenaza m\u00e1s terrible acecha tanto a los\u00a0<b>cuatro<\/b>\u00a0<b>reyes<\/b>\u00a0como a un\u00a0<b>Poniente devastado<\/b>\u00a0por el conflicto. Desde el lejano norte, una\u00a0<b>horda de b\u00e1rbaros<\/b>\u00a0y gigantes se cierne lentamente sobre los Siete Reinos. Sin embargo, junto al pueblo libre se aproxima un enemigo incluso m\u00e1s estremecedor: los Otros, unos guerreros sobrenaturales que no temen a la muerte porque la conocen muy bien.\u00a0<b>La Guardia de la Noche<\/b>, minada y debilitada, tiene los d\u00edas contados. Su \u00faltima esperanza recae sobre los hombros de\u00a0<b>Jon Nieve<\/b>, bastardo de\u00a0<b>Invernalia<\/b>. Puede que el resultado de la guerra por el poder supremo a\u00fan est\u00e9 por decidirse&#8230;<\/p>\n<\/div>\n","protected":false},"excerpt":{"rendered":"<p>George R.R. Martin<br \/>\n1146 p\u00e1ginas<\/p>\n","protected":false},"featured_media":7152,"template":"","meta":{"_joinchat":[]},"product_brand":[],"product_cat":[39,70],"product_tag":[34],"class_list":{"0":"post-7151","1":"product","2":"type-product","3":"status-publish","4":"has-post-thumbnail","6":"product_cat-fantasia","7":"product_cat-novedades","8":"product_tag-penguin-random-house","10":"first","11":"outofstock","12":"shipping-taxable","13":"purchasable","14":"product-type-simple"},"_links":{"self":[{"href":"https:\/\/libreriahistoriasdebolsillo.com\/index.php\/wp-json\/wp\/v2\/product\/7151","targetHints":{"allow":["GET"]}}],"collection":[{"href":"https:\/\/libreriahistoriasdebolsillo.com\/index.php\/wp-json\/wp\/v2\/product"}],"about":[{"href":"https:\/\/libreriahistoriasdebolsillo.com\/index.php\/wp-json\/wp\/v2\/types\/product"}],"wp:featuredmedia":[{"embeddable":true,"href":"https:\/\/libreriahistoriasdebolsillo.com\/index.php\/wp-json\/wp\/v2\/media\/7152"}],"wp:attachment":[{"href":"https:\/\/libreriahistoriasdebolsillo.com\/index.php\/wp-json\/wp\/v2\/media?parent=7151"}],"wp:term":[{"taxonomy":"product_brand","embeddable":true,"href":"https:\/\/libreriahistoriasdebolsillo.com\/index.php\/wp-json\/wp\/v2\/product_brand?post=7151"},{"taxonomy":"product_cat","embeddable":true,"href":"https:\/\/libreriahistoriasdebolsillo.com\/index.php\/wp-json\/wp\/v2\/product_cat?post=7151"},{"taxonomy":"product_tag","embeddable":true,"href":"https:\/\/libreriahistoriasdebolsillo.com\/index.php\/wp-json\/wp\/v2\/product_tag?post=7151"}],"curies":[{"name":"wp","href":"https:\/\/api.w.org\/{rel}","templated":true}]}}