{"id":7157,"date":"2025-07-22T17:01:28","date_gmt":"2025-07-22T23:01:28","guid":{"rendered":"https:\/\/libreriahistoriasdebolsillo.com\/?post_type=product&#038;p=7157"},"modified":"2025-11-21T13:09:12","modified_gmt":"2025-11-21T19:09:12","slug":"universo-magnolia-parks-5-hacia-la-oscuridad","status":"publish","type":"product","link":"https:\/\/libreriahistoriasdebolsillo.com\/index.php\/producto\/universo-magnolia-parks-5-hacia-la-oscuridad\/","title":{"rendered":"Universo Magnolia Parks 5. Hacia la oscuridad"},"content":{"rendered":"<div class=\"justify\">\n<p><b>Todo el mundo sabe que Magnolia Parks<\/b>\u00a0<b>y BJ<\/b>\u00a0<b>Ballentine<\/b><b>\u00a0est\u00e1n destinados el uno<\/b>\u00a0<b>al otro, pero \u00bfes eso suficiente?<\/b><\/p>\n<\/div>\n<div class=\"justify\">\n<p>Recuper\u00e1ndose a\u00fan de una\u00a0<b>p\u00e9rdida catastr\u00f3fica<\/b>, Magnolia Parks vuelve a encontrarse en una vida lejos de ser ideal. La persona que manten\u00eda unida a su\u00a0<b>familia ya no est\u00e1<\/b>\u00a0y, mientras planea la que se conoce como \u00abla boda del siglo\u00bb con su prometido\u00a0<b>BJ<\/b>\u00a0<b>Ballentine<\/b>, los secretos aparecen por todos lados.<\/p>\n<p>Las cosas tampoco son f\u00e1ciles para BJ. Desesperado por demostrar que ya no es la persona que hiri\u00f3 a\u00a0<b>Magnolia<\/b>\u00a0a\u00f1os atr\u00e1s, se desvive por conseguir que su relaci\u00f3n sea un lugar seguro. Pero, entre secretos y pasados que\u00a0<b>vuelven a aparecer<\/b>, no est\u00e1 siendo un camino de rosas.<\/p>\n<p><b>Magnolia y BJ deber\u00e1n enfrentarse a la verdad de una vez<\/b>\u00a0<b>por todas. \u00bfPodr\u00e1n aprender a confiar el uno en el otro?<\/b>\u00a0<b>\u00bfO morir\u00e1n en el intento?<\/b><\/p>\n<\/div>\n","protected":false},"excerpt":{"rendered":"<p>Jessa Hastings<br \/>\n800 p\u00e1ginas<\/p>\n","protected":false},"featured_media":7158,"template":"","meta":{"_joinchat":[]},"product_brand":[],"product_cat":[52,70],"product_tag":[34],"class_list":{"0":"post-7157","1":"product","2":"type-product","3":"status-publish","4":"has-post-thumbnail","6":"product_cat-juvenil","7":"product_cat-novedades","8":"product_tag-penguin-random-house","10":"first","11":"outofstock","12":"shipping-taxable","13":"purchasable","14":"product-type-simple"},"_links":{"self":[{"href":"https:\/\/libreriahistoriasdebolsillo.com\/index.php\/wp-json\/wp\/v2\/product\/7157","targetHints":{"allow":["GET"]}}],"collection":[{"href":"https:\/\/libreriahistoriasdebolsillo.com\/index.php\/wp-json\/wp\/v2\/product"}],"about":[{"href":"https:\/\/libreriahistoriasdebolsillo.com\/index.php\/wp-json\/wp\/v2\/types\/product"}],"wp:featuredmedia":[{"embeddable":true,"href":"https:\/\/libreriahistoriasdebolsillo.com\/index.php\/wp-json\/wp\/v2\/media\/7158"}],"wp:attachment":[{"href":"https:\/\/libreriahistoriasdebolsillo.com\/index.php\/wp-json\/wp\/v2\/media?parent=7157"}],"wp:term":[{"taxonomy":"product_brand","embeddable":true,"href":"https:\/\/libreriahistoriasdebolsillo.com\/index.php\/wp-json\/wp\/v2\/product_brand?post=7157"},{"taxonomy":"product_cat","embeddable":true,"href":"https:\/\/libreriahistoriasdebolsillo.com\/index.php\/wp-json\/wp\/v2\/product_cat?post=7157"},{"taxonomy":"product_tag","embeddable":true,"href":"https:\/\/libreriahistoriasdebolsillo.com\/index.php\/wp-json\/wp\/v2\/product_tag?post=7157"}],"curies":[{"name":"wp","href":"https:\/\/api.w.org\/{rel}","templated":true}]}}