{"id":7159,"date":"2025-07-22T17:04:01","date_gmt":"2025-07-22T23:04:01","guid":{"rendered":"https:\/\/libreriahistoriasdebolsillo.com\/?post_type=product&#038;p=7159"},"modified":"2026-04-30T16:47:05","modified_gmt":"2026-04-30T22:47:05","slug":"la-empleada-2-5-la-boda-de-la-empleada-domestica","status":"publish","type":"product","link":"https:\/\/libreriahistoriasdebolsillo.com\/index.php\/producto\/la-empleada-2-5-la-boda-de-la-empleada-domestica\/","title":{"rendered":"La empleada 2.5 La boda de la empleada dom\u00e9stica"},"content":{"rendered":"<div class=\"justify\">\n<p><b>Un trepidante relato que completa la serie<\/b>\u00a0<b>best<\/b>\u00a0<b>seller<\/b>\u00a0<i><b>La<\/b><\/i>\u00a0<i><b>empleada dom\u00e9stica<\/b><\/i><b>. Para los lectores que se quedaron con ganas de saber m\u00e1s sobre la historia de Millie y Enzo, llega una emocionante sorpresa&#8230;<\/b><\/p>\n<\/div>\n<div class=\"justify\">\n<p>Hoy deber\u00eda ser el d\u00eda\u00a0<b>m\u00e1s feliz<\/b>\u00a0de mi vida.<\/p>\n<p>Estoy comprometida con\u00a0<b>el hombre de mis sue\u00f1os<\/b>\u00a0y, en unas pocas horas, vamos a vernos delante de un juez que nos declarar\u00e1\u00a0<b>marido y mujer<\/b>\u00a0hasta que la\u00a0<b>muerte<\/b>\u00a0nos separe. Pese a que el camino no ha sido f\u00e1cil, este d\u00eda es todo lo que siempre he so\u00f1ado.<\/p>\n<p>Solo hay\u00a0<b>un problema<\/b>.<\/p>\n<p>All\u00e1 afuera hay\u00a0<b>alguien<\/b>\u00a0que desea que no viva lo suficiente para dar el \u00abs\u00ed, acepto\u00bb.<\/p>\n<p><b>Y, SI NO TENGO CUIDADO,<\/b>\u00a0<b>PODR\u00cdA SALIRSE CON LA SUYA.<\/b><\/p>\n<\/div>\n","protected":false},"excerpt":{"rendered":"<p>Freida McFadden<br \/>\n96 p\u00e1ginas<\/p>\n","protected":false},"featured_media":7160,"template":"","meta":{"_joinchat":[]},"product_brand":[],"product_cat":[37,70],"product_tag":[34],"class_list":{"0":"post-7159","1":"product","2":"type-product","3":"status-publish","4":"has-post-thumbnail","6":"product_cat-misterio-y-thriller","7":"product_cat-novedades","8":"product_tag-penguin-random-house","10":"first","11":"instock","12":"shipping-taxable","13":"purchasable","14":"product-type-simple"},"_links":{"self":[{"href":"https:\/\/libreriahistoriasdebolsillo.com\/index.php\/wp-json\/wp\/v2\/product\/7159","targetHints":{"allow":["GET"]}}],"collection":[{"href":"https:\/\/libreriahistoriasdebolsillo.com\/index.php\/wp-json\/wp\/v2\/product"}],"about":[{"href":"https:\/\/libreriahistoriasdebolsillo.com\/index.php\/wp-json\/wp\/v2\/types\/product"}],"wp:featuredmedia":[{"embeddable":true,"href":"https:\/\/libreriahistoriasdebolsillo.com\/index.php\/wp-json\/wp\/v2\/media\/7160"}],"wp:attachment":[{"href":"https:\/\/libreriahistoriasdebolsillo.com\/index.php\/wp-json\/wp\/v2\/media?parent=7159"}],"wp:term":[{"taxonomy":"product_brand","embeddable":true,"href":"https:\/\/libreriahistoriasdebolsillo.com\/index.php\/wp-json\/wp\/v2\/product_brand?post=7159"},{"taxonomy":"product_cat","embeddable":true,"href":"https:\/\/libreriahistoriasdebolsillo.com\/index.php\/wp-json\/wp\/v2\/product_cat?post=7159"},{"taxonomy":"product_tag","embeddable":true,"href":"https:\/\/libreriahistoriasdebolsillo.com\/index.php\/wp-json\/wp\/v2\/product_tag?post=7159"}],"curies":[{"name":"wp","href":"https:\/\/api.w.org\/{rel}","templated":true}]}}