{"id":716,"date":"2023-11-20T15:52:56","date_gmt":"2023-11-20T21:52:56","guid":{"rendered":"https:\/\/libreriahistoriasdebolsillo.com\/?post_type=product&#038;p=716"},"modified":"2024-03-19T13:17:20","modified_gmt":"2024-03-19T19:17:20","slug":"karma-al-instante","status":"publish","type":"product","link":"https:\/\/libreriahistoriasdebolsillo.com\/index.php\/producto\/karma-al-instante\/","title":{"rendered":"Karma al instante"},"content":{"rendered":"<p>Prudence es Prudence. Est\u00e1 segura de que nadie puede hacer nada en el mundo mejor que ella. Especialmente el flojo e irresponsable de su compa\u00f1ero de biolog\u00eda: Quint. Y el universo parece estar de acuerdo con ella, porque luego de un hilarante accidente despierta con la capacidad de provocar karma al instante a las personas y comienza a castigar toda mala acci\u00f3n a su alrededor: de actos de vandalismo a chismes maliciosos. Todos reciben su merecido. Todos excepto Quint. Que parece ser inmune a sus poderes. \u00a1\u00bfQu\u00e9 tipo de broma c\u00f3smica es esa?! Cuando prudence comience a trabajar durante el verano en el centro de rescate de animales marinos de su ciudad, descubrir\u00e1 que quiz\u00e1 Quint no es el tonto irresponsable que cre\u00eda, sino que alguien incre\u00edblemente noble y bastante lindo. Y tambi\u00e9n deber\u00e1 aprender una lecci\u00f3n: existe una delgada l\u00ednea entre la generosidad y la codicia, la virtud y la vanidad, el amor, el odio y el destino.<\/p>\n","protected":false},"excerpt":{"rendered":"<p>Marissa Meyer<\/p>\n","protected":false},"featured_media":717,"template":"","meta":{"_joinchat":[]},"product_brand":[],"product_cat":[52,35],"product_tag":[48],"class_list":{"0":"post-716","1":"product","2":"type-product","3":"status-publish","4":"has-post-thumbnail","6":"product_cat-juvenil","7":"product_cat-romantica","8":"product_tag-vr-editoras","10":"first","11":"instock","12":"shipping-taxable","13":"purchasable","14":"product-type-simple"},"_links":{"self":[{"href":"https:\/\/libreriahistoriasdebolsillo.com\/index.php\/wp-json\/wp\/v2\/product\/716","targetHints":{"allow":["GET"]}}],"collection":[{"href":"https:\/\/libreriahistoriasdebolsillo.com\/index.php\/wp-json\/wp\/v2\/product"}],"about":[{"href":"https:\/\/libreriahistoriasdebolsillo.com\/index.php\/wp-json\/wp\/v2\/types\/product"}],"wp:featuredmedia":[{"embeddable":true,"href":"https:\/\/libreriahistoriasdebolsillo.com\/index.php\/wp-json\/wp\/v2\/media\/717"}],"wp:attachment":[{"href":"https:\/\/libreriahistoriasdebolsillo.com\/index.php\/wp-json\/wp\/v2\/media?parent=716"}],"wp:term":[{"taxonomy":"product_brand","embeddable":true,"href":"https:\/\/libreriahistoriasdebolsillo.com\/index.php\/wp-json\/wp\/v2\/product_brand?post=716"},{"taxonomy":"product_cat","embeddable":true,"href":"https:\/\/libreriahistoriasdebolsillo.com\/index.php\/wp-json\/wp\/v2\/product_cat?post=716"},{"taxonomy":"product_tag","embeddable":true,"href":"https:\/\/libreriahistoriasdebolsillo.com\/index.php\/wp-json\/wp\/v2\/product_tag?post=716"}],"curies":[{"name":"wp","href":"https:\/\/api.w.org\/{rel}","templated":true}]}}