{"id":7163,"date":"2025-07-22T17:10:35","date_gmt":"2025-07-22T23:10:35","guid":{"rendered":"https:\/\/libreriahistoriasdebolsillo.com\/?post_type=product&#038;p=7163"},"modified":"2025-08-08T17:13:45","modified_gmt":"2025-08-08T23:13:45","slug":"elige-tu-propia-aventura-terror-en-el-titanic","status":"publish","type":"product","link":"https:\/\/libreriahistoriasdebolsillo.com\/index.php\/producto\/elige-tu-propia-aventura-terror-en-el-titanic\/","title":{"rendered":"Elige tu propia aventura. Terror en el Titanic"},"content":{"rendered":"<div class=\"justify\">\n<p><b>\u00a1CUIDADO! Este libro es diferente a los dem\u00e1s.<\/b><\/p>\n<p><b>Lo que ocurra en esta historia est\u00e1 SOLO en tus manos.<\/b><\/p>\n<\/div>\n<div class=\"justify\">\n<p><b>Esta es tu misi\u00f3n<\/b>: es el a\u00f1o 1912 y viajas en el Titanic, el famoso transatl\u00e1ntico que se hundi\u00f3 tras chocar con un iceberg. Si no quieres que este viaje acabe tambi\u00e9n en las heladas aguas del Atl\u00e1ntico Norte, deber\u00e1s tener mucho cuidado y hacer uso de todo tu ingenio.<\/p>\n<p><b>La serie infantil m\u00e1s famosa de la historia regresa con un nuevo formato.<\/b><\/p>\n<p><b>\u00bfSabes por qu\u00e9 triunfa all\u00e1 d\u00f3nde va?<\/b><\/p>\n<p>-Historias interactivas en las que el lector decide c\u00f3mo avanza la trama.<\/p>\n<p>-El lector deber\u00e1 tomar todo tipo de decisiones que le ayudar\u00e1n a desarrollar sus habilidades l\u00f3gicas y de razonamiento.<\/p>\n<p>-Narraciones trepidantes que enganchar\u00e1n a las ni\u00f1as y a los ni\u00f1os.<\/p>\n<p>-Repleto de fant\u00e1sticas ilustraciones que acompa\u00f1an al texto.<\/p>\n<p>-Novelas con todo tipo de tem\u00e1ticas para enganchar a todo tipo de lectores: historias submarinas, espaciales, fant\u00e1sticas, hist\u00f3ricas \u00a1y siempre cargadas de aventuras!<\/p>\n<\/div>\n","protected":false},"excerpt":{"rendered":"<p>Jim Wallace<br \/>\n128 p\u00e1ginas<\/p>\n","protected":false},"featured_media":7164,"template":"","meta":{"_joinchat":[]},"product_brand":[],"product_cat":[52,37],"product_tag":[34],"class_list":{"0":"post-7163","1":"product","2":"type-product","3":"status-publish","4":"has-post-thumbnail","6":"product_cat-juvenil","7":"product_cat-misterio-y-thriller","8":"product_tag-penguin-random-house","10":"first","11":"outofstock","12":"shipping-taxable","13":"purchasable","14":"product-type-simple"},"_links":{"self":[{"href":"https:\/\/libreriahistoriasdebolsillo.com\/index.php\/wp-json\/wp\/v2\/product\/7163","targetHints":{"allow":["GET"]}}],"collection":[{"href":"https:\/\/libreriahistoriasdebolsillo.com\/index.php\/wp-json\/wp\/v2\/product"}],"about":[{"href":"https:\/\/libreriahistoriasdebolsillo.com\/index.php\/wp-json\/wp\/v2\/types\/product"}],"wp:featuredmedia":[{"embeddable":true,"href":"https:\/\/libreriahistoriasdebolsillo.com\/index.php\/wp-json\/wp\/v2\/media\/7164"}],"wp:attachment":[{"href":"https:\/\/libreriahistoriasdebolsillo.com\/index.php\/wp-json\/wp\/v2\/media?parent=7163"}],"wp:term":[{"taxonomy":"product_brand","embeddable":true,"href":"https:\/\/libreriahistoriasdebolsillo.com\/index.php\/wp-json\/wp\/v2\/product_brand?post=7163"},{"taxonomy":"product_cat","embeddable":true,"href":"https:\/\/libreriahistoriasdebolsillo.com\/index.php\/wp-json\/wp\/v2\/product_cat?post=7163"},{"taxonomy":"product_tag","embeddable":true,"href":"https:\/\/libreriahistoriasdebolsillo.com\/index.php\/wp-json\/wp\/v2\/product_tag?post=7163"}],"curies":[{"name":"wp","href":"https:\/\/api.w.org\/{rel}","templated":true}]}}