{"id":7165,"date":"2025-07-22T17:13:10","date_gmt":"2025-07-22T23:13:10","guid":{"rendered":"https:\/\/libreriahistoriasdebolsillo.com\/?post_type=product&#038;p=7165"},"modified":"2025-11-21T13:08:15","modified_gmt":"2025-11-21T19:08:15","slug":"una-chica-en-londres","status":"publish","type":"product","link":"https:\/\/libreriahistoriasdebolsillo.com\/index.php\/producto\/una-chica-en-londres\/","title":{"rendered":"Una chica en Londres"},"content":{"rendered":"<div class=\"justify\">\n<p><b>Llega una nueva novela de la autora best-seller del\u00a0<i>The New York Times<\/i>\u00a0Elle Kennedy.<\/b><\/p>\n<\/div>\n<div class=\"justify\">\n<p><b>Un a\u00f1o en Londres. \u00bfLista para romper todas las reglas?<\/b><\/p>\n<p>Abbey Bly se va a estudiar a Londres durante un a\u00f1o: la oportunidad perfecta para escapar de su padre, una vieja estrella del rock, muy cari\u00f1oso pero algo sobreprotector. Abbey est\u00e1 preparada para ser libre y descubrirse a s\u00ed misma. Pero, cuando llega a su nuevo piso, se encuentra con que sus compa\u00f1eros no son las chicas encantadoras que ten\u00eda en mente, si no una panda de chicos carism\u00e1ticos, divertidos e injustamente atractivos. Sobre todo, porque tienen una regla: no liarse entre compa\u00f1eros de piso.<\/p>\n<p>Abbey, que nunca se vio como una rebelde, empieza a mentirle a su padre, se enamora de dos chicos a los que no puede tener y, para colmo, se ve enmara\u00f1ada en un esc\u00e1ndalo con una familia de alta sociedad.<\/p>\n<p>Si Abbey quiere encontrar el amor, respuestas o un futuro en Londres, tendr\u00e1 que decidir qu\u00e9 reglas y qu\u00e9 corazones merece la pena romper.<\/p>\n<p>Este libro es perfecto para fans de:<\/p>\n<p>*Novelas con clean romance<\/p>\n<p>*Comedias rom\u00e1nticas<\/p>\n<p>*Lynn Painter o Christina Lauren<\/p>\n<\/div>\n","protected":false},"excerpt":{"rendered":"<p>Elle Kennedy<br \/>\n480 p\u00e1ginas<\/p>\n","protected":false},"featured_media":7166,"template":"","meta":{"_joinchat":[]},"product_brand":[],"product_cat":[52,70,35],"product_tag":[34],"class_list":{"0":"post-7165","1":"product","2":"type-product","3":"status-publish","4":"has-post-thumbnail","6":"product_cat-juvenil","7":"product_cat-novedades","8":"product_cat-romantica","9":"product_tag-penguin-random-house","11":"first","12":"outofstock","13":"shipping-taxable","14":"purchasable","15":"product-type-simple"},"_links":{"self":[{"href":"https:\/\/libreriahistoriasdebolsillo.com\/index.php\/wp-json\/wp\/v2\/product\/7165","targetHints":{"allow":["GET"]}}],"collection":[{"href":"https:\/\/libreriahistoriasdebolsillo.com\/index.php\/wp-json\/wp\/v2\/product"}],"about":[{"href":"https:\/\/libreriahistoriasdebolsillo.com\/index.php\/wp-json\/wp\/v2\/types\/product"}],"wp:featuredmedia":[{"embeddable":true,"href":"https:\/\/libreriahistoriasdebolsillo.com\/index.php\/wp-json\/wp\/v2\/media\/7166"}],"wp:attachment":[{"href":"https:\/\/libreriahistoriasdebolsillo.com\/index.php\/wp-json\/wp\/v2\/media?parent=7165"}],"wp:term":[{"taxonomy":"product_brand","embeddable":true,"href":"https:\/\/libreriahistoriasdebolsillo.com\/index.php\/wp-json\/wp\/v2\/product_brand?post=7165"},{"taxonomy":"product_cat","embeddable":true,"href":"https:\/\/libreriahistoriasdebolsillo.com\/index.php\/wp-json\/wp\/v2\/product_cat?post=7165"},{"taxonomy":"product_tag","embeddable":true,"href":"https:\/\/libreriahistoriasdebolsillo.com\/index.php\/wp-json\/wp\/v2\/product_tag?post=7165"}],"curies":[{"name":"wp","href":"https:\/\/api.w.org\/{rel}","templated":true}]}}